{"id":18881,"date":"2020-02-29T16:46:10","date_gmt":"2020-02-29T15:46:10","guid":{"rendered":"https:\/\/shop4trac.com\/product\/cruz-de-transmision-23-8x61-3\/"},"modified":"2025-08-01T18:48:42","modified_gmt":"2025-08-01T16:48:42","slug":"cruz-de-transmision-23-8x61-3","status":"publish","type":"product","link":"https:\/\/shop4trac.com\/es\/embrague-transmision\/cruceta-es\/cruz-de-transmision-23-8x61-3\/","title":{"rendered":"Cruceta de cardan 23,8X61,3"},"content":{"rendered":"<p>Estas piezas transversales (juntas universales) est\u00e1n especialmente dise\u00f1adas para la revisi\u00f3n de ejes de transmisi\u00f3n, juntas universales, etc. Estas piezas en cruz son de alta calidad y a menudo est\u00e1n equipadas con una boquilla de engrase para prolongar su vida \u00fatil.<\/p>\n<p><strong>Dimensiones<\/strong><\/p>\n<p>23,8&#215;61,3mm<\/p>\n","protected":false},"excerpt":{"rendered":"<p>Estas piezas transversales (juntas universales) est\u00e1n especialmente dise\u00f1adas para la revisi\u00f3n de ejes de transmisi\u00f3n, juntas universales, etc. Estas piezas en cruz son de alta calidad y a menudo est\u00e1n equipadas con una boquilla de engrase para prolongar su vida \u00fatil. Dimensiones 23,8&#215;61,3mm<\/p>\n","protected":false},"featured_media":95595,"comment_status":"open","ping_status":"open","template":"","meta":[],"product_cat":[488],"product_tag":[3897],"class_list":{"0":"post-18881","1":"product","2":"type-product","3":"status-publish","4":"has-post-thumbnail","6":"product_cat-cruceta-es","7":"product_tag-snelparts-es","9":"first","10":"instock","11":"sale","12":"taxable","13":"shipping-taxable","14":"purchasable","15":"product-type-simple","16":"col-xs-6 col-sm-4","17":"col-md-3 col-lg-3","18":"un-4-cols"},"_links":{"self":[{"href":"https:\/\/shop4trac.com\/es\/wp-json\/wp\/v2\/product\/18881","targetHints":{"allow":["GET"]}}],"collection":[{"href":"https:\/\/shop4trac.com\/es\/wp-json\/wp\/v2\/product"}],"about":[{"href":"https:\/\/shop4trac.com\/es\/wp-json\/wp\/v2\/types\/product"}],"replies":[{"embeddable":true,"href":"https:\/\/shop4trac.com\/es\/wp-json\/wp\/v2\/comments?post=18881"}],"wp:featuredmedia":[{"embeddable":true,"href":"https:\/\/shop4trac.com\/es\/wp-json\/wp\/v2\/media\/95595"}],"wp:attachment":[{"href":"https:\/\/shop4trac.com\/es\/wp-json\/wp\/v2\/media?parent=18881"}],"wp:term":[{"taxonomy":"product_cat","embeddable":true,"href":"https:\/\/shop4trac.com\/es\/wp-json\/wp\/v2\/product_cat?post=18881"},{"taxonomy":"product_tag","embeddable":true,"href":"https:\/\/shop4trac.com\/es\/wp-json\/wp\/v2\/product_tag?post=18881"}],"curies":[{"name":"wp","href":"https:\/\/api.w.org\/{rel}","templated":true}]}}