{"id":18812,"date":"2020-02-29T16:47:12","date_gmt":"2020-02-29T15:47:12","guid":{"rendered":"https:\/\/shop4trac.com\/product\/eje-cardan-iseki-tu-landhope-18pk\/"},"modified":"2025-08-01T18:37:01","modified_gmt":"2025-08-01T16:37:01","slug":"eje-cardan-iseki-tu-landhope-18pk","status":"publish","type":"product","link":"https:\/\/shop4trac.com\/es\/embrague-transmision\/arbol-de-transmision-articulacion-cardan\/eje-cardan-iseki-tu-landhope-18pk\/","title":{"rendered":"Eje cardan Iseki TU Landhope &gt;18Pk"},"content":{"rendered":"<p>Eje intermedio card\u00e1n \/ junta universal adecuado para Iseki TU landhope&gt;18hp<\/p>\n<p>TU180, TU185, TU187, TU197, TU200, TU205,  , TU217, TU220, TU225,  TU237, TU240, TU245, TU247, TU257<\/p>\n<p>&nbsp;<\/p>\n<p>Longitud: 127mm<br \/>\nN\u00famero de estr\u00edas: 13pcs<br \/>\nDi\u00e1metro interior: 25mm<\/p>\n","protected":false},"excerpt":{"rendered":"<p>Eje intermedio card\u00e1n \/ junta universal adecuado para Iseki TU landhope&gt;18hp TU180, TU185, TU187, TU197, TU200, TU205, , TU217, TU220, TU225, TU237, TU240, TU245, TU247, TU257 &nbsp; Longitud: 127mm N\u00famero de estr\u00edas: 13pcs Di\u00e1metro interior: 25mm<\/p>\n","protected":false},"featured_media":52953,"comment_status":"open","ping_status":"closed","template":"","meta":[],"product_cat":[485],"product_tag":[3897],"class_list":{"0":"post-18812","1":"product","2":"type-product","3":"status-publish","4":"has-post-thumbnail","6":"product_cat-arbol-de-transmision-articulacion-cardan","7":"product_tag-snelparts-es","8":"pa_merk-iseki-es","10":"first","11":"instock","12":"sale","13":"taxable","14":"shipping-taxable","15":"purchasable","16":"product-type-simple","17":"col-xs-6 col-sm-4","18":"col-md-3 col-lg-3","19":"un-4-cols"},"_links":{"self":[{"href":"https:\/\/shop4trac.com\/es\/wp-json\/wp\/v2\/product\/18812","targetHints":{"allow":["GET"]}}],"collection":[{"href":"https:\/\/shop4trac.com\/es\/wp-json\/wp\/v2\/product"}],"about":[{"href":"https:\/\/shop4trac.com\/es\/wp-json\/wp\/v2\/types\/product"}],"replies":[{"embeddable":true,"href":"https:\/\/shop4trac.com\/es\/wp-json\/wp\/v2\/comments?post=18812"}],"wp:featuredmedia":[{"embeddable":true,"href":"https:\/\/shop4trac.com\/es\/wp-json\/wp\/v2\/media\/52953"}],"wp:attachment":[{"href":"https:\/\/shop4trac.com\/es\/wp-json\/wp\/v2\/media?parent=18812"}],"wp:term":[{"taxonomy":"product_cat","embeddable":true,"href":"https:\/\/shop4trac.com\/es\/wp-json\/wp\/v2\/product_cat?post=18812"},{"taxonomy":"product_tag","embeddable":true,"href":"https:\/\/shop4trac.com\/es\/wp-json\/wp\/v2\/product_tag?post=18812"}],"curies":[{"name":"wp","href":"https:\/\/api.w.org\/{rel}","templated":true}]}}