{"id":18753,"date":"2020-02-29T16:44:06","date_gmt":"2020-02-29T15:44:06","guid":{"rendered":"https:\/\/shop4trac.com\/product\/filtro-de-combustible-yanmar\/"},"modified":"2025-09-02T10:28:05","modified_gmt":"2025-09-02T08:28:05","slug":"filtro-de-combustible-yanmar","status":"publish","type":"product","link":"https:\/\/shop4trac.com\/es\/filtros\/filtros-de-combustible\/filtro-de-combustible-yanmar\/","title":{"rendered":"Filtro de combustible Yanmar AF | FX | f | GK | Kubota GT | GL | STV \u2013 Saturn"},"content":{"rendered":"<p>Filtro de combustible de <strong>calidad superior<\/strong> adecuado para los siguientes modelos<\/p>\n<p><u>Tama\u00f1os:<\/u><\/p>\n<p>Di\u00e1metro exterior: 35 mm<br \/>\n Di\u00e1metro interior: 11,2 mm<br \/>\n Longitud: 90 mm<\/p>\n<p><u>Adecuado para:<\/u><\/p>\n<p><strong>Kubota<\/strong><\/p>\n<div class=\"product attribute description\">\n<div class=\"short-description value\">\n<ul>\n<li>STV36, STV40<\/li>\n<li>T22<\/li>\n<li>Saturn X20, X24<\/li>\n<li>F2400, FZ2400, ST ALPHA-30, ST ALPHA-35, ST30 , ST341, ST371, ST401, STV32, STV36, STV40, STW34, STW37, STW40<\/li>\n<li>FZ2100, FZ2400<\/li>\n<li>GT19, GT21, GT23, GT25<\/li>\n<li>GL200, GL201, GL220, GL221, GL240, GL241, GL26, GL260, GL261, GL268, GL277, GL280, GL281, GL300, GL301<\/li>\n<li>GL320, GL321, GL337, GL338<\/li>\n<li>\n<p class=\"p1\">STW34D, STW40<\/p>\n<\/li>\n<\/ul>\n<\/div>\n<div class=\"oem-number\"><strong>John Deere<\/strong><\/div>\n<\/div>\n<div><\/div>\n<div>\n<ul>\n<li>855, 1026, 2305, 2320<\/li>\n<li>X495, X748, 4200<\/li>\n<\/ul>\n<\/div>\n<p><strong>Yanmar<\/strong><\/p>\n<ul>\n<li>YM1602, Y1702, YM1720, YM1802, YM1820, YM2002, YM2020, YM2202, YM2220, YM2402, YM2620, YM2820<\/li>\n<li>F18, F20, F22, F24, F26, F28, F32, F37, F42, F215, F235, F255<\/li>\n<li>FX18, FX20, FX22, FX24, FX26, FX32, FX38, FX42, FX215, FX235, FX255<\/li>\n<li>RS24, RS27, RS30, RS33, RS240, RS270, RS300, RS330<\/li>\n<li>GK160, GK200<\/li>\n<li>AF22, AF24, AF26, AF30, AF33, AF35, AF210, AF218, AF220, AF222, AF224, AF226, AF230, AF250, AF270, AF290, AF310, AF322, AF324, AF326, AF328, AF330, AF333, AF350<\/li>\n<li>L90, L100<\/li>\n<\/ul>\n<p><strong>La serie F de Yanmar se produce con el filtro de combustible de 35 mm y 55 mm. \u00a1Por favor, compruebe antes de realizar el pedido! <\/strong><\/p>\n<p><strong>Otras m\u00e1quinas<\/strong><\/p>\n<p class=\"p1\"><b>AIRMAN<\/b><b><\/b><\/p>\n<ul>\n<li class=\"p2\">AX08, AX08-2K, AX16-3, AX16-4, AX17 U-4, AX17 U-6, AX18-3, AX18-4, AX19 U-6, AX22-2, AX22 U-4, AX25-3, AX29 U, AX32 U, AX35, AX35-2, AX36 U, AX40 U, AX50 U, AX50 V, AX58 MU<\/li>\n<\/ul>\n<p class=\"p1\"><b>AMMANN<\/b><b><\/b><\/p>\n<ul>\n<li class=\"p2\">AMX 18-2, AMX 24-2, AMX 25, ARR 1575, ARX 12, ARX 16, ARX 16 C, ARX 16 K, ARX 20, AV 12-2, AV 12 E, AV 16, AV 16-2, AV 16-2 K, AV 20, AV 20-2<\/li>\n<\/ul>\n<p class=\"p1\"><b>ANTONIO CARRARO<\/b><b><\/b><\/p>\n<ul>\n<li class=\"p2\">RONDO K 333<\/li>\n<\/ul>\n<p class=\"p1\"><b>BOBCAT<\/b><b><\/b><\/p>\n<ul>\n<li class=\"p2\">100, 56<\/li>\n<\/ul>\n<p><strong>CATERPILLAR<\/strong><\/p>\n<ul>\n<li>300.9 D, 301.4 C, 302.7 D CR<\/li>\n<\/ul>\n<p><strong>DOOSAN DAEWOO<\/strong><\/p>\n<ul>\n<li>7\/25, SOLAR 007, SOLAR 010<\/li>\n<\/ul>\n<p><strong>HITACHI<\/strong><\/p>\n<ul>\n<li>EX35-2, EX40 U, EX50 U<\/li>\n<\/ul>\n<p><strong>KOBELCO<\/strong><\/p>\n<ul>\n<li>E16, E18 SR, E20 SR<\/li>\n<li>SK 008-1EV, SK 10 SR, SK 17 SR-3 E, SK 25 SR, SK 35 SR<\/li>\n<\/ul>\n<p><strong>GIANNI FERRARI<\/strong><\/p>\n<ul>\n<li>TURBOGRASS<\/li>\n<\/ul>\n<p><strong>GOLDONI<\/strong><\/p>\n<ul>\n<li>25 BOXTER<\/li>\n<\/ul>\n<p><strong>HAKO<\/strong><\/p>\n<ul>\n<li>1650 D\/DA, 2300 D<\/li>\n<\/ul>\n<p><strong>HITACHI<\/strong><\/p>\n<ul>\n<li>EX22, EX25, EX29 U, EX35, ZX17 U-5A ZAXIS<\/li>\n<\/ul>\n<p><strong>JCB<\/strong><\/p>\n<ul>\n<li>APOLO, LT 9<\/li>\n<\/ul>\n<p><strong>JOHN DEERE<\/strong><\/p>\n<ul>\n<li>1023 e, 1025 r, 1445, XUV 865 m gator, x 950 r<\/li>\n<\/ul>\n<p><strong>TAKEUCHI<\/strong><\/p>\n<ul>\n<li>TB 007, TB216, TB219<\/li>\n<\/ul>\n<p><strong>OEM de referencia<\/strong><\/p>\n<ul>\n<li>Kubota 16271-43560, 16271-4356-0<\/li>\n<li>YANMAR 11981055650, 119810-55650<\/li>\n<li>YANMAR 12455055700, 124550-55700<\/li>\n<li>YANMAR FE240101<\/li>\n<li>YANMAR YF9104<\/li>\n<li>YANMAR YM12455055700<\/li>\n<li>YANMAR YMR000931<\/li>\n<li>TAKEUCHI 12455055700<\/li>\n<li>\n<\/li>\n<\/ul>\n","protected":false},"excerpt":{"rendered":"<p>Filtro de combustible de calidad superior adecuado para los siguientes modelos Tama\u00f1os: Di\u00e1metro exterior: 35 mm Di\u00e1metro interior: 11,2 mm Longitud: 90 mm Adecuado para: Kubota STV36, STV40 T22 Saturn X20, X24 F2400, FZ2400, ST ALPHA-30, ST ALPHA-35, ST30 , ST341, ST371, ST401, STV32, STV36, STV40, STW34, STW37, STW40 FZ2100, FZ2400 GT19, GT21, GT23, GT25&hellip;<\/p>\n","protected":false},"featured_media":29889,"comment_status":"open","ping_status":"closed","template":"","meta":[],"product_cat":[473],"product_tag":[3897],"class_list":{"0":"post-18753","1":"product","2":"type-product","3":"status-publish","4":"has-post-thumbnail","6":"product_cat-filtros-de-combustible","7":"product_tag-snelparts-es","8":"pa_merk-kubota-es","9":"pa_merk-yanmar-es","11":"first","12":"instock","13":"sale","14":"taxable","15":"shipping-taxable","16":"purchasable","17":"product-type-simple","18":"col-xs-6 col-sm-4","19":"col-md-3 col-lg-3","20":"un-4-cols"},"_links":{"self":[{"href":"https:\/\/shop4trac.com\/es\/wp-json\/wp\/v2\/product\/18753","targetHints":{"allow":["GET"]}}],"collection":[{"href":"https:\/\/shop4trac.com\/es\/wp-json\/wp\/v2\/product"}],"about":[{"href":"https:\/\/shop4trac.com\/es\/wp-json\/wp\/v2\/types\/product"}],"replies":[{"embeddable":true,"href":"https:\/\/shop4trac.com\/es\/wp-json\/wp\/v2\/comments?post=18753"}],"wp:featuredmedia":[{"embeddable":true,"href":"https:\/\/shop4trac.com\/es\/wp-json\/wp\/v2\/media\/29889"}],"wp:attachment":[{"href":"https:\/\/shop4trac.com\/es\/wp-json\/wp\/v2\/media?parent=18753"}],"wp:term":[{"taxonomy":"product_cat","embeddable":true,"href":"https:\/\/shop4trac.com\/es\/wp-json\/wp\/v2\/product_cat?post=18753"},{"taxonomy":"product_tag","embeddable":true,"href":"https:\/\/shop4trac.com\/es\/wp-json\/wp\/v2\/product_tag?post=18753"}],"curies":[{"name":"wp","href":"https:\/\/api.w.org\/{rel}","templated":true}]}}