{"id":18697,"date":"2020-02-29T16:46:53","date_gmt":"2020-02-29T15:46:53","guid":{"rendered":"https:\/\/shop4trac.com\/product\/juego-de-juntas-iseki-l3a-tu-135-137\/"},"modified":"2025-08-01T18:40:43","modified_gmt":"2025-08-01T16:40:43","slug":"juego-de-juntas-iseki-l3a-tu-135-137","status":"publish","type":"product","link":"https:\/\/shop4trac.com\/es\/partes-de-motor\/juego-de-juntas\/juego-de-juntas-iseki-l3a-tu-135-137\/","title":{"rendered":"Juego de juntas Iseki L3A TU 135-137"},"content":{"rendered":"<p>Juego de juntas adecuado para Iseki con el motor L3A:<\/p>\n<p>Iseki (Landhope)TU135, 137<\/p>\n<p>Por favor, tenga en cuenta que no hay junta de la tapa de la v\u00e1lvula y sellos de la v\u00e1lvula.<\/p>\n<p>La junta de la tapa de la v\u00e1lvula se puede sellar con una junta l\u00edquida.<\/p>\n","protected":false},"excerpt":{"rendered":"<p>Juego de juntas adecuado para Iseki con el motor L3A: Iseki (Landhope)TU135, 137 Por favor, tenga en cuenta que no hay junta de la tapa de la v\u00e1lvula y sellos de la v\u00e1lvula. La junta de la tapa de la v\u00e1lvula se puede sellar con una junta l\u00edquida.<\/p>\n","protected":false},"featured_media":10657,"comment_status":"open","ping_status":"closed","template":"","meta":[],"product_cat":[505],"product_tag":[2787,3897],"class_list":{"0":"post-18697","1":"product","2":"type-product","3":"status-publish","4":"has-post-thumbnail","6":"product_cat-juego-de-juntas","7":"product_tag-l3a-es","8":"product_tag-snelparts-es","9":"pa_merk-iseki-es","10":"pa_motor-l3a-es","12":"first","13":"instock","14":"taxable","15":"shipping-taxable","16":"purchasable","17":"product-type-simple","18":"col-xs-6 col-sm-4","19":"col-md-3 col-lg-3","20":"un-4-cols"},"_links":{"self":[{"href":"https:\/\/shop4trac.com\/es\/wp-json\/wp\/v2\/product\/18697","targetHints":{"allow":["GET"]}}],"collection":[{"href":"https:\/\/shop4trac.com\/es\/wp-json\/wp\/v2\/product"}],"about":[{"href":"https:\/\/shop4trac.com\/es\/wp-json\/wp\/v2\/types\/product"}],"replies":[{"embeddable":true,"href":"https:\/\/shop4trac.com\/es\/wp-json\/wp\/v2\/comments?post=18697"}],"wp:featuredmedia":[{"embeddable":true,"href":"https:\/\/shop4trac.com\/es\/wp-json\/wp\/v2\/media\/10657"}],"wp:attachment":[{"href":"https:\/\/shop4trac.com\/es\/wp-json\/wp\/v2\/media?parent=18697"}],"wp:term":[{"taxonomy":"product_cat","embeddable":true,"href":"https:\/\/shop4trac.com\/es\/wp-json\/wp\/v2\/product_cat?post=18697"},{"taxonomy":"product_tag","embeddable":true,"href":"https:\/\/shop4trac.com\/es\/wp-json\/wp\/v2\/product_tag?post=18697"}],"curies":[{"name":"wp","href":"https:\/\/api.w.org\/{rel}","templated":true}]}}