{"id":18608,"date":"2020-02-29T16:48:07","date_gmt":"2020-02-29T15:48:07","guid":{"rendered":"https:\/\/shop4trac.com\/product\/junta-del-carter-de-aceite-carter-de-aceite-iseki-tu-ta\/"},"modified":"2025-08-01T18:28:04","modified_gmt":"2025-08-01T16:28:04","slug":"junta-del-carter-de-aceite-carter-de-aceite-iseki-tu-ta","status":"publish","type":"product","link":"https:\/\/shop4trac.com\/es\/partes-de-motor\/juego-de-juntas\/junta-del-carter-de-aceite-carter-de-aceite-iseki-tu-ta\/","title":{"rendered":"Junta del c\u00e1rter de aceite | Junta del c\u00e1rter de aceite Iseki TU | Asistente de producci\u00f3n | ES | ES | E3AD1 | E3AE1 | E3AG1"},"content":{"rendered":"<p>Junta para c\u00e1rter de aceite o c\u00e1rter de aceite adecuada para:<\/p>\n<p><strong>Iseki<\/strong><\/p>\n<ul>\n<li>TA207, TA210, TA215, TA227, TA230, TA235. TA247. TA250, TA255, TA262, TA270, TA287, TA525, TA530<\/li>\n<li>5035, 5040<\/li>\n<li>TE4270, TE4350<\/li>\n<li>TL1900, TL1901, TL2100, TL2101, TL2300, TL2301, TL2500, TL2501<\/li>\n<\/ul>\n<div class=\"wpb_column vc_column_container vc_col-sm-1\/5\">\n<div class=\"vc_column-inner\">\n<div class=\"wpb_wrapper\">\n<div class=\"wpb_text_column wpb_content_element \">\n<div class=\"wpb_wrapper\"><\/div>\n<\/div>\n<div class=\"wpb_text_column wpb_content_element \"><\/div>\n<div class=\"wpb_text_column wpb_content_element \">\n<div class=\"wpb_wrapper\">\n<ul>\n<li>5035, 5040<\/li>\n<li>TE4350, TE4270<\/li>\n<\/ul>\n<\/div>\n<\/div>\n<\/div>\n<\/div>\n<\/div>\n<div class=\"wp-block-kadence-tabs alignnone\">\n<div class=\"kt-tabs-wrap kt-tabs-id55876_a13107-83 kt-tabs-has-2-tabs kt-active-tab-1 kt-tabs-layout-tabs kt-tabs-tablet-layout-inherit kt-tabs-mobile-layout-inherit kt-tab-alignment-left \">\n<div class=\"kt-tabs-content-wrap\">\n<div class=\"wp-block-kadence-tab kt-tab-inner-content kt-inner-tab-1 kt-inner-tab_bf05db-20\" role=\"tabpanel\" aria-hidden=\"false\" aria-labelledby=\"tab-omschrijving\">\n<div class=\"kt-tab-inner-content-inner\">\n<div class=\"kwt-description-wrap kwt-description-_3e6d94-43 kwt-description-single wp-block-kadence-wootemplate-blocks-description\">\n<div class=\"wpb-content-wrapper\">\n<div class=\"vc_row wpb_row vc_row-fluid\">\n<div class=\"wpb_column vc_column_container vc_col-sm-12\">\n<div class=\"vc_column-inner\">\n<div class=\"wpb_wrapper\">\n<div class=\"vc_row wpb_row vc_inner vc_row-fluid\">\n<div class=\"wpb_column vc_column_container vc_col-sm-1\/5\">\n<div class=\"vc_column-inner\">\n<div class=\"wpb_wrapper\">\n<div class=\"wpb_text_column wpb_content_element \">\n<div class=\"wpb_wrapper\">\n<p><strong>Jefe de Campo Blanco<\/strong><\/p>\n<ul>\n<li>31<\/li>\n<\/ul>\n<p><b>Massey Ferguson<\/b><\/p>\n<ul>\n<li>1140, 1145, 1250 <strong>(no motor e3cd)<\/strong><\/li>\n<\/ul>\n<\/div>\n<\/div>\n<\/div>\n<\/div>\n<\/div>\n<div class=\"wpb_column vc_column_container vc_col-sm-1\/5\">\n<div class=\"vc_column-inner\">\n<div class=\"wpb_wrapper\">\n<div class=\"wpb_text_column wpb_content_element \">\n<div class=\"wpb_wrapper\">\n<p><strong>Motor<\/strong><\/p>\n<ul>\n<li>E3AD1, E3AE1, E3AG1<\/li>\n<\/ul>\n<p><strong>OEM para referencia<\/strong><\/p>\n<ul>\n<li>6511-367-039-20<\/li>\n<li>6211-367-006-00<\/li>\n<li>6211-367-003-10<\/li>\n<li>511367-0390, 511367-0392<\/li>\n<\/ul>\n<\/div>\n<\/div>\n<\/div>\n<\/div>\n<\/div>\n<div class=\"wpb_column vc_column_container vc_col-sm-1\/5\">\n<div class=\"vc_column-inner\">\n<div class=\"wpb_wrapper\">\n<div class=\"wpb_text_column wpb_content_element \">\n<div class=\"wpb_wrapper\">\n<p><strong>Dimensiones:<\/strong><\/p>\n<ul>\n<li>Longitud: 326 mm<\/li>\n<li>Ancho: 224 mm<\/li>\n<\/ul>\n<\/div>\n<\/div>\n<\/div>\n<\/div>\n<\/div>\n<\/div>\n<\/div>\n<\/div>\n<\/div>\n<\/div>\n<\/div>\n<\/div>\n<\/div>\n<\/div>\n<\/div>\n<\/div>\n<\/div>\n","protected":false},"excerpt":{"rendered":"<p>Junta para c\u00e1rter de aceite o c\u00e1rter de aceite adecuada para: Iseki TA207, TA210, TA215, TA227, TA230, TA235. TA247. TA250, TA255, TA262, TA270, TA287, TA525, TA530 5035, 5040 TE4270, TE4350 TL1900, TL1901, TL2100, TL2101, TL2300, TL2301, TL2500, TL2501 5035, 5040 TE4350, TE4270 Jefe de Campo Blanco 31 Massey Ferguson 1140, 1145, 1250 (no motor e3cd)&hellip;<\/p>\n","protected":false},"featured_media":12685,"comment_status":"open","ping_status":"closed","template":"","meta":[],"product_cat":[505],"product_tag":[3897],"class_list":{"0":"post-18608","1":"product","2":"type-product","3":"status-publish","4":"has-post-thumbnail","6":"product_cat-juego-de-juntas","7":"product_tag-snelparts-es","8":"pa_merk-iseki-es","10":"first","11":"instock","12":"sale","13":"taxable","14":"shipping-taxable","15":"purchasable","16":"product-type-simple","17":"col-xs-6 col-sm-4","18":"col-md-3 col-lg-3","19":"un-4-cols"},"_links":{"self":[{"href":"https:\/\/shop4trac.com\/es\/wp-json\/wp\/v2\/product\/18608","targetHints":{"allow":["GET"]}}],"collection":[{"href":"https:\/\/shop4trac.com\/es\/wp-json\/wp\/v2\/product"}],"about":[{"href":"https:\/\/shop4trac.com\/es\/wp-json\/wp\/v2\/types\/product"}],"replies":[{"embeddable":true,"href":"https:\/\/shop4trac.com\/es\/wp-json\/wp\/v2\/comments?post=18608"}],"wp:featuredmedia":[{"embeddable":true,"href":"https:\/\/shop4trac.com\/es\/wp-json\/wp\/v2\/media\/12685"}],"wp:attachment":[{"href":"https:\/\/shop4trac.com\/es\/wp-json\/wp\/v2\/media?parent=18608"}],"wp:term":[{"taxonomy":"product_cat","embeddable":true,"href":"https:\/\/shop4trac.com\/es\/wp-json\/wp\/v2\/product_cat?post=18608"},{"taxonomy":"product_tag","embeddable":true,"href":"https:\/\/shop4trac.com\/es\/wp-json\/wp\/v2\/product_tag?post=18608"}],"curies":[{"name":"wp","href":"https:\/\/api.w.org\/{rel}","templated":true}]}}