{"id":18596,"date":"2020-02-29T16:47:31","date_gmt":"2020-02-29T15:47:31","guid":{"rendered":"https:\/\/shop4trac.com\/product\/segmentos-de-piston-iseki-tx1500-mitsubishi-ke75-motor\/"},"modified":"2026-03-26T21:00:35","modified_gmt":"2026-03-26T20:00:35","slug":"segmentos-iseki-tx1500-mitsubishi-ke75-motor","status":"publish","type":"product","link":"https:\/\/shop4trac.com\/es\/partes-de-motor\/juego-de-aros-aros-de-piston\/segmentos-iseki-tx1500-mitsubishi-ke75-motor\/","title":{"rendered":"Aros de pist\u00f3n Motor Iseki TX1500 | Mitsubishi | Toro | Sol\u00e9 KE75"},"content":{"rendered":"<p>Los segmentos son de alta calidad <strong>europea<\/strong> y se han buscado modelos compatibles con sumo cuidado:<\/p>\n<p><strong>Iseki<\/strong><\/p>\n<ul>\n<li>TX1500<\/li>\n<\/ul>\n<p><strong>Mitsubishi<\/strong><\/p>\n<ul>\n<li>D1500<\/li>\n<\/ul>\n<p><strong>Motor Mitsubishi<\/strong><\/p>\n<ul>\n<li>KE75-61SS, Mitsubishi KE75-61WH, KE75<\/li>\n<\/ul>\n<p><strong>Bolens<\/strong><\/p>\n<ul>\n<li>G172, G174<\/li>\n<\/ul>\n<p><strong>noda<\/strong><\/p>\n<ul>\n<li>NR1501<\/li>\n<\/ul>\n<p><strong>Satoh<\/strong><\/p>\n<ul>\n<li>ST1510<\/li>\n<\/ul>\n<p><strong>Sol\u00e9<\/strong><\/p>\n<ul>\n<li>Marina Mini 18 Mitsubishi KE75-61SS<\/li>\n<\/ul>\n<p><strong>Toro <\/strong><\/p>\n<ul>\n<li>Cortac\u00e9sped GM 62, Groundsmaster 217-D<\/li>\n<\/ul>\n<p><strong>Samofa <\/strong><\/p>\n<ul>\n<li>Est\u00e1ndar Industrial Mitsubishi KE75<\/li>\n<\/ul>\n<p><strong>Weidemann<\/strong><\/p>\n<ul>\n<li>Cargadora de ruedas 1302D\/M<\/li>\n<\/ul>\n<p><strong>Tama\u00f1o<\/strong> : 78mm<\/p>\n<p>Juego completo de segmentos por cilindro.<\/p>\n<p><span style=\"text-decoration: underline\">El precio se aplica por cilindro.<\/span><\/p>\n<p><strong>OEM para referencia:<\/strong><\/p>\n<ul>\n<li>MM400-805<\/li>\n<\/ul>\n","protected":false},"excerpt":{"rendered":"<p>Los segmentos son de alta calidad europea y se han buscado modelos compatibles con sumo cuidado: Iseki TX1500 Mitsubishi D1500 Motor Mitsubishi KE75-61SS, Mitsubishi KE75-61WH, KE75 Bolens G172, G174 noda NR1501 Satoh ST1510 Sol\u00e9 Marina Mini 18 Mitsubishi KE75-61SS Toro Cortac\u00e9sped GM 62, Groundsmaster 217-D Samofa Est\u00e1ndar Industrial Mitsubishi KE75 Weidemann Cargadora de ruedas 1302D\/M&hellip;<\/p>\n","protected":false},"featured_media":158529,"comment_status":"open","ping_status":"open","template":"","meta":[],"product_cat":[510],"product_tag":[3897],"class_list":{"0":"post-18596","1":"product","2":"type-product","3":"status-publish","4":"has-post-thumbnail","6":"product_cat-juego-de-aros-aros-de-piston","7":"product_tag-snelparts-es","8":"pa_merk-bolens-es","9":"pa_merk-iseki-es","10":"pa_merk-kumiai-es","11":"pa_merk-mitsubishi-es","12":"pa_merk-satoh-es","13":"pa_merk-sole-diesel-es","14":"pa_merk-weidemann-es","15":"pa_motor-ke75-es","17":"first","18":"instock","19":"sale","20":"taxable","21":"shipping-taxable","22":"purchasable","23":"product-type-variable","24":"has-default-attributes","25":"col-xs-6 col-sm-4","26":"col-md-3 col-lg-3","27":"un-4-cols"},"_links":{"self":[{"href":"https:\/\/shop4trac.com\/es\/wp-json\/wp\/v2\/product\/18596","targetHints":{"allow":["GET"]}}],"collection":[{"href":"https:\/\/shop4trac.com\/es\/wp-json\/wp\/v2\/product"}],"about":[{"href":"https:\/\/shop4trac.com\/es\/wp-json\/wp\/v2\/types\/product"}],"replies":[{"embeddable":true,"href":"https:\/\/shop4trac.com\/es\/wp-json\/wp\/v2\/comments?post=18596"}],"wp:featuredmedia":[{"embeddable":true,"href":"https:\/\/shop4trac.com\/es\/wp-json\/wp\/v2\/media\/158529"}],"wp:attachment":[{"href":"https:\/\/shop4trac.com\/es\/wp-json\/wp\/v2\/media?parent=18596"}],"wp:term":[{"taxonomy":"product_cat","embeddable":true,"href":"https:\/\/shop4trac.com\/es\/wp-json\/wp\/v2\/product_cat?post=18596"},{"taxonomy":"product_tag","embeddable":true,"href":"https:\/\/shop4trac.com\/es\/wp-json\/wp\/v2\/product_tag?post=18596"}],"curies":[{"name":"wp","href":"https:\/\/api.w.org\/{rel}","templated":true}]}}