{"id":182263,"date":"2025-12-10T18:41:18","date_gmt":"2025-12-10T16:41:18","guid":{"rendered":"https:\/\/shop4trac.com\/sin categor\u00eda\/bomba-de-combustible-bomba-de-alimentacion-yanmar-3tnv70-4tnv98-electrica-2\/"},"modified":"2025-12-10T22:04:22","modified_gmt":"2025-12-10T20:04:22","slug":"bomba-de-combustible-bomba-de-alimentacion-yanmar-3tnv70-4tnv98-electrica-2","status":"publish","type":"product","link":"https:\/\/shop4trac.com\/es\/partes-de-motor\/bomba-elevadora-de-combustible\/bomba-de-combustible-bomba-de-alimentacion-yanmar-3tnv70-4tnv98-electrica-2\/","title":{"rendered":"Bomba de combustible | Bomba de alimentaci\u00f3n Yanmar 3TNV70 \u2013 4TNV98 | El\u00e9ctrica"},"content":{"rendered":"<p>\u00bfProblemas de arranque o p\u00e9rdida de presi\u00f3n durante cargas pesadas? A menudo, la causa es la bomba de alimentaci\u00f3n el\u00e9ctrica. Esta bomba de combustible de 12 V es una pieza de repuesto de ajuste directo (&#8216;Direct Fit&#8217;) para los motores Yanmar TNV.  <\/p>\n<p><strong>Datos t\u00e9cnicos<\/strong><\/p>\n<ul>\n<li data-path-to-node=\"6,0,0\"><b>Voltaje:<\/b> 12 voltios<\/li>\n<li data-path-to-node=\"6,1,0\"><b>Amperaje:<\/b> 1.5A<\/li>\n<li data-path-to-node=\"6,2,0\"><b>Tipo:<\/b> Bomba el\u00e9ctrica en l\u00ednea (conector de 2 polos)<\/li>\n<li data-path-to-node=\"6,3,0\"><b>Conexi\u00f3n:<\/b> Racores de manguera de 8 mm (Entrada\/Salida)<\/li>\n<li data-path-to-node=\"6,4,0\"><b>Presi\u00f3n:<\/b> aprox. 0.03 MPa (Bombas de baja presi\u00f3n)<\/li>\n<li data-path-to-node=\"6,5,0\"><b>Caudal:<\/b> 90 L\/h<\/li>\n<\/ul>\n<p><strong>Yanmar<\/strong><\/p>\n<ul>\n<li>Vio30, Vio35<\/li>\n<li>Vio45, Vio50, Vio55<\/li>\n<li>Vio57, Vio80<\/li>\n<li>SV100<\/li>\n<\/ul>\n<p><strong>Motor Yanmar<\/strong><\/p>\n<ul>\n<li data-path-to-node=\"4,0,1,0,0\">3TNV88 (Aplicaci\u00f3n m\u00e1s com\u00fan)<\/li>\n<li data-path-to-node=\"4,0,1,1,0\">3TNV84 \/ 3TNV84T<\/li>\n<li data-path-to-node=\"4,0,1,2,0\">3TNV70<\/li>\n<li data-path-to-node=\"4,0,1,3,0\">3TNV76<\/li>\n<li data-path-to-node=\"4,0,1,4,0\">3TNV82A<\/li>\n<li data-path-to-node=\"4,1,1,0,0\">4TNV88<\/li>\n<li data-path-to-node=\"4,1,1,1,0\">4TNV84 \/ 4TNV84T<\/li>\n<li data-path-to-node=\"4,1,1,2,0\">4TNV94 \/ 4TNV94L<\/li>\n<li data-path-to-node=\"4,1,1,3,0\">4TNV98 \/ 4TNV98T<\/li>\n<\/ul>\n<p><strong>Komatsu (Excavadoras y cargadoras compactas):<\/strong><\/p>\n<ul>\n<li>Serie PC: PC30MR-2, PC30MR-3, PC35MR-2, PC35MR-3<\/li>\n<li>Serie PC: PC45MR-3, PC55MR-3<\/li>\n<li>Serie PC: PC20MR-2, PC27MR-2<\/li>\n<li>Serie SK (Cargadoras compactas): SK714, SK815, SK820<\/li>\n<li>Serie WA (Palas cargadoras): WA90-3<\/li>\n<\/ul>\n<p><strong>Takeuchi<\/strong> :<\/p>\n<ul>\n<li>TB230<\/li>\n<li>TB235, TB240<\/li>\n<li>TB260, TB290<\/li>\n<li>TB153FR<\/li>\n<\/ul>\n<p><strong>Hitachi<\/strong>:<\/p>\n<ul>\n<li>ZX30U-2, ZX30U-3<\/li>\n<li>ZX35U-2, ZX35U-3<\/li>\n<li>ZX40, ZX50<\/li>\n<\/ul>\n<p><strong>OEM de referencia<\/strong><\/p>\n<ul>\n<li>129612-52100<\/li>\n<\/ul>\n","protected":false},"excerpt":{"rendered":"<p>\u00bfProblemas de arranque o p\u00e9rdida de presi\u00f3n durante cargas pesadas? A menudo, la causa es la bomba de alimentaci\u00f3n el\u00e9ctrica. Esta bomba de combustible de 12 V es una pieza de repuesto de ajuste directo (&#8216;Direct Fit&#8217;) para los motores Yanmar TNV. Datos t\u00e9cnicos Voltaje: 12 voltios Amperaje: 1.5A Tipo: Bomba el\u00e9ctrica en l\u00ednea (conector&hellip;<\/p>\n","protected":false},"featured_media":182531,"comment_status":"","ping_status":"closed","template":"","meta":[],"product_cat":[8117],"product_tag":[],"class_list":{"0":"post-182263","1":"product","2":"type-product","3":"status-publish","4":"has-post-thumbnail","6":"product_cat-bomba-elevadora-de-combustible","7":"pa_merk-hitachi-es","8":"pa_merk-takeuchi-es","9":"pa_merk-yanmar-es","11":"first","12":"outofstock","13":"sale","14":"taxable","15":"shipping-taxable","16":"purchasable","17":"product-type-simple","18":"col-xs-6 col-sm-4","19":"col-md-3 col-lg-3","20":"un-4-cols"},"_links":{"self":[{"href":"https:\/\/shop4trac.com\/es\/wp-json\/wp\/v2\/product\/182263","targetHints":{"allow":["GET"]}}],"collection":[{"href":"https:\/\/shop4trac.com\/es\/wp-json\/wp\/v2\/product"}],"about":[{"href":"https:\/\/shop4trac.com\/es\/wp-json\/wp\/v2\/types\/product"}],"replies":[{"embeddable":true,"href":"https:\/\/shop4trac.com\/es\/wp-json\/wp\/v2\/comments?post=182263"}],"wp:featuredmedia":[{"embeddable":true,"href":"https:\/\/shop4trac.com\/es\/wp-json\/wp\/v2\/media\/182531"}],"wp:attachment":[{"href":"https:\/\/shop4trac.com\/es\/wp-json\/wp\/v2\/media?parent=182263"}],"wp:term":[{"taxonomy":"product_cat","embeddable":true,"href":"https:\/\/shop4trac.com\/es\/wp-json\/wp\/v2\/product_cat?post=182263"},{"taxonomy":"product_tag","embeddable":true,"href":"https:\/\/shop4trac.com\/es\/wp-json\/wp\/v2\/product_tag?post=182263"}],"curies":[{"name":"wp","href":"https:\/\/api.w.org\/{rel}","templated":true}]}}