{"id":182210,"date":"2025-12-10T21:34:49","date_gmt":"2025-12-10T19:34:49","guid":{"rendered":"https:\/\/shop4trac.com\/sin categor\u00eda\/bomba-de-combustible-bomba-de-elevacion-kubota-v2607-v3307-v3800-bobcat\/"},"modified":"2025-12-10T22:01:15","modified_gmt":"2025-12-10T20:01:15","slug":"bomba-de-combustible-bomba-de-elevacion-kubota-v2607-v3307-v3800-bobcat","status":"publish","type":"product","link":"https:\/\/shop4trac.com\/es\/partes-de-motor\/bomba-elevadora-de-combustible\/bomba-de-combustible-bomba-de-elevacion-kubota-v2607-v3307-v3800-bobcat\/","title":{"rendered":"Bomba de combustible | Bomba de elevaci\u00f3n Kubota V2607 | V3307 | V3800 | Bobcat"},"content":{"rendered":"<p><b>Bomba de elevaci\u00f3n mec\u00e1nica para motores Kubota modernos.<\/b> Esta bomba de combustible ha sido desarrollada espec\u00edficamente para la nueva generaci\u00f3n de motores Kubota con inyecci\u00f3n directa y sistemas common rail.<\/p>\n<h5 data-path-to-node=\"5\"><b>Especificaciones<\/b><\/h5>\n<ul>\n<li data-path-to-node=\"6,0,0\"><b>Tipo:<\/b> Bomba de elevaci\u00f3n mec\u00e1nica (membrana)<\/li>\n<li data-path-to-node=\"6,1,0\"><b>Accionamiento:<\/b> \u00c1rbol de levas<\/li>\n<li data-path-to-node=\"6,2,0\"><b>Conexi\u00f3n:<\/b> Entrada \/ Salida (Preste atenci\u00f3n a la direcci\u00f3n de la flecha en la bomba)<\/li>\n<li data-path-to-node=\"6,3,0\"><b>Aplicaci\u00f3n:<\/b> Motores Kubota serie -07 y -03-M (Tier 4)<\/li>\n<li data-path-to-node=\"6,4,0\"><b>Incluye:<\/b> Junta de montaje<\/li>\n<\/ul>\n<p><strong>Kubota<\/strong><\/p>\n<ul data-path-to-node=\"16\">\n<li>KX057-4, KX080-3, KX080-4, KX080-4a, U48-4, U55-4, SVL75, SVL75-2, SVL90, SVL90-2, SSV65, SSV75<\/li>\n<li>\n<p data-path-to-node=\"16,0,0\">M4062, M4072, M5091, M5111, M6040, M6060, M7040, M7060, M8540, M8560, M9540, M9960<\/p>\n<\/li>\n<\/ul>\n<p><strong>Motor Kubota<\/strong><\/p>\n<ul>\n<li>V2607-DI-T, V3307-DI-T, V3800-DI-T, V3007<\/li>\n<\/ul>\n<p><strong>Bobcat<\/strong><\/p>\n<ul>\n<li>S630, S650, S750, S770, S850, T630, T650, T750, T770, T870, A770<\/li>\n<\/ul>\n<p><strong>Takeuchi<\/strong><\/p>\n<ul>\n<li>TB260<\/li>\n<\/ul>\n<p><strong>OEM de referencia<\/strong><\/p>\n<ul>\n<li data-path-to-node=\"9,0,0\">1J710-52032, 1J710-52030, 1J710-52031, 1J71052032<\/li>\n<li>6691456<\/li>\n<\/ul>\n","protected":false},"excerpt":{"rendered":"<p>Bomba de elevaci\u00f3n mec\u00e1nica para motores Kubota modernos. Esta bomba de combustible ha sido desarrollada espec\u00edficamente para la nueva generaci\u00f3n de motores Kubota con inyecci\u00f3n directa y sistemas common rail. Especificaciones Tipo: Bomba de elevaci\u00f3n mec\u00e1nica (membrana) Accionamiento: \u00c1rbol de levas Conexi\u00f3n: Entrada \/ Salida (Preste atenci\u00f3n a la direcci\u00f3n de la flecha en la&hellip;<\/p>\n","protected":false},"featured_media":182577,"comment_status":"","ping_status":"closed","template":"","meta":[],"product_cat":[8117],"product_tag":[],"class_list":{"0":"post-182210","1":"product","2":"type-product","3":"status-publish","4":"has-post-thumbnail","6":"product_cat-bomba-elevadora-de-combustible","7":"pa_merk-bobcat-es","8":"pa_merk-kubota-es","9":"pa_merk-takeuchi-es","11":"first","12":"instock","13":"sale","14":"taxable","15":"shipping-taxable","16":"purchasable","17":"product-type-simple","18":"col-xs-6 col-sm-4","19":"col-md-3 col-lg-3","20":"un-4-cols"},"_links":{"self":[{"href":"https:\/\/shop4trac.com\/es\/wp-json\/wp\/v2\/product\/182210","targetHints":{"allow":["GET"]}}],"collection":[{"href":"https:\/\/shop4trac.com\/es\/wp-json\/wp\/v2\/product"}],"about":[{"href":"https:\/\/shop4trac.com\/es\/wp-json\/wp\/v2\/types\/product"}],"replies":[{"embeddable":true,"href":"https:\/\/shop4trac.com\/es\/wp-json\/wp\/v2\/comments?post=182210"}],"wp:featuredmedia":[{"embeddable":true,"href":"https:\/\/shop4trac.com\/es\/wp-json\/wp\/v2\/media\/182577"}],"wp:attachment":[{"href":"https:\/\/shop4trac.com\/es\/wp-json\/wp\/v2\/media?parent=182210"}],"wp:term":[{"taxonomy":"product_cat","embeddable":true,"href":"https:\/\/shop4trac.com\/es\/wp-json\/wp\/v2\/product_cat?post=182210"},{"taxonomy":"product_tag","embeddable":true,"href":"https:\/\/shop4trac.com\/es\/wp-json\/wp\/v2\/product_tag?post=182210"}],"curies":[{"name":"wp","href":"https:\/\/api.w.org\/{rel}","templated":true}]}}