{"id":18186,"date":"2020-02-29T16:46:19","date_gmt":"2020-02-29T15:46:19","guid":{"rendered":"https:\/\/shop4trac.com\/product\/kit-de-reparacion-de-motor-iseki-tu-1500\/"},"modified":"2025-08-01T18:46:49","modified_gmt":"2025-08-01T16:46:49","slug":"kit-de-reparacion-de-motor-iseki-tu-1500","status":"publish","type":"product","link":"https:\/\/shop4trac.com\/es\/partes-de-motor\/kit-de-reparacion-de-motores\/kit-de-reparacion-de-motor-iseki-tu-1500\/","title":{"rendered":"Kit de reparaci\u00f3n de motor Iseki TU 1500"},"content":{"rendered":"<p>Kit de revisi\u00f3n adecuado para Iseki TU 1500 3 cilindros<\/p>\n<p>El conjunto se compone de:<\/p>\n<p>\u2013 Paquete completo con juntas frontales; junta de culata, cojinete del cig\u00fce\u00f1al, sellos del v\u00e1stago de la v\u00e1lvula<br \/>\n\u2013 Tres pistones completos<br \/>\n\u2013 Kit de cojinetes generales con; cojinetes de biela, cojinetes principales<\/p>\n","protected":false},"excerpt":{"rendered":"<p>Kit de revisi\u00f3n adecuado para Iseki TU 1500 3 cilindros El conjunto se compone de: \u2013 Paquete completo con juntas frontales; junta de culata, cojinete del cig\u00fce\u00f1al, sellos del v\u00e1stago de la v\u00e1lvula \u2013 Tres pistones completos \u2013 Kit de cojinetes generales con; cojinetes de biela, cojinetes principales<\/p>\n","protected":false},"featured_media":10102,"comment_status":"open","ping_status":"open","template":"","meta":[],"product_cat":[504],"product_tag":[3897],"class_list":{"0":"post-18186","1":"product","2":"type-product","3":"status-publish","4":"has-post-thumbnail","6":"product_cat-kit-de-reparacion-de-motores","7":"product_tag-snelparts-es","8":"pa_merk-iseki-es","10":"first","11":"onbackorder","12":"taxable","13":"shipping-taxable","14":"purchasable","15":"product-type-simple","16":"col-xs-6 col-sm-4","17":"col-md-3 col-lg-3","18":"un-4-cols"},"_links":{"self":[{"href":"https:\/\/shop4trac.com\/es\/wp-json\/wp\/v2\/product\/18186","targetHints":{"allow":["GET"]}}],"collection":[{"href":"https:\/\/shop4trac.com\/es\/wp-json\/wp\/v2\/product"}],"about":[{"href":"https:\/\/shop4trac.com\/es\/wp-json\/wp\/v2\/types\/product"}],"replies":[{"embeddable":true,"href":"https:\/\/shop4trac.com\/es\/wp-json\/wp\/v2\/comments?post=18186"}],"wp:featuredmedia":[{"embeddable":true,"href":"https:\/\/shop4trac.com\/es\/wp-json\/wp\/v2\/media\/10102"}],"wp:attachment":[{"href":"https:\/\/shop4trac.com\/es\/wp-json\/wp\/v2\/media?parent=18186"}],"wp:term":[{"taxonomy":"product_cat","embeddable":true,"href":"https:\/\/shop4trac.com\/es\/wp-json\/wp\/v2\/product_cat?post=18186"},{"taxonomy":"product_tag","embeddable":true,"href":"https:\/\/shop4trac.com\/es\/wp-json\/wp\/v2\/product_tag?post=18186"}],"curies":[{"name":"wp","href":"https:\/\/api.w.org\/{rel}","templated":true}]}}