{"id":18184,"date":"2020-02-29T16:46:19","date_gmt":"2020-02-29T15:46:19","guid":{"rendered":"https:\/\/shop4trac.com\/product\/kit-de-reparacion-de-motor-iseki-tu-1600\/"},"modified":"2025-08-01T18:47:11","modified_gmt":"2025-08-01T16:47:11","slug":"kit-de-reparacion-de-motor-iseki-tu-1600","status":"publish","type":"product","link":"https:\/\/shop4trac.com\/es\/partes-de-motor\/kit-de-reparacion-de-motores\/kit-de-reparacion-de-motor-iseki-tu-1600\/","title":{"rendered":"Kit de reparaci\u00f3n de motor Mitsubishi K3C | Iseki TU 1600"},"content":{"rendered":"<p>El kit de revisi\u00f3n se compone de:<\/p>\n<ul>\n<li>Paquete completo con juntas para; junta de culata(juego), cojinete de cig\u00fce\u00f1al, juntas de v\u00e1stago de v\u00e1lvula, juntas de escape, juntas de admisi\u00f3n, sellos y otras juntas como se muestra en la imagen.<\/li>\n<li>3 pistones completos+anillos de pist\u00f3n<\/li>\n<li>Kit de cojinetes general con; cojinetes de biela, cojinetes de bancada<\/li>\n<li>Di\u00e1metro: 70 mm<\/li>\n<\/ul>\n<p>Gama de modelos a juego con el Mitsubishi:<\/p>\n<p><strong>Mitsubishi<\/strong><\/p>\n<ul>\n<li>D2050, D2350<\/li>\n<li>MT180, MT1601, MT2001<\/li>\n<li>ST2020, ST2040, ST2320, ST2340<\/li>\n<\/ul>\n<p><strong>Iseki<\/strong><\/p>\n<ul>\n<li>TU150, TU155, TU157, TU1600, TU1601<\/li>\n<\/ul>\n","protected":false},"excerpt":{"rendered":"<p>El kit de revisi\u00f3n se compone de: Paquete completo con juntas para; junta de culata(juego), cojinete de cig\u00fce\u00f1al, juntas de v\u00e1stago de v\u00e1lvula, juntas de escape, juntas de admisi\u00f3n, sellos y otras juntas como se muestra en la imagen. 3 pistones completos+anillos de pist\u00f3n Kit de cojinetes general con; cojinetes de biela, cojinetes de bancada&hellip;<\/p>\n","protected":false},"featured_media":32910,"comment_status":"open","ping_status":"closed","template":"","meta":[],"product_cat":[504],"product_tag":[2743,3897],"class_list":{"0":"post-18184","1":"product","2":"type-product","3":"status-publish","4":"has-post-thumbnail","6":"product_cat-kit-de-reparacion-de-motores","7":"product_tag-k3c-es","8":"product_tag-snelparts-es","9":"pa_merk-iseki-es","10":"pa_merk-mitsubishi-es","11":"pa_motor-k3c-es","13":"first","14":"instock","15":"sale","16":"taxable","17":"shipping-taxable","18":"purchasable","19":"product-type-simple","20":"col-xs-6 col-sm-4","21":"col-md-3 col-lg-3","22":"un-4-cols"},"_links":{"self":[{"href":"https:\/\/shop4trac.com\/es\/wp-json\/wp\/v2\/product\/18184","targetHints":{"allow":["GET"]}}],"collection":[{"href":"https:\/\/shop4trac.com\/es\/wp-json\/wp\/v2\/product"}],"about":[{"href":"https:\/\/shop4trac.com\/es\/wp-json\/wp\/v2\/types\/product"}],"replies":[{"embeddable":true,"href":"https:\/\/shop4trac.com\/es\/wp-json\/wp\/v2\/comments?post=18184"}],"wp:featuredmedia":[{"embeddable":true,"href":"https:\/\/shop4trac.com\/es\/wp-json\/wp\/v2\/media\/32910"}],"wp:attachment":[{"href":"https:\/\/shop4trac.com\/es\/wp-json\/wp\/v2\/media?parent=18184"}],"wp:term":[{"taxonomy":"product_cat","embeddable":true,"href":"https:\/\/shop4trac.com\/es\/wp-json\/wp\/v2\/product_cat?post=18184"},{"taxonomy":"product_tag","embeddable":true,"href":"https:\/\/shop4trac.com\/es\/wp-json\/wp\/v2\/product_tag?post=18184"}],"curies":[{"name":"wp","href":"https:\/\/api.w.org\/{rel}","templated":true}]}}