{"id":18179,"date":"2020-02-29T16:46:25","date_gmt":"2020-02-29T15:46:25","guid":{"rendered":"https:\/\/shop4trac.com\/product\/kit-de-reparacion-de-motor-iseki-tx-1410\/"},"modified":"2025-11-19T20:36:43","modified_gmt":"2025-11-19T18:36:43","slug":"kit-de-reparacion-de-motor-iseki-tx-1410","status":"publish","type":"product","link":"https:\/\/shop4trac.com\/es\/partes-de-motor\/kit-de-reparacion-de-motores\/kit-de-reparacion-de-motor-iseki-tx-1410\/","title":{"rendered":"Kit de reparaci\u00f3n del motor Mitsubishi K3A | Iseki TX1410 \u2013 TU1400"},"content":{"rendered":"<p>El conjunto de revisiones consta de:<\/p>\n<ul>\n<li>Paquete completo con juntas para; junta de culata(juego), cojinete de cig\u00fce\u00f1al, juntas de v\u00e1stago de v\u00e1lvula, juntas de escape, juntas de admisi\u00f3n, juntas y otras juntas como en la foto.<\/li>\n<li>3 pistones completos + segmentos<\/li>\n<li>Kit general de cojinetes que incluye: cojinetes de biela, cojinetes de bancada<\/li>\n<li>Di\u00e1metro: 65 mm<\/li>\n<\/ul>\n<p>Gama de modelos adecuados para el Mitsubishi K3A:<\/p>\n<p><strong>Iseki<\/strong><\/p>\n<ul>\n<li>TU120, TU1400, TX145, TX1410, TX2140<\/li>\n<\/ul>\n<p><strong>Mitsubishi<\/strong><\/p>\n<ul>\n<li>D1350, D1450<\/li>\n<\/ul>\n<p><strong>Satoh<\/strong><\/p>\n<ul>\n<li>ST1420, ST1440, ST1620, ST1640, ST1820, ST1840<\/li>\n<\/ul>\n","protected":false},"excerpt":{"rendered":"<p>El conjunto de revisiones consta de: Paquete completo con juntas para; junta de culata(juego), cojinete de cig\u00fce\u00f1al, juntas de v\u00e1stago de v\u00e1lvula, juntas de escape, juntas de admisi\u00f3n, juntas y otras juntas como en la foto. 3 pistones completos + segmentos Kit general de cojinetes que incluye: cojinetes de biela, cojinetes de bancada Di\u00e1metro: 65&hellip;<\/p>\n","protected":false},"featured_media":32904,"comment_status":"open","ping_status":"open","template":"","meta":[],"product_cat":[504],"product_tag":[2741,3897],"class_list":{"0":"post-18179","1":"product","2":"type-product","3":"status-publish","4":"has-post-thumbnail","6":"product_cat-kit-de-reparacion-de-motores","7":"product_tag-k3a-es","8":"product_tag-snelparts-es","9":"pa_merk-iseki-es","10":"pa_merk-mitsubishi-es","11":"pa_merk-satoh-es","12":"pa_motor-k3a-es","14":"first","15":"onbackorder","16":"sale","17":"taxable","18":"shipping-taxable","19":"purchasable","20":"product-type-variable","21":"has-default-attributes","22":"col-xs-6 col-sm-4","23":"col-md-3 col-lg-3","24":"un-4-cols"},"_links":{"self":[{"href":"https:\/\/shop4trac.com\/es\/wp-json\/wp\/v2\/product\/18179","targetHints":{"allow":["GET"]}}],"collection":[{"href":"https:\/\/shop4trac.com\/es\/wp-json\/wp\/v2\/product"}],"about":[{"href":"https:\/\/shop4trac.com\/es\/wp-json\/wp\/v2\/types\/product"}],"replies":[{"embeddable":true,"href":"https:\/\/shop4trac.com\/es\/wp-json\/wp\/v2\/comments?post=18179"}],"wp:featuredmedia":[{"embeddable":true,"href":"https:\/\/shop4trac.com\/es\/wp-json\/wp\/v2\/media\/32904"}],"wp:attachment":[{"href":"https:\/\/shop4trac.com\/es\/wp-json\/wp\/v2\/media?parent=18179"}],"wp:term":[{"taxonomy":"product_cat","embeddable":true,"href":"https:\/\/shop4trac.com\/es\/wp-json\/wp\/v2\/product_cat?post=18179"},{"taxonomy":"product_tag","embeddable":true,"href":"https:\/\/shop4trac.com\/es\/wp-json\/wp\/v2\/product_tag?post=18179"}],"curies":[{"name":"wp","href":"https:\/\/api.w.org\/{rel}","templated":true}]}}