{"id":18171,"date":"2020-02-29T16:46:26","date_gmt":"2020-02-29T15:46:26","guid":{"rendered":"https:\/\/shop4trac.com\/product\/kit-de-reparacion-de-motor-kubota-l1500-z750-motor\/"},"modified":"2025-12-03T21:02:03","modified_gmt":"2025-12-03T19:02:03","slug":"kit-de-reparacion-de-motor-kubota-l1500-z750-motor","status":"publish","type":"product","link":"https:\/\/shop4trac.com\/es\/partes-de-motor\/kit-de-reparacion-de-motores\/kit-de-reparacion-de-motor-kubota-l1500-z750-motor\/","title":{"rendered":"Kit de reparaci\u00f3n motor Kubota L1500 | Motor Z750"},"content":{"rendered":"<p data-path-to-node=\"5\">Con este completo kit de reparaci\u00f3n, puede devolver su motor de 2 cilindros a su m\u00e1ximo rendimiento. Este kit ha sido cuidadosamente ensamblado y contiene todas las piezas esenciales para restaurar la compresi\u00f3n y el rendimiento de su minitractor. <\/p>\n<p data-path-to-node=\"6\">Nuestras piezas de reparaci\u00f3n son de alta calidad y ofrecen una excelente alternativa a las piezas originales, con el mismo ajuste y durabilidad.<\/p>\n<p data-path-to-node=\"7\"><b>Contenido de este kit de reparaci\u00f3n:<\/b><\/p>\n<ul data-path-to-node=\"8\">\n<li>\n<p data-path-to-node=\"8,0,0\"><b>Juego completo de juntas:<\/b> Un juego completo de juntas para todo el motor, incluyendo la junta de culata, los retenes\/sellos del cig\u00fce\u00f1al y los sellos de v\u00e1stago de v\u00e1lvula. Esto asegura un sellado perfecto del bloque del motor. <\/p>\n<\/li>\n<li>\n<p data-path-to-node=\"8,1,0\"><b>2x Pistones completos:<\/b> Incluye los segmentos de pist\u00f3n y los bulones correspondientes para una combusti\u00f3n \u00f3ptima.<\/p>\n<\/li>\n<li>\n<p data-path-to-node=\"8,2,0\"><b>Juego completo de cojinetes:<\/b> Un kit de cojinetes general que consta de cojinetes de biela y cojinetes principales de alta calidad para reemplazar los casquillos de cojinete desgastados.<\/p>\n<\/li>\n<\/ul>\n<p data-path-to-node=\"9\"><b>Adecuado para:<\/b><\/p>\n<p><strong>Kubota <\/strong><\/p>\n<ul>\n<li>L1500 (2 cilindros)<\/li>\n<\/ul>\n<p><strong>Zen-noh<\/strong><\/p>\n<ul>\n<li>ZL1500<\/li>\n<\/ul>\n<p data-path-to-node=\"11\"><b>Especificaciones:<\/b><\/p>\n<ul data-path-to-node=\"12\">\n<li>\n<p data-path-to-node=\"12,0,0\"><b>N\u00famero de cilindros:<\/b> 2<\/p>\n<\/li>\n<li>\n<p data-path-to-node=\"12,1,0\"><b>Tipo:<\/b> Kit de reparaci\u00f3n de motor<\/p>\n<\/li>\n<\/ul>\n","protected":false},"excerpt":{"rendered":"<p>Con este completo kit de reparaci\u00f3n, puede devolver su motor de 2 cilindros a su m\u00e1ximo rendimiento. Este kit ha sido cuidadosamente ensamblado y contiene todas las piezas esenciales para restaurar la compresi\u00f3n y el rendimiento de su minitractor. Nuestras piezas de reparaci\u00f3n son de alta calidad y ofrecen una excelente alternativa a las piezas&hellip;<\/p>\n","protected":false},"featured_media":181592,"comment_status":"open","ping_status":"closed","template":"","meta":[],"product_cat":[504],"product_tag":[3897,2897],"class_list":{"0":"post-18171","1":"product","2":"type-product","3":"status-publish","4":"has-post-thumbnail","6":"product_cat-kit-de-reparacion-de-motores","7":"product_tag-snelparts-es","8":"product_tag-z750-es","9":"pa_merk-kubota-es","10":"pa_merk-zen-noh-es","11":"pa_motor-z750-es","13":"first","14":"instock","15":"sale","16":"taxable","17":"shipping-taxable","18":"purchasable","19":"product-type-simple","20":"col-xs-6 col-sm-4","21":"col-md-3 col-lg-3","22":"un-4-cols"},"_links":{"self":[{"href":"https:\/\/shop4trac.com\/es\/wp-json\/wp\/v2\/product\/18171","targetHints":{"allow":["GET"]}}],"collection":[{"href":"https:\/\/shop4trac.com\/es\/wp-json\/wp\/v2\/product"}],"about":[{"href":"https:\/\/shop4trac.com\/es\/wp-json\/wp\/v2\/types\/product"}],"replies":[{"embeddable":true,"href":"https:\/\/shop4trac.com\/es\/wp-json\/wp\/v2\/comments?post=18171"}],"wp:featuredmedia":[{"embeddable":true,"href":"https:\/\/shop4trac.com\/es\/wp-json\/wp\/v2\/media\/181592"}],"wp:attachment":[{"href":"https:\/\/shop4trac.com\/es\/wp-json\/wp\/v2\/media?parent=18171"}],"wp:term":[{"taxonomy":"product_cat","embeddable":true,"href":"https:\/\/shop4trac.com\/es\/wp-json\/wp\/v2\/product_cat?post=18171"},{"taxonomy":"product_tag","embeddable":true,"href":"https:\/\/shop4trac.com\/es\/wp-json\/wp\/v2\/product_tag?post=18171"}],"curies":[{"name":"wp","href":"https:\/\/api.w.org\/{rel}","templated":true}]}}