{"id":181531,"date":"2025-12-03T14:13:41","date_gmt":"2025-12-03T12:13:41","guid":{"rendered":"https:\/\/shop4trac.com\/sin%20categor\u00eda\/carcasa-del-termostato-brida-de-agua-termostato-kubota-d905-d1005-d1105-v1305-v1505\/"},"modified":"2026-03-24T18:35:36","modified_gmt":"2026-03-24T17:35:36","slug":"carcasa-del-termostato-brida-de-agua-termostato-kubota-d905-d1005-d1105-v1305-v1505","status":"publish","type":"product","link":"https:\/\/shop4trac.com\/es\/refrigeracion-y-radiadores\/carcasa-del-termostato\/carcasa-del-termostato-brida-de-agua-termostato-kubota-d905-d1005-d1105-v1305-v1505\/","title":{"rendered":"Carcasa del termostato | brida de agua + termostato Kubota D905 | D1005 | D1105 | V1305 | V1505"},"content":{"rendered":"<h4>Carcasa del termostato \/ Brida de agua adecuada para Kubota (16271-73260)<\/h4>\n<p data-path-to-node=\"3\">Carcasa del termostato (brida de agua) de repuesto de alta calidad, adecuada para diversos tractores compactos, cortac\u00e9spedes y miniexcavadoras Kubota. Esta pieza asegura la correcta ubicaci\u00f3n del termostato y una conexi\u00f3n sin fugas al bloque del motor, lo cual es esencial para un funcionamiento \u00f3ptimo del sistema de refrigeraci\u00f3n. <\/p>\n<p data-path-to-node=\"3\"><span style=\"text-decoration: underline\"><strong>\u00a1Por supuesto, con junta del termostato y Termostato!<\/strong><\/span><\/p>\n<h3 data-path-to-node=\"4\"><b>Especificaciones variante 1:<\/b><\/h3>\n<ul>\n<li data-path-to-node=\"4\"><strong>Brida:<\/strong> 66 mm<\/li>\n<li data-path-to-node=\"4\"><b>Di\u00e1metro apertura termostato (interior):<\/b> 35 mm<\/li>\n<li data-path-to-node=\"4\"><strong>Grosor del tubo:<\/strong> 28 mm<\/li>\n<\/ul>\n<p><strong>N\u00famero de OEM como referencia:<\/strong><\/p>\n<ul>\n<li>16271-73260, 16241-73260<\/li>\n<\/ul>\n<h3><strong>Especificaciones variante 2:<\/strong><\/h3>\n<ul>\n<li data-path-to-node=\"4\"><strong>Brida<\/strong>: 78 mm<\/li>\n<li data-path-to-node=\"4\"><b>Di\u00e1metro apertura termostato (interior):<\/b> 40,5 mm<\/li>\n<li data-path-to-node=\"4\"><strong>Grosor del tubo<\/strong>: 34 mm<\/li>\n<\/ul>\n<p data-path-to-node=\"6\"><strong>N\u00fameros OEM de referencia por variante:<\/strong><\/p>\n<ul>\n<li data-path-to-node=\"6\">15321-73260<\/li>\n<\/ul>\n<p data-path-to-node=\"7\"><b>Motor Kubota<\/b><\/p>\n<ul>\n<li data-path-to-node=\"7\">D905, D1005, D1105, V1305, V1505<\/li>\n<\/ul>\n<p data-path-to-node=\"8\"><b>Kubota<\/b><\/p>\n<ul>\n<li data-path-to-node=\"8\">B1700E, B1700HSD, B1700HSE, B2100E, B2100HSD, B2100HSE, B2400E, B2400HSD, B2400HSE, BX1850D, BX1860, BX1870, BX1870-1, F2260, F2400, F2560, F2560E, F3060, FZ2100, FZ2400<\/li>\n<li data-path-to-node=\"8\">KX41-2, KX41H, KX61-2, KX71<\/li>\n<\/ul>\n","protected":false},"excerpt":{"rendered":"<p>Carcasa del termostato \/ Brida de agua adecuada para Kubota (16271-73260) Carcasa del termostato (brida de agua) de repuesto de alta calidad, adecuada para diversos tractores compactos, cortac\u00e9spedes y miniexcavadoras Kubota. Esta pieza asegura la correcta ubicaci\u00f3n del termostato y una conexi\u00f3n sin fugas al bloque del motor, lo cual es esencial para un funcionamiento&hellip;<\/p>\n","protected":false},"featured_media":181532,"comment_status":"closed","ping_status":"closed","template":"","meta":[],"product_cat":[482],"product_tag":[],"class_list":{"0":"post-181531","1":"product","2":"type-product","3":"status-publish","4":"has-post-thumbnail","6":"product_cat-carcasa-del-termostato","7":"pa_merk-kubota-es","9":"first","10":"instock","11":"sale","12":"taxable","13":"shipping-taxable","14":"purchasable","15":"product-type-variable","16":"col-xs-6 col-sm-4","17":"col-md-3 col-lg-3","18":"un-4-cols"},"_links":{"self":[{"href":"https:\/\/shop4trac.com\/es\/wp-json\/wp\/v2\/product\/181531","targetHints":{"allow":["GET"]}}],"collection":[{"href":"https:\/\/shop4trac.com\/es\/wp-json\/wp\/v2\/product"}],"about":[{"href":"https:\/\/shop4trac.com\/es\/wp-json\/wp\/v2\/types\/product"}],"replies":[{"embeddable":true,"href":"https:\/\/shop4trac.com\/es\/wp-json\/wp\/v2\/comments?post=181531"}],"wp:featuredmedia":[{"embeddable":true,"href":"https:\/\/shop4trac.com\/es\/wp-json\/wp\/v2\/media\/181532"}],"wp:attachment":[{"href":"https:\/\/shop4trac.com\/es\/wp-json\/wp\/v2\/media?parent=181531"}],"wp:term":[{"taxonomy":"product_cat","embeddable":true,"href":"https:\/\/shop4trac.com\/es\/wp-json\/wp\/v2\/product_cat?post=181531"},{"taxonomy":"product_tag","embeddable":true,"href":"https:\/\/shop4trac.com\/es\/wp-json\/wp\/v2\/product_tag?post=181531"}],"curies":[{"name":"wp","href":"https:\/\/api.w.org\/{rel}","templated":true}]}}