{"id":181217,"date":"2025-11-30T23:51:45","date_gmt":"2025-11-30T21:51:45","guid":{"rendered":"https:\/\/shop4trac.com\/sin categor\u00eda\/kit-de-reparacion-mitsubishi-k4e-inyeccion-indirecta-mitsubishi-vetus-weidemann\/"},"modified":"2025-11-30T23:57:56","modified_gmt":"2025-11-30T21:57:56","slug":"kit-de-reparacion-mitsubishi-k4e-inyeccion-indirecta-mitsubishi-vetus-weidemann","status":"publish","type":"product","link":"https:\/\/shop4trac.com\/es\/partes-de-motor\/kit-de-reparacion-de-motores\/kit-de-reparacion-mitsubishi-k4e-inyeccion-indirecta-mitsubishi-vetus-weidemann\/","title":{"rendered":"Kit de reparaci\u00f3n Mitsubishi K4E \u2013 Inyecci\u00f3n indirecta | Mitsubishi | Vetus | Weidemann"},"content":{"rendered":"<p class=\"p1\">Este kit de reparaci\u00f3n completo es adecuado para el motor Mitsubishi K4E de 4 cilindros con <span style=\"text-decoration: underline;\"><strong>IN<\/strong><strong>yecci\u00f3n<\/strong><\/span> <span style=\"text-decoration: underline;\"><strong>indirecta<\/strong><\/span>. El kit est\u00e1 fabricado seg\u00fan las especificaciones OEM y contiene todos los componentes esenciales para una revisi\u00f3n completa, duradera y fiable del motor. Ideal para p\u00e9rdida de potencia, fuga de aceite, purga o compresi\u00f3n reducida.  <\/p>\n<p><span style=\"text-decoration: underline;\">\u00a1Aplicable a todos los motores K4E! La \u00fanica diferencia son los pistones; preste atenci\u00f3n a esto. Si no, mire el kit con inyecci\u00f3n directa.  <\/span><\/p>\n<h4><b>Contenido del kit de reparaci\u00f3n<\/b><\/h4>\n<h5><b>Juego de juntas<\/b><\/h5>\n<ul>\n<li>\n<p class=\"p1\">Junta de culata (di\u00e1metro de 76 mm)<\/p>\n<\/li>\n<li>\n<p class=\"p1\">Juntas de admisi\u00f3n y escape<\/p>\n<\/li>\n<li>\n<p class=\"p1\">Retenes de v\u00e1stago de Klep<\/p>\n<\/li>\n<li>\n<p class=\"p1\">Retenes de aceite delantero y trasero<\/p>\n<\/li>\n<li>\n<p class=\"p1\">Varias juntas y sellos adicionales (como se muestra)<\/p>\n<\/li>\n<\/ul>\n<h5><b>Juego de pistones \u2013 4 pistones completos con segmentos (STD \u00b7 76 mm)<\/b><\/h5>\n<ul>\n<li>\n<p class=\"p1\">4 pistones (76 mm de di\u00e1metro) <span style=\"text-decoration: underline;\"><strong>in<\/strong><strong>yecci\u00f3n indirecta<\/strong><\/span><\/p>\n<\/li>\n<li>\n<p class=\"p1\">4 juegos de segmentos de pist\u00f3n<\/p>\n<\/li>\n<li>\n<p class=\"p1\">Versi\u00f3n de inyecci\u00f3n indirecta<\/p>\n<p class=\"p1\">Para una compresi\u00f3n \u00f3ptima, una combusti\u00f3n limpia y la m\u00e1xima fiabilidad.<\/p>\n<\/li>\n<\/ul>\n<h5><b>Kit de cojinetes<\/b><\/h5>\n<ul>\n<li>\n<p class=\"p1\">Drijfstanglagers (STD)<\/p>\n<p class=\"p1\"><i>(\u00bfDesea una medida superior? Ind\u00edquelo al realizar el pago).<\/i><i><\/i><\/p>\n<\/li>\n<li>\n<p class=\"p1\">Hoofdlagers \/ Lager del cig\u00fce\u00f1al (STD)<\/p>\n<p class=\"p1\"><i>(\u00bfDesea una medida superior? Ind\u00edquelo al realizar el pago).<\/i><i><\/i><\/p>\n<\/li>\n<li>\n<p class=\"p1\">Axiaallager (arandela de empuje)<\/p>\n<\/li>\n<\/ul>\n<h5><b>V\u00e1stago de v\u00e1lvula<\/b><\/h5>\n<ul>\n<li>\n<p class=\"p1\">Gu\u00edas de Klep<\/p>\n<\/li>\n<\/ul>\n<hr>\n<p>\u2714\ufe0f<br \/>\nModelos compatibles<br \/>\n<strong>Mitsubishi<\/strong><\/p>\n<ul>\n<li>K4E<\/li>\n<li>MT21, MT22, MT23, MT24, MT2501<\/li>\n<\/ul>\n<p><strong>Suzue<\/strong><\/p>\n<ul>\n<li>MT21, MT22, MT23, MT24, MT2501<\/li>\n<\/ul>\n<p><strong>MAM (Mitsubishi Agricultural Machinery Co., Ltd.)<\/strong><\/p>\n<ul>\n<li>MA35<\/li>\n<\/ul>\n<p><strong>Maquinaria de construcci\u00f3n Hitachi<\/strong><\/p>\n<ul>\n<li>UE30, UE40<\/li>\n<\/ul>\n<p><strong>Mitsubishi Maquinaria de Construcci\u00f3n<\/strong><\/p>\n<ul>\n<li>ME25, ME35, MX35, MX45<\/li>\n<\/ul>\n<p><strong>Sabb<\/strong><\/p>\n<ul>\n<li>Marina K4E<\/li>\n<li>Marina \u2013 aplicaci\u00f3n general K4E<\/li>\n<\/ul>\n<p><strong>Zeppelin<\/strong><\/p>\n<ul>\n<li>ZR8<\/li>\n<\/ul>\n<p><strong>Moffett<\/strong><\/p>\n<ul>\n<li>Mounty<\/li>\n<\/ul>\n<p><strong>Samofa<\/strong><\/p>\n<ul>\n<li>Est\u00e1ndar \/ Industrial K4E<\/li>\n<\/ul>\n<p><strong>Vetus<\/strong><\/p>\n<ul>\n<li>M4.14<\/li>\n<\/ul>\n<p><strong>Hanix<\/strong><\/p>\n<ul>\n<li>S&amp;B20S, M212T, M315T, N21, N260, N350<\/li>\n<\/ul>\n<p><strong>Terex-Schaeff<\/strong><\/p>\n<ul>\n<li>HR10, HR5, HR8<\/li>\n<\/ul>\n<p><strong>Furukawa<\/strong><\/p>\n<ul>\n<li>FL30<\/li>\n<\/ul>\n<p><strong>Aviador<\/strong><\/p>\n<ul>\n<li>Retroexcavadora, Airman (diversas aplicaciones)<\/li>\n<\/ul>\n<p><strong>Pel Job<\/strong><\/p>\n<ul>\n<li>LS386, LS2000<\/li>\n<\/ul>\n<p><strong>Weidemann<\/strong><\/p>\n<ul>\n<li>1705D\/M, 917D\/M, 919D\/M, 1802BLD\/M<\/li>\n<\/ul>\n<p><strong>HFL<\/strong><\/p>\n<ul>\n<li>H4G20M3<\/li>\n<\/ul>\n<p><strong>Hokuetsu<\/strong><\/p>\n<ul>\n<li>HM30S, HM30S-2, HM35S, HM35S-2<\/li>\n<\/ul>\n<p>&nbsp;<\/p>\n","protected":false},"excerpt":{"rendered":"<p>Este kit de reparaci\u00f3n completo es adecuado para el motor Mitsubishi K4E de 4 cilindros con INyecci\u00f3n indirecta. El kit est\u00e1 fabricado seg\u00fan las especificaciones OEM y contiene todos los componentes esenciales para una revisi\u00f3n completa, duradera y fiable del motor. Ideal para p\u00e9rdida de potencia, fuga de aceite, purga o compresi\u00f3n reducida. \u00a1Aplicable a&hellip;<\/p>\n","protected":false},"featured_media":196986,"comment_status":"","ping_status":"closed","template":"","meta":[],"product_cat":[504],"product_tag":[],"class_list":{"0":"post-181217","1":"product","2":"type-product","3":"status-publish","4":"has-post-thumbnail","6":"product_cat-kit-de-reparacion-de-motores","7":"pa_merk-airman-es","8":"pa_merk-hanix-es","9":"pa_merk-hitachi-es","10":"pa_merk-mitsubishi-es","11":"pa_merk-peljob-es","12":"pa_merk-suzue-es","14":"first","15":"instock","16":"sale","17":"taxable","18":"shipping-taxable","19":"purchasable","20":"product-type-simple","21":"col-xs-6 col-sm-4","22":"col-md-3 col-lg-3","23":"un-4-cols"},"_links":{"self":[{"href":"https:\/\/shop4trac.com\/es\/wp-json\/wp\/v2\/product\/181217","targetHints":{"allow":["GET"]}}],"collection":[{"href":"https:\/\/shop4trac.com\/es\/wp-json\/wp\/v2\/product"}],"about":[{"href":"https:\/\/shop4trac.com\/es\/wp-json\/wp\/v2\/types\/product"}],"replies":[{"embeddable":true,"href":"https:\/\/shop4trac.com\/es\/wp-json\/wp\/v2\/comments?post=181217"}],"wp:featuredmedia":[{"embeddable":true,"href":"https:\/\/shop4trac.com\/es\/wp-json\/wp\/v2\/media\/196986"}],"wp:attachment":[{"href":"https:\/\/shop4trac.com\/es\/wp-json\/wp\/v2\/media?parent=181217"}],"wp:term":[{"taxonomy":"product_cat","embeddable":true,"href":"https:\/\/shop4trac.com\/es\/wp-json\/wp\/v2\/product_cat?post=181217"},{"taxonomy":"product_tag","embeddable":true,"href":"https:\/\/shop4trac.com\/es\/wp-json\/wp\/v2\/product_tag?post=181217"}],"curies":[{"name":"wp","href":"https:\/\/api.w.org\/{rel}","templated":true}]}}