{"id":17849,"date":"2020-02-29T16:46:17","date_gmt":"2020-02-29T15:46:17","guid":{"rendered":"https:\/\/shop4trac.com\/product\/kit-de-mantenimiento-iseki-tu-1700-1900-2100-tipo4\/"},"modified":"2025-12-11T21:34:03","modified_gmt":"2025-12-11T19:34:03","slug":"filterset-iseki-tu-1700-1900-2100-type4","status":"publish","type":"product","link":"https:\/\/shop4trac.com\/es\/filtros\/juegos-de-filtros\/filterset-iseki-tu-1700-1900-2100-type4\/","title":{"rendered":"Kit de filtro Iseki TU 1700 \u2013 TU2101F | Bolens G212 \u2013 G214"},"content":{"rendered":"<h4><b>\u2705 Kit de filtro | Kit de mantenimiento para <\/b><b>tractores Iseki TU, TE &amp; Bolens<\/b><\/h4>\n<p class=\"p3\"><b>Filtros de ajuste perfecto para un mantenimiento fiable.<\/b><b><\/b><\/p>\n<p class=\"p4\">Este kit de mantenimiento ha sido especialmente dise\u00f1ado para varios modelos Iseki TU &amp; TE, as\u00ed como para las variantes de Bolens con motores Iseki. Ideal para el mantenimiento peri\u00f3dico de tu minitractor. <\/p>\n<p><strong>\u00a1Muy importante! Este juego <g id=\"gid_0\">incluye un tap\u00f3n de c\u00e1rter con junta de cobre<\/g>. A menudo se olvida la junta del tap\u00f3n del c\u00e1rter de aceite, lo que provoca fugas de aceite. \u00a1Siempre debe sustituirse!  <\/strong><\/p>\n<h5><b>Contenido del kit:<\/b><\/h5>\n<p class=\"p3\"><span class=\"s2\">\u2714\ufe0f <\/span><b>Filtro de aceite<\/b><b><\/b><\/p>\n<p class=\"p3\"><span class=\"s2\">\u2714\ufe0f <\/span><b>Filtro de combustible<\/b><b><\/b><\/p>\n<ul>\n<li>\n<p class=\"p1\">Longitud: <span class=\"s1\"><b>70 mm<\/b><\/span><\/p>\n<\/li>\n<\/ul>\n<p class=\"p3\"><span class=\"s2\">\u2714\ufe0f <\/span><b>Filtro de aire<\/b><b><\/b><\/p>\n<ul>\n<li class=\"p1\">Longitud: <span class=\"s1\"><b>195 mm<\/b><b><\/b><\/span><\/li>\n<li class=\"p1\">Di\u00e1metro exterior: <span class=\"s1\"><b>104 mm<\/b><\/span><\/li>\n<\/ul>\n<p><span class=\"s2\">\u2714\ufe0f <\/span><b>Tap\u00f3n de c\u00e1rter<\/b><\/p>\n<ul>\n<li>Junta de cobre para evitar fugas de aceite<\/li>\n<\/ul>\n<h5><b>\u2705 Adecuado para:<\/b><\/h5>\n<p><strong>Iseki<\/strong><\/p>\n<ul>\n<li>TU1700, TU1900, TU2100, TE3210<\/li>\n<li>TU1700F, TU1701F, TU1900F, TU1901F, TU2100F, TU2101F<\/li>\n<\/ul>\n<p><strong>Bolens<\/strong><\/p>\n<ul>\n<li>G212, G214<\/li>\n<\/ul>\n<p><strong>Jefe de Campo Blanco<\/strong><\/p>\n<ul>\n<li>21<\/li>\n<\/ul>\n<p><strong>OEM de referencia<\/strong><\/p>\n<ul>\n<li>1415-102-0110-0, 1444-101-3700-0, 6513-240-026-10<\/li>\n<\/ul>\n","protected":false},"excerpt":{"rendered":"<p>\u2705 Kit de filtro | Kit de mantenimiento para tractores Iseki TU, TE &amp; Bolens Filtros de ajuste perfecto para un mantenimiento fiable. Este kit de mantenimiento ha sido especialmente dise\u00f1ado para varios modelos Iseki TU &amp; TE, as\u00ed como para las variantes de Bolens con motores Iseki. Ideal para el mantenimiento peri\u00f3dico de tu&hellip;<\/p>\n","protected":false},"featured_media":182407,"comment_status":"open","ping_status":"closed","template":"","meta":[],"product_cat":[474],"product_tag":[3897],"class_list":{"0":"post-17849","1":"product","2":"type-product","3":"status-publish","4":"has-post-thumbnail","6":"product_cat-juegos-de-filtros","7":"product_tag-snelparts-es","8":"pa_merk-bolens-es","9":"pa_merk-iseki-es","10":"pa_merk-white-field-boss-es","12":"first","13":"instock","14":"sale","15":"taxable","16":"shipping-taxable","17":"purchasable","18":"product-type-simple","19":"col-xs-6 col-sm-4","20":"col-md-3 col-lg-3","21":"un-4-cols"},"_links":{"self":[{"href":"https:\/\/shop4trac.com\/es\/wp-json\/wp\/v2\/product\/17849","targetHints":{"allow":["GET"]}}],"collection":[{"href":"https:\/\/shop4trac.com\/es\/wp-json\/wp\/v2\/product"}],"about":[{"href":"https:\/\/shop4trac.com\/es\/wp-json\/wp\/v2\/types\/product"}],"replies":[{"embeddable":true,"href":"https:\/\/shop4trac.com\/es\/wp-json\/wp\/v2\/comments?post=17849"}],"wp:featuredmedia":[{"embeddable":true,"href":"https:\/\/shop4trac.com\/es\/wp-json\/wp\/v2\/media\/182407"}],"wp:attachment":[{"href":"https:\/\/shop4trac.com\/es\/wp-json\/wp\/v2\/media?parent=17849"}],"wp:term":[{"taxonomy":"product_cat","embeddable":true,"href":"https:\/\/shop4trac.com\/es\/wp-json\/wp\/v2\/product_cat?post=17849"},{"taxonomy":"product_tag","embeddable":true,"href":"https:\/\/shop4trac.com\/es\/wp-json\/wp\/v2\/product_tag?post=17849"}],"curies":[{"name":"wp","href":"https:\/\/api.w.org\/{rel}","templated":true}]}}