{"id":17847,"date":"2020-02-29T16:46:17","date_gmt":"2020-02-29T15:46:17","guid":{"rendered":"https:\/\/shop4trac.com\/product\/kit-de-mantenimiento-iseki-tu-1400-1500-1600\/"},"modified":"2026-02-26T15:37:07","modified_gmt":"2026-02-26T14:37:07","slug":"kit-de-mantenimiento-iseki-tu-1400-1500-1600","status":"publish","type":"product","link":"https:\/\/shop4trac.com\/es\/filtros\/juegos-de-filtros\/kit-de-mantenimiento-iseki-tu-1400-1500-1600\/","title":{"rendered":"Kit de filtro Iseki TU1400F \u2013 TU1600F | TU1401 \u2013 TU1601"},"content":{"rendered":"<p>Kit de mantenimiento para Iseki<\/p>\n<p class=\"p3\"><b>Rendimiento compacto: filtros fiables para tu Iseki.<\/b><b><\/b><\/p>\n<p class=\"p4\">Este kit de mantenimiento ha sido cuidadosamente elaborado para tractores Iseki de las series TU y TX. Ideal para el mantenimiento regular o la revisi\u00f3n general, con filtros que se adaptan perfectamente a tu tractor japon\u00e9s. <\/p>\n<p><span style=\"text-decoration: underline;\"><strong>\u00a1Muy importante! Este juego incluye una junta de cobre para el tap\u00f3n del c\u00e1rter. A menudo se olvida la junta del tap\u00f3n del c\u00e1rter de aceite, lo que provoca fugas de aceite. \u00a1Siempre debe reemplazarse!   <\/strong><\/span><\/p>\n<p class=\"p3\"><span class=\"s2\">\u2714\ufe0f <\/span><b>Filtro de aceite<\/b><b><\/b><\/p>\n<p class=\"p4\"><i>(especificaciones seg\u00fan modelo \u2013 compatible con la serie TU &amp; TX)<\/i><i><\/i><\/p>\n<p class=\"p3\"><span class=\"s2\">\u2714\ufe0f <\/span><b>Filtro de combustible<\/b><b><\/b><\/p>\n<ul>\n<li class=\"p1\">Di\u00e1metro exterior: <span class=\"s1\"><b>29 mm<\/b><b><\/b><\/span><\/li>\n<li class=\"p1\">Di\u00e1metro interior: <span class=\"s1\"><b>13 mm<\/b><b><\/b><\/span><\/li>\n<li class=\"p1\">Longitud: <span class=\"s1\"><b>58 mm<\/b><\/span><\/li>\n<\/ul>\n<p class=\"p3\"><span class=\"s2\">\u2714\ufe0f <\/span><b>Filtro de aire<\/b><b><\/b><\/p>\n<ul>\n<li class=\"p1\">Longitud: <span class=\"s1\"><b>185 mm<\/b><b><\/b><\/span><\/li>\n<li class=\"p1\">(aprox. <span class=\"s1\"><b>7.25\u201d pulgadas<\/b><\/span> de longitud)<\/li>\n<\/ul>\n<p><span class=\"s2\">\u2714\ufe0f <\/span><b>Tap\u00f3n de c\u00e1rter<\/b><\/p>\n<ul>\n<li>Junta de cobre para evitar fugas de aceite<\/li>\n<\/ul>\n<p>Adecuado para los siguientes tipos:<\/p>\n<p><strong>Iseki<\/strong><\/p>\n<ul>\n<li>TU1400, TU1400F TU1500, TU1500F TU1600, TU1600F TU1401, TU1501, TU1601<\/li>\n<\/ul>\n","protected":false},"excerpt":{"rendered":"<p>Kit de mantenimiento para Iseki Rendimiento compacto: filtros fiables para tu Iseki. Este kit de mantenimiento ha sido cuidadosamente elaborado para tractores Iseki de las series TU y TX. Ideal para el mantenimiento regular o la revisi\u00f3n general, con filtros que se adaptan perfectamente a tu tractor japon\u00e9s. \u00a1Muy importante! Este juego incluye una junta&hellip;<\/p>\n","protected":false},"featured_media":181940,"comment_status":"open","ping_status":"closed","template":"","meta":[],"product_cat":[474],"product_tag":[3897],"class_list":{"0":"post-17847","1":"product","2":"type-product","3":"status-publish","4":"has-post-thumbnail","6":"product_cat-juegos-de-filtros","7":"product_tag-snelparts-es","8":"pa_merk-iseki-es","10":"first","11":"instock","12":"sale","13":"taxable","14":"shipping-taxable","15":"purchasable","16":"product-type-simple","17":"col-xs-6 col-sm-4","18":"col-md-3 col-lg-3","19":"un-4-cols"},"_links":{"self":[{"href":"https:\/\/shop4trac.com\/es\/wp-json\/wp\/v2\/product\/17847","targetHints":{"allow":["GET"]}}],"collection":[{"href":"https:\/\/shop4trac.com\/es\/wp-json\/wp\/v2\/product"}],"about":[{"href":"https:\/\/shop4trac.com\/es\/wp-json\/wp\/v2\/types\/product"}],"replies":[{"embeddable":true,"href":"https:\/\/shop4trac.com\/es\/wp-json\/wp\/v2\/comments?post=17847"}],"wp:featuredmedia":[{"embeddable":true,"href":"https:\/\/shop4trac.com\/es\/wp-json\/wp\/v2\/media\/181940"}],"wp:attachment":[{"href":"https:\/\/shop4trac.com\/es\/wp-json\/wp\/v2\/media?parent=17847"}],"wp:term":[{"taxonomy":"product_cat","embeddable":true,"href":"https:\/\/shop4trac.com\/es\/wp-json\/wp\/v2\/product_cat?post=17847"},{"taxonomy":"product_tag","embeddable":true,"href":"https:\/\/shop4trac.com\/es\/wp-json\/wp\/v2\/product_tag?post=17847"}],"curies":[{"name":"wp","href":"https:\/\/api.w.org\/{rel}","templated":true}]}}