{"id":17845,"date":"2020-02-29T16:46:17","date_gmt":"2020-02-29T15:46:17","guid":{"rendered":"https:\/\/shop4trac.com\/product\/kit-de-mantenimiento-iseki-tu-landhope-sial-type1\/"},"modified":"2026-03-18T18:51:22","modified_gmt":"2026-03-18T17:51:22","slug":"filter-set-iseki-tu-landhope-sial-type1","status":"publish","type":"product","link":"https:\/\/shop4trac.com\/es\/filtros\/juegos-de-filtros\/filter-set-iseki-tu-landhope-sial-type1\/","title":{"rendered":"Kit de filtro Iseki TU Landhope TU120 \u2013 TU177F | Landhope 120 \u2013 Landhope 177"},"content":{"rendered":"<h4><b>\u2705 Kit de filtro | Kit de mantenimiento para <\/b><b>Iseki TU Landhope hasta 18 CV<\/b><\/h4>\n<p class=\"p3\"><b>Potencia compacta: filtros ajustados con precisi\u00f3n para modelos TU m\u00e1s peque\u00f1os.<\/b><b><\/b><\/p>\n<p class=\"p4\">Este kit de mantenimiento est\u00e1 especialmente dise\u00f1ado para tractores Iseki TU Landhope de hasta 18 CV. Todo lo que necesita para un mantenimiento completo, incluidas las especificaciones exactas para un ajuste perfecto. <\/p>\n<p><strong>\u00a1Muy importante! Este juego incluye una junta de cobre para el tap\u00f3n del c\u00e1rter. A menudo se olvida la junta del tap\u00f3n del c\u00e1rter de aceite, lo que provoca fugas de aceite. \u00a1Siempre debe reemplazarse!   <\/strong><\/p>\n<h3><b>Contenido del kit:<\/b><\/h3>\n<p class=\"p3\"><span class=\"s2\">\u2714\ufe0f <\/span><b>Filtro de aceite<\/b><b><\/b><\/p>\n<ul>\n<li class=\"p1\">Rosca: <span class=\"s1\"><b>M20 x 1,5<\/b><b><\/b><\/span><\/li>\n<li class=\"p1\">Secci\u00f3n: <span class=\"s1\"><b>80 mm<\/b><b><\/b><\/span><\/li>\n<li class=\"p1\">Altura: <span class=\"s1\"><b>80 mm<\/b><\/span><\/li>\n<\/ul>\n<p class=\"p3\"><span class=\"s2\">\u2714\ufe0f <\/span><b>Filtro de combustible<\/b><b><\/b><\/p>\n<ul>\n<li class=\"p1\">Di\u00e1metro exterior: <span class=\"s1\"><b>29 mm<\/b><b><\/b><\/span><\/li>\n<li class=\"p1\">Di\u00e1metro interior: <span class=\"s1\"><b>13 mm<\/b><b><\/b><\/span><\/li>\n<li class=\"p1\">Longitud: <span class=\"s1\"><b>56 mm<\/b><\/span><\/li>\n<\/ul>\n<p class=\"p3\"><span class=\"s2\">\u2714\ufe0f <\/span><b>Filtro de aire<\/b><b><\/b><\/p>\n<ul>\n<li class=\"p1\">Di\u00e1metro exterior: <span class=\"s1\"><b>83 mm<\/b><b><\/b><\/span><\/li>\n<li class=\"p1\">Di\u00e1metro de la tapa met\u00e1lica: <span class=\"s1\"><b>125 mm<\/b><b><\/b><\/span><\/li>\n<li class=\"p1\">Longitud: <span class=\"s1\"><b>188 mm<\/b><\/span><\/li>\n<\/ul>\n<p><span class=\"s2\">\u2714\ufe0f <\/span><b>Tap\u00f3n de c\u00e1rter<\/b><\/p>\n<ul>\n<li>Junta de cobre para evitar fugas de aceite<\/li>\n<\/ul>\n<h3><b>\u2705 Adecuado para:<\/b><\/h3>\n<p><strong>Iseki<\/strong><\/p>\n<ul>\n<li>TU120, TU130, TU140, TU150, TU160, TU170, TU125, TU135, TU145, TU155, TU165, TU175, TU127, TU137, TU147, TU157, TU167, TU177<\/li>\n<\/ul>\n<p><strong>OEM de referencia<\/strong><\/p>\n<ul>\n<li>5650-040-936-40 \u2013 filtro de aceite<\/li>\n<li>MM409365 \u2013 filtro de aceite<\/li>\n<li>1575-104-200-00, 1544-104-202-00, 1593-104-502-00 \u2013 Filtro de aire<\/li>\n<li>5650-040-487-90, MM404879 \u2013 filtro de combustible<\/li>\n<\/ul>\n<p>&nbsp;<\/p>\n","protected":false},"excerpt":{"rendered":"<p>\u2705 Kit de filtro | Kit de mantenimiento para Iseki TU Landhope hasta 18 CV Potencia compacta: filtros ajustados con precisi\u00f3n para modelos TU m\u00e1s peque\u00f1os. Este kit de mantenimiento est\u00e1 especialmente dise\u00f1ado para tractores Iseki TU Landhope de hasta 18 CV. Todo lo que necesita para un mantenimiento completo, incluidas las especificaciones exactas para&hellip;<\/p>\n","protected":false},"featured_media":181978,"comment_status":"open","ping_status":"closed","template":"","meta":[],"product_cat":[474],"product_tag":[3897],"class_list":{"0":"post-17845","1":"product","2":"type-product","3":"status-publish","4":"has-post-thumbnail","6":"product_cat-juegos-de-filtros","7":"product_tag-snelparts-es","8":"pa_merk-iseki-es","10":"first","11":"instock","12":"sale","13":"taxable","14":"shipping-taxable","15":"purchasable","16":"product-type-simple","17":"col-xs-6 col-sm-4","18":"col-md-3 col-lg-3","19":"un-4-cols"},"_links":{"self":[{"href":"https:\/\/shop4trac.com\/es\/wp-json\/wp\/v2\/product\/17845","targetHints":{"allow":["GET"]}}],"collection":[{"href":"https:\/\/shop4trac.com\/es\/wp-json\/wp\/v2\/product"}],"about":[{"href":"https:\/\/shop4trac.com\/es\/wp-json\/wp\/v2\/types\/product"}],"replies":[{"embeddable":true,"href":"https:\/\/shop4trac.com\/es\/wp-json\/wp\/v2\/comments?post=17845"}],"wp:featuredmedia":[{"embeddable":true,"href":"https:\/\/shop4trac.com\/es\/wp-json\/wp\/v2\/media\/181978"}],"wp:attachment":[{"href":"https:\/\/shop4trac.com\/es\/wp-json\/wp\/v2\/media?parent=17845"}],"wp:term":[{"taxonomy":"product_cat","embeddable":true,"href":"https:\/\/shop4trac.com\/es\/wp-json\/wp\/v2\/product_cat?post=17845"},{"taxonomy":"product_tag","embeddable":true,"href":"https:\/\/shop4trac.com\/es\/wp-json\/wp\/v2\/product_tag?post=17845"}],"curies":[{"name":"wp","href":"https:\/\/api.w.org\/{rel}","templated":true}]}}