{"id":17828,"date":"2020-02-29T16:48:04","date_gmt":"2020-02-29T15:48:04","guid":{"rendered":"https:\/\/shop4trac.com\/product\/kit-de-mantenimiento-kubota-gl240-gl28\/"},"modified":"2025-09-25T17:59:10","modified_gmt":"2025-09-25T15:59:10","slug":"kit-de-mantenimiento-kubota-gl240-gl28","status":"publish","type":"product","link":"https:\/\/shop4trac.com\/es\/filtros\/juegos-de-filtros\/kit-de-mantenimiento-kubota-gl240-gl28\/","title":{"rendered":"Kit de filtro Kubota GL201 \u2013 GL338 | Hinomoto NX220 \u2013 NX338"},"content":{"rendered":"<h4><b>\u2705 Kit de mantenimiento para <\/b><b>la serie Kubota GL-01<\/b><b> y <\/b><b>la serie Hinomoto NX-01<\/b><\/h4>\n<p class=\"p3\"><b>Kit de filtro completo para 500 horas de funcionamiento o 2 a\u00f1os de mantenimiento: \u00a1sencillo y eficiente!<\/b><b><\/b><\/p>\n<p class=\"p4\">Realice una revisi\u00f3n exhaustiva de su tractor con este juego completo de filtros. Perfectamente adaptado a la <span class=\"s2\"><b>serie Kubota GL<\/b><\/span> y a varios modelos <span class=\"s2\"><b>Hinomoto<\/b><\/span>. \u00a1As\u00ed su m\u00e1quina seguir\u00e1 funcionando de maravilla! \u2600\ufe0f?   <\/p>\n<hr>\n<h3><b>? Contenido del kit:<\/b><\/h3>\n<p class=\"p3\"><span class=\"s3\">\u2714\ufe0f <\/span><b>Filtro de aceite<\/b><b><\/b><\/p>\n<p class=\"p3\"><span class=\"s3\">\u2714\ufe0f <\/span><b>Filtro de combustible<\/b><b><\/b><\/p>\n<ul>\n<li class=\"p1\">Di\u00e1metro exterior: <span class=\"s1\"><b>35\u202fmm<\/b><b><\/b><\/span><\/li>\n<li class=\"p1\">Di\u00e1metro interior: <span class=\"s1\"><b>12 mm<\/b><b><\/b><\/span><\/li>\n<li class=\"p1\">Longitud: <span class=\"s1\"><b>90 mm<\/b><b><\/b><\/span><\/li>\n<\/ul>\n<p class=\"p2\"><span class=\"s2\">\u2714\ufe0f <\/span><b>Filtro de aire<\/b><b><\/b><\/p>\n<ul>\n<li class=\"p1\">Di\u00e1metro exterior: <span class=\"s1\"><b>105 mm<\/b><b><\/b><\/span><\/li>\n<li class=\"p1\">Di\u00e1metro interior: <span class=\"s1\"><b>54 mm<\/b><b><\/b><\/span><\/li>\n<li class=\"p1\">Longitud: <span class=\"s1\"><b>257 mm<\/b><\/span><\/li>\n<\/ul>\n<hr>\n<h5><b>\u2705 Apto para los siguientes modelos:<\/b><\/h5>\n<p><strong>Kubota<\/strong><\/p>\n<ul>\n<li>GL201 (ver filtro de aire), GL241 (ver filtro de aire), GL281 (ver filtro de aire), GL220, GL221, GL240, GL241, GL260, GL268, GL280, GL300, GL320, GL338<\/li>\n<\/ul>\n<p><strong>Hinomoto<\/strong><\/p>\n<ul>\n<li>\n<p class=\"p1\">Nx201, NX241, NX220, NX221, NX240, NX241, NX260, NX268, NX280, NX300, NX320, NX338<b><\/b><\/p>\n<\/li>\n<\/ul>\n<p><strong>OEM como referencia<\/strong><\/p>\n<ul>\n<li>Kubota 16271-43560<\/li>\n<li>KUBOTA 1522443010<\/li>\n<\/ul>\n","protected":false},"excerpt":{"rendered":"<p>\u2705 Kit de mantenimiento para la serie Kubota GL-01 y la serie Hinomoto NX-01 Kit de filtro completo para 500 horas de funcionamiento o 2 a\u00f1os de mantenimiento: \u00a1sencillo y eficiente! Realice una revisi\u00f3n exhaustiva de su tractor con este juego completo de filtros. Perfectamente adaptado a la serie Kubota GL y a varios modelos&hellip;<\/p>\n","protected":false},"featured_media":89117,"comment_status":"open","ping_status":"closed","template":"","meta":[],"product_cat":[474],"product_tag":[3897],"class_list":{"0":"post-17828","1":"product","2":"type-product","3":"status-publish","4":"has-post-thumbnail","6":"product_cat-juegos-de-filtros","7":"product_tag-snelparts-es","8":"pa_merk-hinomoto-es","9":"pa_merk-kubota-es","11":"first","12":"instock","13":"sale","14":"taxable","15":"shipping-taxable","16":"purchasable","17":"product-type-simple","18":"col-xs-6 col-sm-4","19":"col-md-3 col-lg-3","20":"un-4-cols"},"_links":{"self":[{"href":"https:\/\/shop4trac.com\/es\/wp-json\/wp\/v2\/product\/17828","targetHints":{"allow":["GET"]}}],"collection":[{"href":"https:\/\/shop4trac.com\/es\/wp-json\/wp\/v2\/product"}],"about":[{"href":"https:\/\/shop4trac.com\/es\/wp-json\/wp\/v2\/types\/product"}],"replies":[{"embeddable":true,"href":"https:\/\/shop4trac.com\/es\/wp-json\/wp\/v2\/comments?post=17828"}],"wp:featuredmedia":[{"embeddable":true,"href":"https:\/\/shop4trac.com\/es\/wp-json\/wp\/v2\/media\/89117"}],"wp:attachment":[{"href":"https:\/\/shop4trac.com\/es\/wp-json\/wp\/v2\/media?parent=17828"}],"wp:term":[{"taxonomy":"product_cat","embeddable":true,"href":"https:\/\/shop4trac.com\/es\/wp-json\/wp\/v2\/product_cat?post=17828"},{"taxonomy":"product_tag","embeddable":true,"href":"https:\/\/shop4trac.com\/es\/wp-json\/wp\/v2\/product_tag?post=17828"}],"curies":[{"name":"wp","href":"https:\/\/api.w.org\/{rel}","templated":true}]}}