{"id":17827,"date":"2020-02-29T16:48:05","date_gmt":"2020-02-29T15:48:05","guid":{"rendered":"https:\/\/shop4trac.com\/product\/kit-de-mantenimiento-kubota-gt-3-gt-5-gt-8\/"},"modified":"2025-08-01T18:28:54","modified_gmt":"2025-08-01T16:28:54","slug":"filterset-kubota-gt-3-gt-5-gt-8","status":"publish","type":"product","link":"https:\/\/shop4trac.com\/es\/filtros\/juegos-de-filtros\/filterset-kubota-gt-3-gt-5-gt-8\/","title":{"rendered":"Kit de filtro | Kit de servicio Kubota GT-3 GT-5 GT-8"},"content":{"rendered":"<h4><b>\u2705 Kit de mantenimiento para Kubota GT: \u00a1todo en un solo paquete!<\/b><\/h4>\n<p class=\"p3\"><b>Completo para 500 horas de funcionamiento: mantenimiento sin complicaciones.<\/b><b><\/b><\/p>\n<p class=\"p4\">Este kit ha sido especialmente dise\u00f1ado para su tractor <span class=\"s2\"><b>Kubota GT<\/b><\/span>. Con un solo pedido, obtendr\u00e1 todo lo que necesita para funcionar de forma segura y fiable. <\/p>\n<hr>\n<h3><b>? Contenido del kit:<\/b><\/h3>\n<p class=\"p3\"><b>Filtro de aceite<\/b><b><\/b><\/p>\n<p class=\"p4\">\u2714\ufe0f Compatible con la serie Kubota GT<\/p>\n<p class=\"p3\"><b>Filtro de combustible<\/b><b><\/b><\/p>\n<ul>\n<li class=\"p1\">Di\u00e1metro exterior: <span class=\"s1\"><b>35\u202fmm<\/b><b><\/b><\/span><\/li>\n<li class=\"p1\">Di\u00e1metro interior: <span class=\"s1\"><b>12 mm<\/b><b><\/b><\/span><\/li>\n<li class=\"p1\">Longitud: <span class=\"s1\"><b>90\u202fmm<\/b><\/span><\/li>\n<\/ul>\n<p class=\"p3\"><b>Filtro de aire<\/b><b><\/b><\/p>\n<ul>\n<li class=\"p1\">Di\u00e1metro exterior: <span class=\"s1\"><b>102 mm<\/b><b><\/b><\/span><\/li>\n<li class=\"p1\">Di\u00e1metro interior: <span class=\"s1\"><b>66 mm<\/b><b><\/b><\/span><\/li>\n<li class=\"p1\">Di\u00e1metro de la conexi\u00f3n met\u00e1lica: <span class=\"s1\"><b>146 mm<\/b><b><\/b><\/span><\/li>\n<li class=\"p1\">Longitud: <span class=\"s1\"><b>260 mm<\/b><\/span><\/li>\n<\/ul>\n<p>Adecuado para los siguientes modelos de Kubota<\/p>\n<p><strong>Kubota<\/strong><\/p>\n<ul>\n<li>GT-3, GT-5, GT-8<\/li>\n<\/ul>\n","protected":false},"excerpt":{"rendered":"<p>\u2705 Kit de mantenimiento para Kubota GT: \u00a1todo en un solo paquete! Completo para 500 horas de funcionamiento: mantenimiento sin complicaciones. Este kit ha sido especialmente dise\u00f1ado para su tractor Kubota GT. Con un solo pedido, obtendr\u00e1 todo lo que necesita para funcionar de forma segura y fiable. ? Contenido del kit: Filtro de aceite&hellip;<\/p>\n","protected":false},"featured_media":183144,"comment_status":"open","ping_status":"closed","template":"","meta":[],"product_cat":[474],"product_tag":[3897],"class_list":{"0":"post-17827","1":"product","2":"type-product","3":"status-publish","4":"has-post-thumbnail","6":"product_cat-juegos-de-filtros","7":"product_tag-snelparts-es","8":"pa_merk-kubota-es","10":"first","11":"instock","12":"sale","13":"taxable","14":"shipping-taxable","15":"purchasable","16":"product-type-simple","17":"col-xs-6 col-sm-4","18":"col-md-3 col-lg-3","19":"un-4-cols"},"_links":{"self":[{"href":"https:\/\/shop4trac.com\/es\/wp-json\/wp\/v2\/product\/17827","targetHints":{"allow":["GET"]}}],"collection":[{"href":"https:\/\/shop4trac.com\/es\/wp-json\/wp\/v2\/product"}],"about":[{"href":"https:\/\/shop4trac.com\/es\/wp-json\/wp\/v2\/types\/product"}],"replies":[{"embeddable":true,"href":"https:\/\/shop4trac.com\/es\/wp-json\/wp\/v2\/comments?post=17827"}],"wp:featuredmedia":[{"embeddable":true,"href":"https:\/\/shop4trac.com\/es\/wp-json\/wp\/v2\/media\/183144"}],"wp:attachment":[{"href":"https:\/\/shop4trac.com\/es\/wp-json\/wp\/v2\/media?parent=17827"}],"wp:term":[{"taxonomy":"product_cat","embeddable":true,"href":"https:\/\/shop4trac.com\/es\/wp-json\/wp\/v2\/product_cat?post=17827"},{"taxonomy":"product_tag","embeddable":true,"href":"https:\/\/shop4trac.com\/es\/wp-json\/wp\/v2\/product_tag?post=17827"}],"curies":[{"name":"wp","href":"https:\/\/api.w.org\/{rel}","templated":true}]}}