{"id":17816,"date":"2020-02-29T16:48:06","date_gmt":"2020-02-29T15:48:06","guid":{"rendered":"https:\/\/shop4trac.com\/product\/kit-de-mantenimiento-mitsubishi-mt14-mt16-mt17-mt18-mt20\/"},"modified":"2026-03-22T18:42:12","modified_gmt":"2026-03-22T17:42:12","slug":"kit-de-mantenimiento-mitsubishi-mt14-mt16-mt17-mt18-mt20","status":"publish","type":"product","link":"https:\/\/shop4trac.com\/es\/filtros\/juegos-de-filtros\/kit-de-mantenimiento-mitsubishi-mt14-mt16-mt17-mt18-mt20\/","title":{"rendered":"Kit de filtro Mitsubishi MT14 | MT16 | MT17 | MT18 | MT20"},"content":{"rendered":"<p>Kit de mantenimiento para Mitsubishi MT.<\/p>\n<p><span style=\"text-decoration: underline;\"><strong>\u00a1Muy importante! Este kit incluye tap\u00f3n de c\u00e1rter. A menudo se olvida el tap\u00f3n del c\u00e1rter de aceite, lo que provoca fugas de aceite. \u00a1Siempre debe reemplazarse!   <\/strong><\/span><\/p>\n<p class=\"p3\"><span class=\"s2\">\u2714\ufe0f <\/span><b>Filtro de aceite<\/b><b><\/b><\/p>\n<p class=\"p4\"><i>(especificaciones seg\u00fan modelo \u2013 \u00a1v\u00e1lido para la serie MT!<\/i><i><\/i><\/p>\n<p class=\"p3\"><span class=\"s2\">\u2714\ufe0f <\/span><b>Filtro de combustible<\/b><b><\/b><\/p>\n<ul>\n<li class=\"p1\">Di\u00e1metro exterior: <span class=\"s1\"><b>29 mm<\/b><b><\/b><\/span><\/li>\n<li class=\"p1\">Di\u00e1metro interior: <span class=\"s1\"><b>13 mm<\/b><b><\/b><\/span><\/li>\n<li class=\"p1\">Longitud: <span class=\"s1\"><b>58 mm<\/b><\/span><\/li>\n<\/ul>\n<p class=\"p3\"><span class=\"s2\">\u2714\ufe0f <\/span><b>Filtro de aire<\/b><b><\/b><\/p>\n<ul>\n<li class=\"p1\">Longitud: <span class=\"s1\"><b>185 mm<\/b><b><\/b><\/span><\/li>\n<li class=\"p1\">(aprox. <span class=\"s1\"><b>7.25\u201d pulgadas<\/b><\/span> de longitud)<\/li>\n<\/ul>\n<p><span class=\"s2\">\u2714\ufe0f <\/span><b>Tap\u00f3n de c\u00e1rter<\/b><\/p>\n<ul>\n<li>Junta de cobre para evitar fugas de aceite<\/li>\n<\/ul>\n<p><strong>Mitsubishi<\/strong><\/p>\n<ul>\n<li>MT14, MT16, MT17, MT18, MT20<\/li>\n<li>MT14D, MT16D, MT17D, MT18D, MT20D<\/li>\n<\/ul>\n","protected":false},"excerpt":{"rendered":"<p>Kit de mantenimiento para Mitsubishi MT. \u00a1Muy importante! Este kit incluye tap\u00f3n de c\u00e1rter. A menudo se olvida el tap\u00f3n del c\u00e1rter de aceite, lo que provoca fugas de aceite. \u00a1Siempre debe reemplazarse! \u2714\ufe0f Filtro de aceite (especificaciones seg\u00fan modelo \u2013 \u00a1v\u00e1lido para la serie MT! \u2714\ufe0f Filtro de combustible Di\u00e1metro exterior: 29 mm Di\u00e1metro&hellip;<\/p>\n","protected":false},"featured_media":181940,"comment_status":"open","ping_status":"closed","template":"","meta":[],"product_cat":[474],"product_tag":[3897],"class_list":{"0":"post-17816","1":"product","2":"type-product","3":"status-publish","4":"has-post-thumbnail","6":"product_cat-juegos-de-filtros","7":"product_tag-snelparts-es","8":"pa_merk-kumiai-es","9":"pa_merk-mitsubishi-es","11":"first","12":"instock","13":"sale","14":"taxable","15":"shipping-taxable","16":"purchasable","17":"product-type-simple","18":"col-xs-6 col-sm-4","19":"col-md-3 col-lg-3","20":"un-4-cols"},"_links":{"self":[{"href":"https:\/\/shop4trac.com\/es\/wp-json\/wp\/v2\/product\/17816","targetHints":{"allow":["GET"]}}],"collection":[{"href":"https:\/\/shop4trac.com\/es\/wp-json\/wp\/v2\/product"}],"about":[{"href":"https:\/\/shop4trac.com\/es\/wp-json\/wp\/v2\/types\/product"}],"replies":[{"embeddable":true,"href":"https:\/\/shop4trac.com\/es\/wp-json\/wp\/v2\/comments?post=17816"}],"wp:featuredmedia":[{"embeddable":true,"href":"https:\/\/shop4trac.com\/es\/wp-json\/wp\/v2\/media\/181940"}],"wp:attachment":[{"href":"https:\/\/shop4trac.com\/es\/wp-json\/wp\/v2\/media?parent=17816"}],"wp:term":[{"taxonomy":"product_cat","embeddable":true,"href":"https:\/\/shop4trac.com\/es\/wp-json\/wp\/v2\/product_cat?post=17816"},{"taxonomy":"product_tag","embeddable":true,"href":"https:\/\/shop4trac.com\/es\/wp-json\/wp\/v2\/product_tag?post=17816"}],"curies":[{"name":"wp","href":"https:\/\/api.w.org\/{rel}","templated":true}]}}