{"id":17591,"date":"2020-02-29T16:47:21","date_gmt":"2020-02-29T15:47:21","guid":{"rendered":"https:\/\/shop4trac.com\/product\/culata-kubota-a-13-a-14-d722\/"},"modified":"2025-11-19T19:40:56","modified_gmt":"2025-11-19T17:40:56","slug":"cilinderkop-kubota-a-13-a-14-d722","status":"publish","type":"product","link":"https:\/\/shop4trac.com\/es\/partes-de-motor\/culata-del-motor\/cilinderkop-kubota-a-13-a-14-d722\/","title":{"rendered":"Culata Kubota D722-E-BX | D722-E2-BX-2 | D722-E3-BX-2 | D722-E4-BX-1 | D722-E4 | D782"},"content":{"rendered":"<p>Se trata de una <strong>nueva<\/strong> culata fabricada con material de alta calidad. Los asientos de v\u00e1lvula ya est\u00e1n montados y listos para usar. Los modelos compatibles que figuran a continuaci\u00f3n se han buscado con sumo cuidado en la culata.<\/p>\n<p><span style=\"text-decoration: underline\"><strong>Esta culata corresponde al modelo antiguo. Compare los puntos que est\u00e1n marcados con un c\u00edrculo en la imagen. <\/strong><\/span><\/p>\n<p><span style=\"text-decoration: underline\"><strong>Puede encontrar el nuevo modelo buscando en la barra de b\u00fasqueda: \u201cVAR-0177\u201d<\/strong><\/span><\/p>\n<p><strong>Kubota  <\/strong><\/p>\n<ul>\n<li>B7300HSD, B7400HSD<\/li>\n<li>B1620D, BX1800, BX1850, BX1860, BX1870D, BX1880, D722-D25 (2009 y posteriores), D722-E-BX, D722-E2-BX-2, D722-E3-BX-2, D722-E4-BX-1 , D722-E4<\/li>\n<li>KC110HR-4<\/li>\n<li>B1610<\/li>\n<li>B52<\/li>\n<li>ZD18, ZD21<\/li>\n<li>A-13, A-14<\/li>\n<li>GB14<\/li>\n<li>BX1800D, BX1830D, BX1850D, BX1860D<\/li>\n<li>G1900, G1900S, GF1800, GF1800E<\/li>\n<li>K008, K008-3, TG1860-48, TG1860B54, TG186054, ZD1860AAB54, TG1860AAB54, TG1860AAB54, TG1860AAB54<\/li>\n<\/ul>\n<p><strong>Bobcat<\/strong><\/p>\n<ul>\n<li>316, 323, 320,<\/li>\n<li>316, 319, 322, 323, E08, E10, E14, E16, E17, E17Z, E19, 2200D, 2200S, 2300<\/li>\n<\/ul>\n<p><strong>Komatsu<\/strong><\/p>\n<ul>\n<li>PC100-5<\/li>\n<\/ul>\n<p><strong>Avant  <\/strong><\/p>\n<ul>\n<li>R20, 320, 320+, 320S, 320S+, 520, 520+, 523+<\/li>\n<\/ul>\n<p><strong>Gigante  <\/strong><\/p>\n<ul>\n<li>D202S, D204SW, D204SW Televisor<\/li>\n<\/ul>\n<p><strong>Sch\u00e4ffer<\/strong><\/p>\n<ul>\n<li>2020, 2021, 217<\/li>\n<\/ul>\n<p><strong>Takeuchi<\/strong><\/p>\n<ul>\n<li>TB210R<\/li>\n<\/ul>\n<p><strong>Motor Kubota<\/strong><\/p>\n<ul>\n<li>D722, D722EBH, D772B, D722-E-BX, D722-E2-BX-2, D722-E3-BX-2, D722-E4-BX-1, D722-E4<\/li>\n<\/ul>\n<p><strong>OEM como referencia<\/strong><\/p>\n<ul>\n<li>16873-03040, 16873-0304-0<\/li>\n<\/ul>\n","protected":false},"excerpt":{"rendered":"<p>Se trata de una nueva culata fabricada con material de alta calidad. Los asientos de v\u00e1lvula ya est\u00e1n montados y listos para usar. Los modelos compatibles que figuran a continuaci\u00f3n se han buscado con sumo cuidado en la culata. Esta culata corresponde al modelo antiguo. Compare los puntos que est\u00e1n marcados con un c\u00edrculo en&hellip;<\/p>\n","protected":false},"featured_media":89221,"comment_status":"open","ping_status":"open","template":"","meta":[],"product_cat":[496],"product_tag":[2643,3897],"class_list":{"0":"post-17591","1":"product","2":"type-product","3":"status-publish","4":"has-post-thumbnail","6":"product_cat-culata-del-motor","7":"product_tag-d722-es","8":"product_tag-snelparts-es","9":"pa_merk-avant-es","10":"pa_merk-bobcat-es","11":"pa_merk-giant-es","12":"pa_merk-komatsu-es","13":"pa_merk-kubota-es","14":"pa_merk-schaffer-es","15":"pa_merk-takeuchi-es","16":"pa_motor-d722-es","17":"pa_motor-d782-es","19":"first","20":"instock","21":"sale","22":"taxable","23":"shipping-taxable","24":"purchasable","25":"product-type-simple","26":"col-xs-6 col-sm-4","27":"col-md-3 col-lg-3","28":"un-4-cols"},"_links":{"self":[{"href":"https:\/\/shop4trac.com\/es\/wp-json\/wp\/v2\/product\/17591","targetHints":{"allow":["GET"]}}],"collection":[{"href":"https:\/\/shop4trac.com\/es\/wp-json\/wp\/v2\/product"}],"about":[{"href":"https:\/\/shop4trac.com\/es\/wp-json\/wp\/v2\/types\/product"}],"replies":[{"embeddable":true,"href":"https:\/\/shop4trac.com\/es\/wp-json\/wp\/v2\/comments?post=17591"}],"wp:featuredmedia":[{"embeddable":true,"href":"https:\/\/shop4trac.com\/es\/wp-json\/wp\/v2\/media\/89221"}],"wp:attachment":[{"href":"https:\/\/shop4trac.com\/es\/wp-json\/wp\/v2\/media?parent=17591"}],"wp:term":[{"taxonomy":"product_cat","embeddable":true,"href":"https:\/\/shop4trac.com\/es\/wp-json\/wp\/v2\/product_cat?post=17591"},{"taxonomy":"product_tag","embeddable":true,"href":"https:\/\/shop4trac.com\/es\/wp-json\/wp\/v2\/product_tag?post=17591"}],"curies":[{"name":"wp","href":"https:\/\/api.w.org\/{rel}","templated":true}]}}