{"id":17590,"date":"2020-02-29T16:47:21","date_gmt":"2020-02-29T15:47:21","guid":{"rendered":"https:\/\/shop4trac.com\/product\/culata-kubota-a-15-a-155-d905-motor\/"},"modified":"2025-08-07T13:38:16","modified_gmt":"2025-08-07T11:38:16","slug":"cilinderkop-kubota-a-15-a-155-d905-motor","status":"publish","type":"product","link":"https:\/\/shop4trac.com\/es\/partes-de-motor\/culata-del-motor\/cilinderkop-kubota-a-15-a-155-d905-motor\/","title":{"rendered":"Culata completa Kubota D905 | 3D72 | D905E | D905B"},"content":{"rendered":"<h4><b>Variante 1. Culata completa con v\u00e1lvulas y muelles \u2013 lista para su montaje directo <\/b><\/h4>\n<p class=\"p3\">Esta nueva culata est\u00e1 fabricada con material de alta calidad y se entrega completa, incluyendo v\u00e1lvulas y muelles ya montados. Gracias al ensamblaje completo, no es necesario transferir ni ajustar piezas. <\/p>\n<p class=\"p3\">\u2705 Totalmente ensamblada<\/p>\n<p class=\"p3\">\u2705 Incluye v\u00e1lvulas y muelles<\/p>\n<p class=\"p3\">\u2705 No requiere ajustes adicionales<\/p>\n<p class=\"p3\">\u2705 Lista para su montaje directo<\/p>\n<p class=\"p3\">Una soluci\u00f3n lista para usar que ahorra tiempo en el taller y minimiza el riesgo de errores de montaje.<\/p>\n<p class=\"p3\">Esta culata se ha emparejado cuidadosamente con los siguientes modelos compatibles.<\/p>\n<hr>\n<h4><b>Variante 2. Culata desnuda \u2013 con asientos de v\u00e1lvula premontados <\/b><\/h4>\n<p class=\"p3\">Esta culata est\u00e1 fabricada con material de alta calidad y se suministra como una culata desnuda con los asientos de v\u00e1lvula ya montados. Por lo tanto, la culata est\u00e1 preparada para su posterior montaje con sus componentes existentes o nuevos. <\/p>\n<p class=\"p3\">\u2705 Nueva culata de m\u00e1xima calidad<\/p>\n<p class=\"p3\">\u2705 Asientos de v\u00e1lvula ya montados<\/p>\n<p class=\"p3\">\u2705 Lista para su posterior ensamblaje<\/p>\n<p class=\"p3\">\u2705 Adecuada para revisi\u00f3n o aplicaci\u00f3n a medida<\/p>\n<p class=\"p3\">Ideal para quienes desean mantener el control sobre el ensamblaje final o reutilizar piezas espec\u00edficas.<\/p>\n<p class=\"p3\">La culata es adecuada para los siguientes modelos:<\/p>\n<p><strong>Motor Kubota<\/strong><\/p>\n<ul>\n<li>D905, 3D72, D905E, D905B<\/li>\n<li>D905-E2B\/E2BG<\/li>\n<\/ul>\n<p><strong>Kubota  <\/strong><\/p>\n<ul>\n<li>A15, A155<\/li>\n<li>B20, B72, B1700, B1710, B1830<\/li>\n<li>BX22, BX23, BX2200<\/li>\n<li>GB15, GB16, GB150, GB155, GB160<\/li>\n<li>F2100<\/li>\n<li>B1700D, B1700HSD, B1710D, BX2200<\/li>\n<\/ul>\n<p><strong>Genius<\/strong><\/p>\n<ul>\n<li>&gt; Z-34\/22 IC (100 -&gt;), Z-34\/22 IC (&gt; \u2013 3241), Z-34\/22 IC (3242 -&gt; 3334), Z-34\/22 IC (3335 -&gt; 4799), Z-34\/22 IC (Z3406-4800 \u2013 )<\/li>\n<li>GS-2668 RT (Nivel 2, 43886 \u2013 44770) (-2007), GS-2668 RT (101 \u2013 41999) (-2007), GS-2668 RT (42000 \u2013 43885) (-2007), GS-3268 RT ( Tier 2, 43886 \u2013 44770) (-2007), GS-3268 RT (Tier 2, 44771 -) (2008 y posteriores), GS-3268 RT (101 \u2013 41999) (-2007), GS-3268 RT (42000 \u2013 43885) (-2007)<\/li>\n<li>AL-4000D1 (FKF-13923 -&gt;), RL-4000D1 (FOF-15979 -&gt;)<\/li>\n<\/ul>\n<p><strong>Giant<\/strong><\/p>\n<ul>\n<li>D241S<\/li>\n<\/ul>\n<p><strong>JCB<\/strong><\/p>\n<ul>\n<li>1T-HT<\/li>\n<\/ul>\n<p><strong>J.L.G<\/strong><\/p>\n<ul>\n<li>260MRT<\/li>\n<\/ul>\n<p><strong>Sch\u00e4ffer<\/strong><\/p>\n<ul>\n<li>2022<\/li>\n<\/ul>\n<p><strong>Tubo de respiraci\u00f3n<\/strong><\/p>\n<ul>\n<li>AB-46 I\/C (Kubota D905 S\/N 1000 -&gt;), AB46E I\/C (Kubota D905E), BOOM 46 (Kubota D905)<\/li>\n<li>SL26RT (Kubota D905), SL30RT (Kubota D905), X27RT (Kubota D905, N\/S 10131 -&gt;), X33RT (Kubota D905, N\/S 10131 -&gt;), X40RT (Kubota D905), X40RT (Kubota D905)<\/li>\n<\/ul>\n<p><strong>Hinomoto<\/strong><\/p>\n<ul>\n<li>CX19, NX18<\/li>\n<\/ul>\n<p><strong>Steiner<\/strong><\/p>\n<ul>\n<li>525<\/li>\n<\/ul>\n<p><strong>OEM como referencia<\/strong><\/p>\n<ul>\n<li>16020-03040<\/li>\n<\/ul>\n","protected":false},"excerpt":{"rendered":"<p>Variante 1. Culata completa con v\u00e1lvulas y muelles \u2013 lista para su montaje directo Esta nueva culata est\u00e1 fabricada con material de alta calidad y se entrega completa, incluyendo v\u00e1lvulas y muelles ya montados. Gracias al ensamblaje completo, no es necesario transferir ni ajustar piezas. \u2705 Totalmente ensamblada \u2705 Incluye v\u00e1lvulas y muelles \u2705 No&hellip;<\/p>\n","protected":false},"featured_media":153227,"comment_status":"open","ping_status":"open","template":"","meta":[],"product_cat":[496],"product_tag":[2668,3897],"class_list":{"0":"post-17590","1":"product","2":"type-product","3":"status-publish","4":"has-post-thumbnail","6":"product_cat-culata-del-motor","7":"product_tag-d905-es","8":"product_tag-snelparts-es","9":"pa_merk-giant-es","10":"pa_merk-hinomoto-es","11":"pa_merk-jcb-es","12":"pa_merk-kubota-es","13":"pa_merk-schaffer-es","14":"pa_motor-d905-es","16":"first","17":"instock","18":"sale","19":"taxable","20":"shipping-taxable","21":"purchasable","22":"product-type-variable","23":"col-xs-6 col-sm-4","24":"col-md-3 col-lg-3","25":"un-4-cols"},"_links":{"self":[{"href":"https:\/\/shop4trac.com\/es\/wp-json\/wp\/v2\/product\/17590","targetHints":{"allow":["GET"]}}],"collection":[{"href":"https:\/\/shop4trac.com\/es\/wp-json\/wp\/v2\/product"}],"about":[{"href":"https:\/\/shop4trac.com\/es\/wp-json\/wp\/v2\/types\/product"}],"replies":[{"embeddable":true,"href":"https:\/\/shop4trac.com\/es\/wp-json\/wp\/v2\/comments?post=17590"}],"wp:featuredmedia":[{"embeddable":true,"href":"https:\/\/shop4trac.com\/es\/wp-json\/wp\/v2\/media\/153227"}],"wp:attachment":[{"href":"https:\/\/shop4trac.com\/es\/wp-json\/wp\/v2\/media?parent=17590"}],"wp:term":[{"taxonomy":"product_cat","embeddable":true,"href":"https:\/\/shop4trac.com\/es\/wp-json\/wp\/v2\/product_cat?post=17590"},{"taxonomy":"product_tag","embeddable":true,"href":"https:\/\/shop4trac.com\/es\/wp-json\/wp\/v2\/product_tag?post=17590"}],"curies":[{"name":"wp","href":"https:\/\/api.w.org\/{rel}","templated":true}]}}