{"id":17588,"date":"2020-02-29T16:47:21","date_gmt":"2020-02-29T15:47:21","guid":{"rendered":"https:\/\/shop4trac.com\/product\/culata-kubota-a-19-a-195-gb20-d1105-motor\/"},"modified":"2025-11-20T16:30:31","modified_gmt":"2025-11-20T14:30:31","slug":"cilinderkop-kubota-a-19-a-195-gb20-d1105-motor","status":"publish","type":"product","link":"https:\/\/shop4trac.com\/es\/partes-de-motor\/culata-completa\/cilinderkop-kubota-a-19-a-195-gb20-d1105-motor\/","title":{"rendered":"Culata completa Kubota | D1105 | D1305 A-19 A-195 GB20 | Bobcat | Versi\u00f3n 2 | Motores TIER4"},"content":{"rendered":"<h4><b>Nueva culata para los modelos <span style=\"text-decoration: underline;\">m\u00e1s nuevos<\/span> Kubota D1005, D1105, D1305<\/b><\/h4>\n<p class=\"p1\">\u2705 Esta culata es una <span class=\"s2\"><b>pieza de nueva producci\u00f3n<\/b><\/span>fabricada con material de alta calidad.<\/p>\n<ul>\n<li class=\"p3\"><em>Esta culata es adecuada para los <span class=\"s2\"><b>modelos m\u00e1s nuevos denominados Versi\u00f3n 2<\/b><\/span><\/em><\/li>\n<li class=\"p3\">Compare los orificios de montaje de la tapa de la v\u00e1lvula. Vea los c\u00edrculos rojos para los agujeros adicionales.<\/li>\n<\/ul>\n<h4><b>Variante 1. Culata completa con v\u00e1lvulas y muelles \u2013 lista para su montaje directo <\/b><\/h4>\n<p class=\"p3\">Esta nueva culata est\u00e1 fabricada con material de alta calidad y se entrega completa, incluyendo v\u00e1lvulas y muelles ya montados. Gracias al ensamblaje completo, no es necesario transferir ni ajustar piezas. <\/p>\n<p class=\"p3\">\u2705 Totalmente ensamblada<\/p>\n<p class=\"p3\">\u2705 Incluye v\u00e1lvulas y muelles<\/p>\n<p class=\"p3\">\u2705 No requiere ajustes adicionales<\/p>\n<p class=\"p3\">\u2705 Lista para su montaje directo<\/p>\n<p class=\"p3\">Una soluci\u00f3n lista para usar que ahorra tiempo en el taller y minimiza el riesgo de errores de montaje.<\/p>\n<p class=\"p3\">Esta culata se ha emparejado cuidadosamente con los siguientes modelos compatibles.<\/p>\n<hr>\n<h4><b>Variante <\/b><b>2. Culata desnuda \u2013 con asientos de v\u00e1lvula premontados<\/b><\/h4>\n<p class=\"p3\">Esta culata est\u00e1 fabricada con material de alta calidad y se suministra como una culata desnuda con los asientos de v\u00e1lvula ya montados. Por lo tanto, la culata est\u00e1 preparada para su posterior montaje con sus componentes existentes o nuevos. <\/p>\n<p class=\"p3\">\u2705 Nueva culata de m\u00e1xima calidad<\/p>\n<p class=\"p3\">\u2705 Asientos de v\u00e1lvula ya montados<\/p>\n<p class=\"p3\">\u2705 Lista para su posterior ensamblaje<\/p>\n<p class=\"p3\">\u2705 Adecuada para revisi\u00f3n o aplicaci\u00f3n a medida<\/p>\n<p class=\"p3\">Ideal para quienes desean mantener el control sobre el ensamblaje final o reutilizar piezas espec\u00edficas.<\/p>\n<p class=\"p3\">La culata es adecuada para los siguientes modelos:<\/p>\n<p><strong>Motor Kubota<\/strong><\/p>\n<ul>\n<li>D1105, D1105-E2B, D1105-E3B, D1105-E4B<\/li>\n<li>D1105T, D1105-Turbo<\/li>\n<li>D1305<\/li>\n<li>D1305, D1305-E4-D26-Q, D1305, D1305, D1305-E3-D22, D1305-E4-D26-R<\/li>\n<\/ul>\n<p><strong>Kubota <\/strong><\/p>\n<ul>\n<li>A-19, A-195<\/li>\n<li>GB20<\/li>\n<li>B2400, B2410, B26 , B2630, B2620, B7610<\/li>\n<li>B2650, B2650 HSDC, B2650 HST, B3150 HST, B2920 HSD, B2650 HSD<\/li>\n<li>F3080<\/li>\n<li>KB225, KB23X<\/li>\n<li>J116-AUS, J116-STD, J119-SA, J119-STD, J320-AUS, J320-STD, J324-STD<\/li>\n<li>\n \t<\/li>\n<li>B7610HSD, B2400HST-D, B2400HST-E, B2410HSD, B2410HSDB, B2410HSE<\/li>\n<li>F2400, F2560, F2880, F2680, FZ2400<\/li>\n<li>U25S<\/li>\n<li>KX41-2S, KX41-2, KX61-2, KX61-2S, KX41H, RTV1100, RTV1100CW9<\/li>\n<li>U-27-4H<\/li>\n<li>U20-3a<\/li>\n<li>RTV1140CPX, RTV1100RW9, ZD28<\/li>\n<li>D1105-F2400, F2560E, F2680E, F2690E, F2880, F2880E, ZD1211, ZD28<\/li>\n<li>KX61-2, KX61-2S<\/li>\n<\/ul>\n<p><strong>M\u00e1quinas Kubota<\/strong><\/p>\n<div class=\"flex-1 overflow-hidden\">\n<div class=\"react-scroll-to-bottom--css-ounqd-79elbk h-full dark:bg-gray-800\">\n<div class=\"react-scroll-to-bottom--css-ounqd-1n7m0yu\">\n<div class=\"flex flex-col items-center text-sm dark:bg-gray-800\">\n<div class=\"group w-full text-gray-800 dark:text-gray-100 border-b border-black\/10 dark:border-gray-900\/50 bg-gray-50 dark:bg-[#444654] sm:AIPRM__conversation__response\">\n<div class=\"text-base gap-4 md:gap-6 md:max-w-2xl lg:max-w-xl xl:max-w-3xl p-4 md:py-6 flex lg:px-0 m-auto\">\n<div class=\"relative flex w-[calc(100%-50px)] flex-col gap-1 md:gap-3 lg:w-[calc(100%-115px)]\">\n<div class=\"flex flex-grow flex-col gap-3\">\n<div class=\"min-h-[20px] flex flex-col items-start gap-4 whitespace-pre-wrap\">\n<div class=\"markdown prose w-full break-words dark:prose-invert light AIPRM__conversation__response\">\n<ul>\n<li>RT140, RT140D, RT150, RT150-2, RT150D, RT160-2, RT210, RT210-2, RT210D, RT220-2.<\/li>\n<\/ul>\n<\/div>\n<\/div>\n<\/div>\n<\/div>\n<\/div>\n<\/div>\n<\/div>\n<\/div>\n<\/div>\n<\/div>\n<p><strong>Hyundai<\/strong><\/p>\n<ul>\n<li>R25Z-9AK, R30Z-9AK<\/li>\n<\/ul>\n<p><strong>Hitachi<\/strong><\/p>\n<ul>\n<li>EX15-2<\/li>\n<\/ul>\n<p><strong>Bobcat<\/strong><\/p>\n<ul>\n<li>553<\/li>\n<li>E26<\/li>\n<\/ul>\n<p><strong>Giant<\/strong><\/p>\n<ul>\n<li>G1500, G1500 X-tra<\/li>\n<li>G2200, G2200 X-tra<\/li>\n<li>D242S, D261, D261S, D262S, D262SW, D263S, D263SW, D263SW X-tra<\/li>\n<li>D265, D331ST, D331SWT, D331T (S040), D331T (S068), D332ST, D332SWT<\/li>\n<li>D332SWT X-tra, D335T (S040), D335T (S068)<\/li>\n<\/ul>\n<p><strong>Steiner<\/strong><\/p>\n<ul>\n<li>230, 525 Tractor<\/li>\n<\/ul>\n<p><strong>Otras m\u00e1quinas:<\/strong><\/p>\n<p><strong>Ausa<\/strong><\/p>\n<ul>\n<li>Ausa D100, D120, D150, D85<\/li>\n<\/ul>\n<p><strong>Avant<\/strong><\/p>\n<ul>\n<li>R28, 528, 630<\/li>\n<\/ul>\n<p><strong>Eurotrac<\/strong><\/p>\n<ul>\n<li>W11 K26, W11, K33<\/li>\n<\/ul>\n<p><strong>Manitou<\/strong><\/p>\n<ul>\n<li>TMT 20.17<\/li>\n<\/ul>\n<p><strong>Sch\u00e4ffer<\/strong><\/p>\n<ul>\n<li>2030, 2030 SLT<\/li>\n<\/ul>\n<p><b>OEM de referencia<\/b><\/p>\n<ul>\n<li>1J062-03020<\/li>\n<\/ul>\n","protected":false},"excerpt":{"rendered":"<p>Nueva culata para los modelos m\u00e1s nuevos Kubota D1005, D1105, D1305 \u2705 Esta culata es una pieza de nueva producci\u00f3nfabricada con material de alta calidad. Esta culata es adecuada para los modelos m\u00e1s nuevos denominados Versi\u00f3n 2 Compare los orificios de montaje de la tapa de la v\u00e1lvula. Vea los c\u00edrculos rojos para los agujeros&hellip;<\/p>\n","protected":false},"featured_media":163558,"comment_status":"open","ping_status":"closed","template":"","meta":[],"product_cat":[25465,496],"product_tag":[2694,3897],"class_list":{"0":"post-17588","1":"product","2":"type-product","3":"status-publish","4":"has-post-thumbnail","6":"product_cat-culata-completa","7":"product_cat-culata-del-motor","8":"product_tag-d1105-es","9":"product_tag-snelparts-es","10":"pa_merk-avant-es","11":"pa_merk-bobcat-es","12":"pa_merk-giant-es","13":"pa_merk-kubota-es","14":"pa_motor-d1105-es","16":"first","17":"instock","18":"sale","19":"taxable","20":"shipping-taxable","21":"purchasable","22":"product-type-variable","23":"col-xs-6 col-sm-4","24":"col-md-3 col-lg-3","25":"un-4-cols"},"_links":{"self":[{"href":"https:\/\/shop4trac.com\/es\/wp-json\/wp\/v2\/product\/17588","targetHints":{"allow":["GET"]}}],"collection":[{"href":"https:\/\/shop4trac.com\/es\/wp-json\/wp\/v2\/product"}],"about":[{"href":"https:\/\/shop4trac.com\/es\/wp-json\/wp\/v2\/types\/product"}],"replies":[{"embeddable":true,"href":"https:\/\/shop4trac.com\/es\/wp-json\/wp\/v2\/comments?post=17588"}],"wp:featuredmedia":[{"embeddable":true,"href":"https:\/\/shop4trac.com\/es\/wp-json\/wp\/v2\/media\/163558"}],"wp:attachment":[{"href":"https:\/\/shop4trac.com\/es\/wp-json\/wp\/v2\/media?parent=17588"}],"wp:term":[{"taxonomy":"product_cat","embeddable":true,"href":"https:\/\/shop4trac.com\/es\/wp-json\/wp\/v2\/product_cat?post=17588"},{"taxonomy":"product_tag","embeddable":true,"href":"https:\/\/shop4trac.com\/es\/wp-json\/wp\/v2\/product_tag?post=17588"}],"curies":[{"name":"wp","href":"https:\/\/api.w.org\/{rel}","templated":true}]}}