{"id":17586,"date":"2020-02-29T16:47:29","date_gmt":"2020-02-29T15:47:29","guid":{"rendered":"https:\/\/shop4trac.com\/product\/culata-kubota-b1400-b1500-b1-14-b1-15-d850\/"},"modified":"2025-08-04T21:04:56","modified_gmt":"2025-08-04T19:04:56","slug":"cilinderkop-kubota-b1400-b1500-b1-14-b1-15-d850-motor","status":"publish","type":"product","link":"https:\/\/shop4trac.com\/es\/partes-de-motor\/culata-completa\/cilinderkop-kubota-b1400-b1500-b1-14-b1-15-d850-motor\/","title":{"rendered":"Culata Completa Kubota D850 | D850BH | D950 | D950SB | D950-FM | D950 | 3D75"},"content":{"rendered":"<h4><b>Variante 1. Culata completa con v\u00e1lvulas y muelles \u2013 lista para su montaje directo <\/b><\/h4>\n<p class=\"p3\">Esta nueva culata est\u00e1 fabricada con material de alta calidad y se entrega completa, incluyendo v\u00e1lvulas y muelles ya montados. Gracias al ensamblaje completo, no es necesario transferir ni ajustar piezas. <\/p>\n<p class=\"p3\">\u2705 Totalmente ensamblada<\/p>\n<p class=\"p3\">\u2705 Incluye v\u00e1lvulas y muelles<\/p>\n<p class=\"p3\">\u2705 No requiere ajustes adicionales<\/p>\n<p class=\"p3\">\u2705 Lista para su montaje directo<\/p>\n<p class=\"p3\">Una soluci\u00f3n lista para usar que ahorra tiempo en el taller y minimiza el riesgo de errores de montaje.<\/p>\n<p class=\"p3\">Esta culata se ha emparejado cuidadosamente con los siguientes modelos compatibles.<\/p>\n<hr>\n<h4><b>Variante 2. Culata desnuda \u2013 con asientos de v\u00e1lvula premontados<\/b><\/h4>\n<p class=\"p3\">Esta culata est\u00e1 fabricada con material de alta calidad y se suministra como una culata desnuda con los asientos de v\u00e1lvula ya montados. Por lo tanto, la culata est\u00e1 preparada para su posterior montaje con sus componentes existentes o nuevos. <\/p>\n<p class=\"p3\">\u2705 Nueva culata de m\u00e1xima calidad<\/p>\n<p class=\"p3\">\u2705 Asientos de v\u00e1lvula ya montados<\/p>\n<p class=\"p3\">\u2705 Lista para su posterior ensamblaje<\/p>\n<p class=\"p3\">\u2705 Adecuada para revisi\u00f3n o aplicaci\u00f3n a medida<\/p>\n<p class=\"p3\">Ideal para quienes desean mantener el control sobre el ensamblaje final o reutilizar piezas espec\u00edficas.<\/p>\n<p class=\"p3\">La culata es adecuada para los siguientes modelos:<\/p>\n<p><strong>Motor Kubota<\/strong><\/p>\n<ul>\n<li>D950, D950, D950SB, D950-FM, 3D75<\/li>\n<li>D850, D850BH, D850-5B<\/li>\n<\/ul>\n<p><strong>Kubota  <\/strong><\/p>\n<ul>\n<li>B1-17<\/li>\n<li>B6100, B7200D, B1750D, B8200E, F2100<\/li>\n<li>B1750D B1750E<\/li>\n<li>KH41, KH61<\/li>\n<li>KH-021H, KH-024, KH-024H,<\/li>\n<li>B1-14, B1-15, B1-16, B1-17, B1600, B1702, B1750, B20, B7200, B8200<\/li>\n<li>B7200E, B7200HST-D, B7200HST-E, B8200D, B8200E, B8200HST-D, B8200HST-E, B1750E, B1750HST-D, B1750HST-E, B-20, B1600, B1600DT, B1702DT<\/li>\n<li>B1400, B1402, B1500, B1502, B1550, B6200, B40, B1-14, B1-15<\/li>\n<li>B6200D, B6200E, B6200HST-D, B6200HST-E, B1550D, B1550E, B1550HST-D, B1550HST-E, B1400, B1500, B1402E, B1402DT, B1502E, B1502DT<\/li>\n<li>KH35 (excavadora), KH-35H<\/li>\n<\/ul>\n<p><strong>Bobcat<\/strong><\/p>\n<ul>\n<li>543, 533, 543B, 553B<\/li>\n<\/ul>\n<p><strong>Zen-Noh<\/strong><\/p>\n<ul>\n<li>ZB1600, ZB1702<\/li>\n<\/ul>\n<p><strong>OEM como referencia<\/strong><\/p>\n<ul>\n<li class=\"a-size-large a-spacing-none\"><span class=\"a-size-large product-title-word-break\">15381-03040, <\/span>19267-03040<\/li>\n<\/ul>\n","protected":false},"excerpt":{"rendered":"<p>Variante 1. Culata completa con v\u00e1lvulas y muelles \u2013 lista para su montaje directo Esta nueva culata est\u00e1 fabricada con material de alta calidad y se entrega completa, incluyendo v\u00e1lvulas y muelles ya montados. Gracias al ensamblaje completo, no es necesario transferir ni ajustar piezas. \u2705 Totalmente ensamblada \u2705 Incluye v\u00e1lvulas y muelles \u2705 No&hellip;<\/p>\n","protected":false},"featured_media":142767,"comment_status":"open","ping_status":"closed","template":"","meta":[],"product_cat":[25465,496],"product_tag":[3897],"class_list":{"0":"post-17586","1":"product","2":"type-product","3":"status-publish","4":"has-post-thumbnail","6":"product_cat-culata-completa","7":"product_cat-culata-del-motor","8":"product_tag-snelparts-es","9":"pa_merk-bobcat-es","10":"pa_merk-kubota-es","11":"pa_merk-zen-noh-es","12":"pa_motor-d850-es","14":"first","15":"instock","16":"sale","17":"taxable","18":"shipping-taxable","19":"purchasable","20":"product-type-variable","21":"col-xs-6 col-sm-4","22":"col-md-3 col-lg-3","23":"un-4-cols"},"_links":{"self":[{"href":"https:\/\/shop4trac.com\/es\/wp-json\/wp\/v2\/product\/17586","targetHints":{"allow":["GET"]}}],"collection":[{"href":"https:\/\/shop4trac.com\/es\/wp-json\/wp\/v2\/product"}],"about":[{"href":"https:\/\/shop4trac.com\/es\/wp-json\/wp\/v2\/types\/product"}],"replies":[{"embeddable":true,"href":"https:\/\/shop4trac.com\/es\/wp-json\/wp\/v2\/comments?post=17586"}],"wp:featuredmedia":[{"embeddable":true,"href":"https:\/\/shop4trac.com\/es\/wp-json\/wp\/v2\/media\/142767"}],"wp:attachment":[{"href":"https:\/\/shop4trac.com\/es\/wp-json\/wp\/v2\/media?parent=17586"}],"wp:term":[{"taxonomy":"product_cat","embeddable":true,"href":"https:\/\/shop4trac.com\/es\/wp-json\/wp\/v2\/product_cat?post=17586"},{"taxonomy":"product_tag","embeddable":true,"href":"https:\/\/shop4trac.com\/es\/wp-json\/wp\/v2\/product_tag?post=17586"}],"curies":[{"name":"wp","href":"https:\/\/api.w.org\/{rel}","templated":true}]}}