{"id":17584,"date":"2020-02-29T16:47:29","date_gmt":"2020-02-29T15:47:29","guid":{"rendered":"https:\/\/shop4trac.com\/product\/culata-kubota-b6000-zl600\/"},"modified":"2025-08-07T13:40:46","modified_gmt":"2025-08-07T11:40:46","slug":"culata-kubota-b6000-zl600","status":"publish","type":"product","link":"https:\/\/shop4trac.com\/es\/partes-de-motor\/culata-del-motor\/culata-kubota-b6000-zl600\/","title":{"rendered":"Culata Kubota B6000 | ZL600 | Zen-noh ZB6000"},"content":{"rendered":"<p>Se trata de una culata nueva fabricada con material <strong><span style=\"text-decoration: underline\">de alta calidad<\/span><\/strong> . Los asientos de v\u00e1lvula ya est\u00e1n montados y listos para usar. Los modelos compatibles que figuran a continuaci\u00f3n se han buscado con sumo cuidado en la culata.<\/p>\n<p>La culata es adecuada para:<\/p>\n<p><strong>Kubota<\/strong><\/p>\n<ul>\n<li>B6000, B6000E, B6000DT<\/li>\n<\/ul>\n<p><strong>Zen-noh<\/strong><\/p>\n<ul>\n<li>ZB6000<\/li>\n<\/ul>\n<p><strong>Motor<\/strong><\/p>\n<ul>\n<li>ZL600<\/li>\n<\/ul>\n<p><strong>OEM como referencia<\/strong><\/p>\n<ul>\n<li>15231-03116, 15231-03200, 15231-03112<\/li>\n<\/ul>\n","protected":false},"excerpt":{"rendered":"<p>Se trata de una culata nueva fabricada con material de alta calidad . Los asientos de v\u00e1lvula ya est\u00e1n montados y listos para usar. Los modelos compatibles que figuran a continuaci\u00f3n se han buscado con sumo cuidado en la culata. La culata es adecuada para: Kubota B6000, B6000E, B6000DT Zen-noh ZB6000 Motor ZL600 OEM como&hellip;<\/p>\n","protected":false},"featured_media":35706,"comment_status":"open","ping_status":"closed","template":"","meta":[],"product_cat":[496],"product_tag":[3897,2913],"class_list":{"0":"post-17584","1":"product","2":"type-product","3":"status-publish","4":"has-post-thumbnail","6":"product_cat-culata-del-motor","7":"product_tag-snelparts-es","8":"product_tag-zl600-es","9":"pa_merk-kubota-es","10":"pa_merk-zen-noh-es","11":"pa_motor-zl600-es","13":"first","14":"instock","15":"taxable","16":"shipping-taxable","17":"purchasable","18":"product-type-simple","19":"col-xs-6 col-sm-4","20":"col-md-3 col-lg-3","21":"un-4-cols"},"_links":{"self":[{"href":"https:\/\/shop4trac.com\/es\/wp-json\/wp\/v2\/product\/17584","targetHints":{"allow":["GET"]}}],"collection":[{"href":"https:\/\/shop4trac.com\/es\/wp-json\/wp\/v2\/product"}],"about":[{"href":"https:\/\/shop4trac.com\/es\/wp-json\/wp\/v2\/types\/product"}],"replies":[{"embeddable":true,"href":"https:\/\/shop4trac.com\/es\/wp-json\/wp\/v2\/comments?post=17584"}],"wp:featuredmedia":[{"embeddable":true,"href":"https:\/\/shop4trac.com\/es\/wp-json\/wp\/v2\/media\/35706"}],"wp:attachment":[{"href":"https:\/\/shop4trac.com\/es\/wp-json\/wp\/v2\/media?parent=17584"}],"wp:term":[{"taxonomy":"product_cat","embeddable":true,"href":"https:\/\/shop4trac.com\/es\/wp-json\/wp\/v2\/product_cat?post=17584"},{"taxonomy":"product_tag","embeddable":true,"href":"https:\/\/shop4trac.com\/es\/wp-json\/wp\/v2\/product_tag?post=17584"}],"curies":[{"name":"wp","href":"https:\/\/api.w.org\/{rel}","templated":true}]}}