{"id":17583,"date":"2020-02-29T16:47:29","date_gmt":"2020-02-29T15:47:29","guid":{"rendered":"https:\/\/shop4trac.com\/product\/culata-kubota-b7000-z650-z750-z751-z851-motor\/"},"modified":"2025-08-07T13:40:46","modified_gmt":"2025-08-07T11:40:46","slug":"culata-kubota-b7000-z650-z750-z751-z851-motor","status":"publish","type":"product","link":"https:\/\/shop4trac.com\/es\/partes-de-motor\/culata-del-motor\/culata-kubota-b7000-z650-z750-z751-z851-motor\/","title":{"rendered":"Culata completa Kubota B7000 | Z650 | Z750 | Z751 | Z851 motor"},"content":{"rendered":"<h4><b>1. Culata completa con v\u00e1lvulas y muelles \u2013 lista para su montaje directo<\/b><\/h4>\n<p class=\"p3\">Esta nueva culata est\u00e1 fabricada con material de alta calidad y se entrega completa, incluyendo v\u00e1lvulas y muelles ya montados. Gracias al ensamblaje completo, no es necesario transferir ni ajustar piezas. <\/p>\n<p class=\"p3\">\u2705 Totalmente ensamblada<\/p>\n<p class=\"p3\">\u2705 Incluye v\u00e1lvulas y muelles<\/p>\n<p class=\"p3\">\u2705 No requiere ajustes adicionales<\/p>\n<p class=\"p3\">\u2705 Lista para su montaje directo<\/p>\n<p class=\"p3\">Una soluci\u00f3n lista para usar que ahorra tiempo en el taller y minimiza el riesgo de errores de montaje.<\/p>\n<p class=\"p3\">Esta culata se ha emparejado cuidadosamente con los siguientes modelos compatibles.<\/p>\n<hr>\n<h4><b>2. Culata desnuda \u2013 con asientos de v\u00e1lvula premontados<\/b><\/h4>\n<p class=\"p3\">Esta culata est\u00e1 fabricada con material de alta calidad y se suministra como una culata desnuda con los asientos de v\u00e1lvula ya montados. Por lo tanto, la culata est\u00e1 preparada para su posterior montaje con sus componentes existentes o nuevos. <\/p>\n<p class=\"p3\">\u2705 Nueva culata de m\u00e1xima calidad<\/p>\n<p class=\"p3\">\u2705 Asientos de v\u00e1lvula ya montados<\/p>\n<p class=\"p3\">\u2705 Lista para su posterior ensamblaje<\/p>\n<p class=\"p3\">\u2705 Adecuada para revisi\u00f3n o aplicaci\u00f3n a medida<\/p>\n<p class=\"p3\">Ideal para quienes desean mantener el control sobre el ensamblaje final o reutilizar piezas espec\u00edficas.<\/p>\n<p class=\"p3\">La culata es adecuada para los siguientes modelos:<\/p>\n<p><strong>Kubota<\/strong><\/p>\n<ul>\n<li>L175, L185<\/li>\n<li>L1500, L1501, L1801<\/li>\n<li>B7000<\/li>\n<\/ul>\n<p><strong>Motor<\/strong><\/p>\n<ul>\n<li>Z650, Z750, Z751, Z851<\/li>\n<\/ul>\n<p><strong>OEM como referencia<\/strong><\/p>\n<ul>\n<li>\n<div align=\"left\">15221-03119, 15221-0311-9<\/div>\n<\/li>\n<li>\n<div align=\"left\">15201-03112, 15201-0311-2<\/div>\n<\/li>\n<li>15221-03024<\/li>\n<\/ul>\n","protected":false},"excerpt":{"rendered":"<p>1. Culata completa con v\u00e1lvulas y muelles \u2013 lista para su montaje directo Esta nueva culata est\u00e1 fabricada con material de alta calidad y se entrega completa, incluyendo v\u00e1lvulas y muelles ya montados. Gracias al ensamblaje completo, no es necesario transferir ni ajustar piezas. \u2705 Totalmente ensamblada \u2705 Incluye v\u00e1lvulas y muelles \u2705 No requiere&hellip;<\/p>\n","protected":false},"featured_media":153278,"comment_status":"open","ping_status":"closed","template":"","meta":[],"product_cat":[496],"product_tag":[3897,2894,2897,2904,2908],"class_list":{"0":"post-17583","1":"product","2":"type-product","3":"status-publish","4":"has-post-thumbnail","6":"product_cat-culata-del-motor","7":"product_tag-snelparts-es","8":"product_tag-z650-es","9":"product_tag-z750-es","10":"product_tag-z751-es","11":"product_tag-z851-es","12":"pa_merk-kubota-es","13":"pa_merk-zen-noh-es","14":"pa_motor-z650-es","15":"pa_motor-z750-es","16":"pa_motor-z751-es","17":"pa_motor-z851-es","19":"first","20":"instock","21":"sale","22":"taxable","23":"shipping-taxable","24":"purchasable","25":"product-type-variable","26":"col-xs-6 col-sm-4","27":"col-md-3 col-lg-3","28":"un-4-cols"},"_links":{"self":[{"href":"https:\/\/shop4trac.com\/es\/wp-json\/wp\/v2\/product\/17583","targetHints":{"allow":["GET"]}}],"collection":[{"href":"https:\/\/shop4trac.com\/es\/wp-json\/wp\/v2\/product"}],"about":[{"href":"https:\/\/shop4trac.com\/es\/wp-json\/wp\/v2\/types\/product"}],"replies":[{"embeddable":true,"href":"https:\/\/shop4trac.com\/es\/wp-json\/wp\/v2\/comments?post=17583"}],"wp:featuredmedia":[{"embeddable":true,"href":"https:\/\/shop4trac.com\/es\/wp-json\/wp\/v2\/media\/153278"}],"wp:attachment":[{"href":"https:\/\/shop4trac.com\/es\/wp-json\/wp\/v2\/media?parent=17583"}],"wp:term":[{"taxonomy":"product_cat","embeddable":true,"href":"https:\/\/shop4trac.com\/es\/wp-json\/wp\/v2\/product_cat?post=17583"},{"taxonomy":"product_tag","embeddable":true,"href":"https:\/\/shop4trac.com\/es\/wp-json\/wp\/v2\/product_tag?post=17583"}],"curies":[{"name":"wp","href":"https:\/\/api.w.org\/{rel}","templated":true}]}}