{"id":17481,"date":"2020-02-29T17:45:33","date_gmt":"2020-02-29T16:45:33","guid":{"rendered":"https:\/\/shop4trac.com\/product\/bomba-de-agua-hinomoto-e322\/"},"modified":"2025-08-16T17:19:25","modified_gmt":"2025-08-16T15:19:25","slug":"bomba-de-agua-hinomoto-e322","status":"publish","type":"product","link":"https:\/\/shop4trac.com\/es\/refrigeracion-y-radiadores\/bombas-de-agua\/bomba-de-agua-hinomoto-e322\/","title":{"rendered":"Bomba de agua Hinomoto E322"},"content":{"rendered":"<p class=\"p1\">\u2705 Bomba de agua | Para motores Toyosha S139, S150 &amp; S200<\/p>\n<p class=\"p1\">Refrigeraci\u00f3n fiable: funcionamiento \u00f3ptimo de tu tractor japon\u00e9s.<\/p>\n<p class=\"p1\">Esta bomba de agua es adecuada para varios tractores Hinomoto, Massey Ferguson y Allis Chalmers equipados con motores Toyosha. La bomba se entrega con la junta correspondiente, para que puedas montarla directamente. <\/p>\n<p class=\"p1\">? Caracter\u00edsticas:<\/p>\n<p class=\"p1\">\u2714\ufe0f Adecuado para motores Toyosha S139, S150 y S200<\/p>\n<p class=\"p1\">\u2714\ufe0f<strong><span style=\"text-decoration: underline;\"> Incluye junta para el montaje<\/span> \u2705<\/strong><\/p>\n<p class=\"p1\">\u2714\ufe0f Garantiza una refrigeraci\u00f3n eficiente del motor<\/p>\n<p class=\"p1\">? Datos t\u00e9cnicos:<\/p>\n<ul>\n<li>\n<p class=\"p1\">Motor: Toyosha S139, S150, S200<\/p>\n<\/li>\n<\/ul>\n<hr>\n<p class=\"p4\"><b>HinomoTo<\/b><b><\/b><\/p>\n<ul>\n<li>\n<p class=\"p1\">E2602, E2604, E2802, E2804<\/p>\n<\/li>\n<li>\n<p class=\"p1\">E204, E262, E322, E324, E394<\/p>\n<\/li>\n<\/ul>\n<p class=\"p4\"><b>Massey Ferguson<\/b><b><\/b><\/p>\n<ul>\n<li>\n<p class=\"p1\">1040, 1045<\/p>\n<\/li>\n<\/ul>\n<p class=\"p4\"><b>Allis Chalmers (motor Toyosha)<\/b><b><\/b><\/p>\n<ul>\n<li>\n<p class=\"p1\">6140<\/p>\n<\/li>\n<\/ul>\n<hr>\n<p class=\"p4\"><b>Referencia OEM:<\/b><b><\/b><\/p>\n<ul>\n<li>\n<p class=\"p1\">3436674M91<\/p>\n<\/li>\n<li>\n<p class=\"p1\">3436671V91<\/p>\n<\/li>\n<li>\n<p class=\"p1\">3436674V91<\/p>\n<\/li>\n<li>\n<p class=\"p1\">72099891-R<\/p>\n<\/li>\n<li>\n<p class=\"p1\">2099891<\/p>\n<\/li>\n<li>\n<p class=\"p1\">72099891<\/p>\n<\/li>\n<\/ul>\n","protected":false},"excerpt":{"rendered":"<p>\u2705 Bomba de agua | Para motores Toyosha S139, S150 &amp; S200 Refrigeraci\u00f3n fiable: funcionamiento \u00f3ptimo de tu tractor japon\u00e9s. Esta bomba de agua es adecuada para varios tractores Hinomoto, Massey Ferguson y Allis Chalmers equipados con motores Toyosha. La bomba se entrega con la junta correspondiente, para que puedas montarla directamente. ? Caracter\u00edsticas: \u2714\ufe0f&hellip;<\/p>\n","protected":false},"featured_media":67759,"comment_status":"open","ping_status":"open","template":"","meta":[],"product_cat":[483],"product_tag":[],"class_list":{"0":"post-17481","1":"product","2":"type-product","3":"status-publish","4":"has-post-thumbnail","6":"product_cat-bombas-de-agua","7":"pa_merk-hinomoto-es","9":"first","10":"instock","11":"sale","12":"taxable","13":"shipping-taxable","14":"purchasable","15":"product-type-simple","16":"col-xs-6 col-sm-4","17":"col-md-3 col-lg-3","18":"un-4-cols"},"_links":{"self":[{"href":"https:\/\/shop4trac.com\/es\/wp-json\/wp\/v2\/product\/17481","targetHints":{"allow":["GET"]}}],"collection":[{"href":"https:\/\/shop4trac.com\/es\/wp-json\/wp\/v2\/product"}],"about":[{"href":"https:\/\/shop4trac.com\/es\/wp-json\/wp\/v2\/types\/product"}],"replies":[{"embeddable":true,"href":"https:\/\/shop4trac.com\/es\/wp-json\/wp\/v2\/comments?post=17481"}],"wp:featuredmedia":[{"embeddable":true,"href":"https:\/\/shop4trac.com\/es\/wp-json\/wp\/v2\/media\/67759"}],"wp:attachment":[{"href":"https:\/\/shop4trac.com\/es\/wp-json\/wp\/v2\/media?parent=17481"}],"wp:term":[{"taxonomy":"product_cat","embeddable":true,"href":"https:\/\/shop4trac.com\/es\/wp-json\/wp\/v2\/product_cat?post=17481"},{"taxonomy":"product_tag","embeddable":true,"href":"https:\/\/shop4trac.com\/es\/wp-json\/wp\/v2\/product_tag?post=17481"}],"curies":[{"name":"wp","href":"https:\/\/api.w.org\/{rel}","templated":true}]}}