{"id":17468,"date":"2020-02-29T17:45:34","date_gmt":"2020-02-29T16:45:34","guid":{"rendered":"https:\/\/shop4trac.com\/product\/bomba-de-agua-iseki-ts\/"},"modified":"2025-08-16T17:15:40","modified_gmt":"2025-08-16T15:15:40","slug":"bomba-de-agua-iseki-ts","status":"publish","type":"product","link":"https:\/\/shop4trac.com\/es\/refrigeracion-y-radiadores\/bombas-de-agua\/bomba-de-agua-iseki-ts\/","title":{"rendered":"Bomba de agua Iseki TS 1610 \u2013 TS4510 | Bolens G174 \u2013 G244"},"content":{"rendered":"<p class=\"p1\">\u2705 Bomba de agua | Para Iseki, Daewoo, TMC &amp; Bolens<\/p>\n<p class=\"p1\">Calidad superior: garantiza una refrigeraci\u00f3n \u00f3ptima y una larga vida \u00fatil.<\/p>\n<p class=\"p1\">Esta bomba de agua ha sido cuidadosamente ensamblada y es adecuada para diversos tractores y motores japoneses. Gracias a la junta suministrada, la bomba se puede montar directamente. Ideal para evitar el sobrecalentamiento y garantizar un funcionamiento fiable de su motor.  <\/p>\n<p class=\"p1\">? Caracter\u00edsticas:<\/p>\n<p class=\"p1\">\u2714\ufe0f Bomba de agua de alta calidad<\/p>\n<p class=\"p1\">\u2714\ufe0f Incluye junta para montaje directo \u2705<\/p>\n<p class=\"p1\">\u2714\ufe0f Adecuado para m\u00faltiples marcas y modelos<\/p>\n<p class=\"p1\">\u2714\ufe0f Refrigeraci\u00f3n fiable y larga vida \u00fatil<\/p>\n<p class=\"p1\">? Datos t\u00e9cnicos:<\/p>\n<ul>\n<li>\n<p class=\"p1\">Motores: Toyosha 2AA1, 2AB1<\/p>\n<\/li>\n<\/ul>\n<hr>\n<p class=\"p4\"><b>Iseki<\/b><b><\/b><\/p>\n<ul>\n<li>\n<p class=\"p1\">TS1610, TS1910, TS2200, TS2202, TS2205, TS2210, TS2220, TS2400, TS2500<\/p>\n<\/li>\n<li>\n<p class=\"p1\">TS1610F, TS1910F, TS2220F, TS2000F, TS2510F<\/p>\n<\/li>\n<li>\n<p class=\"p1\">TS2810, TS3110, TS3510, TS3910, TS4510<\/p>\n<\/li>\n<\/ul>\n<p class=\"p4\"><b>Daewoo<\/b><b><\/b><\/p>\n<ul>\n<li>\n<p class=\"p1\">DH50<\/p>\n<\/li>\n<\/ul>\n<p class=\"p4\"><b>TMC<\/b><b><\/b><\/p>\n<ul>\n<li>\n<p class=\"p1\">C240<\/p>\n<\/li>\n<\/ul>\n<p class=\"p4\"><b>Bolens<\/b><b><\/b><\/p>\n<ul>\n<li>\n<p class=\"p1\">G174, G194, G242, G244<\/p>\n<\/li>\n<\/ul>\n<hr>\n<p class=\"p4\"><b>Motor<\/b><b><\/b><\/p>\n<ul>\n<li>\n<p class=\"p1\">2AA1, 2AB1<\/p>\n<\/li>\n<\/ul>\n<hr>\n<p class=\"p4\"><b>Referencia OEM:<\/b><b><\/b><\/p>\n<ul>\n<li>\n<p class=\"p1\">5681-361-0417-0<\/p>\n<\/li>\n<li>\n<p class=\"p1\">5691-361-0<\/p>\n<\/li>\n<li>\n<p class=\"p1\">5681-136-0541-0<\/p>\n<\/li>\n<li>\n<p class=\"p1\">5681-361-0054-0<\/p>\n<\/li>\n<li>\n<p class=\"p1\">5691-0417-0<\/p>\n<\/li>\n<li>\n<p class=\"p1\">Z8943768300<\/p>\n<\/li>\n<li>\n<p class=\"p1\">11-4576<\/p>\n<\/li>\n<li>\n<p class=\"p1\">5-13610-038-1<\/p>\n<\/li>\n<li>\n<p class=\"p1\">5-13610-179-0<\/p>\n<\/li>\n<li>\n<p class=\"p1\">8-94376-832-0<\/p>\n<\/li>\n<\/ul>\n","protected":false},"excerpt":{"rendered":"<p>\u2705 Bomba de agua | Para Iseki, Daewoo, TMC &amp; Bolens Calidad superior: garantiza una refrigeraci\u00f3n \u00f3ptima y una larga vida \u00fatil. Esta bomba de agua ha sido cuidadosamente ensamblada y es adecuada para diversos tractores y motores japoneses. Gracias a la junta suministrada, la bomba se puede montar directamente. Ideal para evitar el sobrecalentamiento&hellip;<\/p>\n","protected":false},"featured_media":27606,"comment_status":"open","ping_status":"closed","template":"","meta":[],"product_cat":[483],"product_tag":[3897],"class_list":{"0":"post-17468","1":"product","2":"type-product","3":"status-publish","4":"has-post-thumbnail","6":"product_cat-bombas-de-agua","7":"product_tag-snelparts-es","8":"pa_merk-bobcat-es","9":"pa_merk-bolens-es","10":"pa_merk-daewoo-es","11":"pa_merk-iseki-es","12":"pa_merk-sumitomo-es","13":"pa_merk-tcm-es","14":"pa_merk-white-es","15":"pa_model-2-30-es","16":"pa_model-2-35-es","17":"pa_model-533-es","18":"pa_model-543-es","19":"pa_model-c240-es","20":"pa_model-dh50-es","21":"pa_model-g192-es","22":"pa_model-g194-es","23":"pa_model-g242-es","24":"pa_model-g244-es","25":"pa_model-g292-es","26":"pa_model-g294-es","27":"pa_model-k50-es","28":"pa_model-ls1200j-es","29":"pa_model-ts1610-es","30":"pa_model-ts1700-es","31":"pa_model-ts1910-es","32":"pa_model-ts2000-es","33":"pa_model-ts2200-es","34":"pa_model-ts2202-es","35":"pa_model-ts2205-es","36":"pa_model-ts2210-es","37":"pa_model-ts2220-es","38":"pa_model-ts2400-es","39":"pa_model-ts2420-es","40":"pa_model-ts2500-es","41":"pa_model-ts2510-es","42":"pa_model-ts2800-es","43":"pa_model-ts2810-es","44":"pa_model-ts2920-es","45":"pa_model-ts3110-es","46":"pa_model-ts3510-es","47":"pa_model-ts3910-es","48":"pa_model-ts4510-es","49":"pa_motor-2aa1-es","50":"pa_motor-2ab1-es","51":"pa_motor-3aa1-es","52":"pa_motor-3ab1-es","53":"pa_motor-3abib-02-es","54":"pa_motor-3abib-05-es","55":"pa_motor-3ad1-es","56":"pa_motor-3adia-01-es","57":"pa_motor-c201-es","58":"pa_motor-c221-es","59":"pa_motor-c240-es","60":"pa_motor-g201-es","61":"pa_motor-g240-es","63":"first","64":"instock","65":"sale","66":"taxable","67":"shipping-taxable","68":"purchasable","69":"product-type-simple","70":"col-xs-6 col-sm-4","71":"col-md-3 col-lg-3","72":"un-4-cols"},"_links":{"self":[{"href":"https:\/\/shop4trac.com\/es\/wp-json\/wp\/v2\/product\/17468","targetHints":{"allow":["GET"]}}],"collection":[{"href":"https:\/\/shop4trac.com\/es\/wp-json\/wp\/v2\/product"}],"about":[{"href":"https:\/\/shop4trac.com\/es\/wp-json\/wp\/v2\/types\/product"}],"replies":[{"embeddable":true,"href":"https:\/\/shop4trac.com\/es\/wp-json\/wp\/v2\/comments?post=17468"}],"wp:featuredmedia":[{"embeddable":true,"href":"https:\/\/shop4trac.com\/es\/wp-json\/wp\/v2\/media\/27606"}],"wp:attachment":[{"href":"https:\/\/shop4trac.com\/es\/wp-json\/wp\/v2\/media?parent=17468"}],"wp:term":[{"taxonomy":"product_cat","embeddable":true,"href":"https:\/\/shop4trac.com\/es\/wp-json\/wp\/v2\/product_cat?post=17468"},{"taxonomy":"product_tag","embeddable":true,"href":"https:\/\/shop4trac.com\/es\/wp-json\/wp\/v2\/product_tag?post=17468"}],"curies":[{"name":"wp","href":"https:\/\/api.w.org\/{rel}","templated":true}]}}