{"id":17467,"date":"2020-02-29T17:45:34","date_gmt":"2020-02-29T16:45:34","guid":{"rendered":"https:\/\/shop4trac.com\/product\/bomba-de-agua-iseki-tu-tot-18pk\/"},"modified":"2026-03-20T09:36:33","modified_gmt":"2026-03-20T08:36:33","slug":"bomba-de-agua-iseki-tu-tot-18pk","status":"publish","type":"product","link":"https:\/\/shop4trac.com\/es\/refrigeracion-y-radiadores\/bombas-de-agua\/bomba-de-agua-iseki-tu-tot-18pk\/","title":{"rendered":"Bomba de agua K3A | K3B | K3C | K3D | K3E | K3F | K4A \u2013 K4F | T3L2 \u2013 S4L2"},"content":{"rendered":"<p>Apto para los siguientes modelos Iseki:<\/p>\n<p><strong>Iseki<\/strong><\/p>\n<ul>\n<li>TU 120, TU 140, TU 145, TU150<\/li>\n<li>TU155, TU157, TU160, TU165<\/li>\n<li>TU170, TU175, TU177, TU1400<\/li>\n<li>TU1500, TU1600, TX145<\/li>\n<li>TX155, TX1410, TX1510, TX2140, TX2160<\/li>\n<\/ul>\n<p><strong>Motores:<\/strong><\/p>\n<ul>\n<li>K3A, K3B, K3C, K3D, K3E, K3G,<\/li>\n<li>K4C, K4D, K4E, K4F, K4M, K4N,<\/li>\n<li>S3L, S3L2, S4L, S4L2<\/li>\n<\/ul>\n<p><strong>Otros modelos:<\/strong><\/p>\n<div class=\"short-description value\">\n<p>Aqu\u00ed est\u00e1n los modelos fusionados por marca:<\/p>\n<p><strong>AGCO:<\/strong><\/p>\n<ul>\n<li>Bolens:\n<ul>\n<li>G152, G154 (versi\u00f3n con motor K3A)<\/li>\n<li>G172 (s\u00f3lo con motor de 3 cilindros), H1704<\/li>\n<\/ul>\n<\/li>\n<\/ul>\n<p><strong>A.M.I.:<\/strong><\/p>\n<ul>\n<li>Grupo electr\u00f3geno: GS 0009 M 32S, GS 0013 M 32S, GS 0025 M 32S<\/li>\n<\/ul>\n<p><strong>Atlas:<\/strong><\/p>\n<ul>\n<li>AM29R, AM29R, AM35R, AM35R<\/li>\n<\/ul>\n<p><strong>Bobcat:<\/strong><\/p>\n<ul>\n<li>Excavadora X125<\/li>\n<\/ul>\n<p><strong>Broadcrown:<\/strong><\/p>\n<ul>\n<li>BCM 12-50SP E2, BCM 15-60, BCM 15-60SP iT4, BCM 15-60SP, BCM 16-50 E2<\/li>\n<\/ul>\n<p><strong>Caterpillar:<\/strong><\/p>\n<ul>\n<li>Miniexcavadoras hidr\u00e1ulicas: 302.5C, 303CR, 303SR<\/li>\n<li>ZL 2B, ZLS 2B<\/li>\n<\/ul>\n<p><strong>Caso:<\/strong><\/p>\n<ul>\n<li>234<\/li>\n<li>IH 245, IH 244<\/li>\n<\/ul>\n<p><strong>Marinero Artesano (Mitsubishi):<\/strong><\/p>\n<ul>\n<li>CM4.42<\/li>\n<\/ul>\n<p><strong>Deutz-Fahr:<\/strong><\/p>\n<ul>\n<li>Agrokid 25A, Agrokid 25A\/HST<\/li>\n<li>Agrokid 35 A, Agrokid 45 A<\/li>\n<\/ul>\n<p><strong>Ferrari:<\/strong><\/p>\n<ul>\n<li>Motor del tractor K3E<\/li>\n<li>Tractor Tractor<\/li>\n<\/ul>\n<p><strong>Frigobloque:<\/strong><\/p>\n<ul>\n<li>DS 12L, DS 17<\/li>\n<\/ul>\n<p><strong>Geko:<\/strong><\/p>\n<ul>\n<li>DH\/S 15, DH\/S 15 MF<\/li>\n<\/ul>\n<p><strong>Hanix:<\/strong><\/p>\n<ul>\n<li>Excavadora, Mitsubishi K4D<\/li>\n<li>N06, N120, N150-2<\/li>\n<li>S&amp;B15SR, S&amp;B25, \u200b\u200b\u200b\u200bN11, N220, N250, S&amp;B25III, N230-2<\/li>\n<\/ul>\n<p><strong>Maquinaria de construcci\u00f3n Hitachi:<\/strong><\/p>\n<ul>\n<li>Excavadora UE20, Excavadora UE005<\/li>\n<\/ul>\n<p><strong>Hyundai Heavy Industries (Excavadoras):<\/strong><\/p>\n<ul>\n<li>Miniexcavadora: R25Z-9A, R27Z-9<\/li>\n<li>Excavadora: Robex 28-7, Robex 35-7, Robex 36N-7, Robex 55-7<\/li>\n<\/ul>\n<p><strong>Iseki:<\/strong><\/p>\n<ul>\n<li>TU120, TU1400, TX145, TX1410, TX2140<\/li>\n<li>TX2140F, TX1410F, TU120F, TU130F, TU1400F, TX145F<\/li>\n<\/ul>\n<p><strong>Ingersoll Rand:<\/strong><\/p>\n<ul>\n<li>Generador: G11, G12<\/li>\n<\/ul>\n<p><strong>JF Marine Power BV:<\/strong><\/p>\n<ul>\n<li>JF15-1500<\/li>\n<\/ul>\n<p><strong>KG:<\/strong><\/p>\n<ul>\n<li>G20<\/li>\n<\/ul>\n<p><strong>Kumiai:<\/strong><\/p>\n<ul>\n<li>ST1620, ST1640, ST1820, ST1840<\/li>\n<\/ul>\n<p><strong>Tractores LG:<\/strong><\/p>\n<ul>\n<li>LT280D, LT360D, LT360HST<\/li>\n<\/ul>\n<p><strong>Lamborghini:<\/strong><\/p>\n<ul>\n<li>Corredor 250, Corredor 250 Jet<\/li>\n<li>Corredor 350, Corredor 450<\/li>\n<\/ul>\n<p><strong>Mam (Mitsubishi Maquinaria Agr\u00edcola CO., LTD):<\/strong><\/p>\n<ul>\n<li>Pala 03-06-10, Mitsubishi K4D<\/li>\n<li>Tractor: GS160, GS180, GS200, GS210, GS230, GS250, Cosechadoras VS38, VY43 Tractores GO26, GO26H, GO28, GO28H, GO30, GO30H, GO32, GO32H, GO34, GO34H, GX34, GX37, MT251K, MT331K<\/li>\n<\/ul>\n<p><strong>Maestrovoltio:<\/strong><\/p>\n<ul>\n<li>Susurro 12000 Ultra, Susurro 12000-1500\/50 Hz, Susurro 15000 Ultra<\/li>\n<\/ul>\n<p><strong>Massey Ferguson:<\/strong><\/p>\n<ul>\n<li>MF 2405, MF 2410, MF 2415<\/li>\n<\/ul>\n<p><strong>Mitsubishi:<\/strong><\/p>\n<ul>\n<li>D1350, D1450<\/li>\n<li>D1550, D1550FD, MT1401, MT470D, ME15, ZR02, MT470D<\/li>\n<li>D1650, D1850<\/li>\n<li>Grupo electr\u00f3geno K4E<\/li>\n<li>K3E, K3E-31DS, K3E31-DB<\/li>\n<li>MM15T<\/li>\n<li>MT160, MT160D, D1450, D1450FD, ST1420, ST1440<\/li>\n<li>MT18, MT185<\/li>\n<li>MT200, MT201<\/li>\n<li>MT2001, MT2201, MT670, MT670D<\/li>\n<li>MT246, MT271, GOK26<\/li>\n<li>MT25, MT26, MT27, MT30, MT33<\/li>\n<li>MT246<\/li>\n<li>MT200, MT240<\/li>\n<li>S4L2, S4L, S4L2-Y162gt, S4L2-Y162SD, S4L2-61SD, S4L2-61ES<\/li>\n<li>S4F-D31DS, S4F-DT, S4F-DT51WS, S4F-E1, S4F-E1T, S4F, S4F indirecto, S4F directo<\/li>\n<\/ul>\n<p><strong>Moffett:<\/strong><\/p>\n<ul>\n<li>Carretilla elevadora, Mounty<\/li>\n<\/ul>\n<p><strong>Nagano:<\/strong><\/p>\n<ul>\n<li>Plataforma a\u00e9rea: NA120A, NA90ZA<\/li>\n<li>Miniexcavadoras: NS35R-3, NB30, CX26-3, NS25-3, NUL120-3, NA90A, NUZ090D<\/li>\n<\/ul>\n<p><strong>Nilfisk-Alto:<\/strong><\/p>\n<ul>\n<li>Hidrolimpiadora: Contractor Silent, Barredora\/fregadora ATS 46, Barredora\/fregadora ATS 53<\/li>\n<\/ul>\n<p><strong>Optimess:<\/strong><\/p>\n<ul>\n<li>BHKW: Tigre 8\/16 PPN<\/li>\n<\/ul>\n<p><strong>Pel Job:<\/strong><\/p>\n<ul>\n<li>EB14, EB12, EB11<\/li>\n<li>EB28.4, EB22, EB22.4, EB16, LS286<\/li>\n<\/ul>\n<p><strong>Pronar:<\/strong><\/p>\n<ul>\n<li>Tractor 320, Tractor 320 AM<\/li>\n<\/ul>\n<p><strong>Samofa:<\/strong><\/p>\n<ul>\n<li>Motor K3B<\/li>\n<li>Industrial est\u00e1ndar<\/li>\n<\/ul>\n<p><strong>sabb:<\/strong><\/p>\n<ul>\n<li>Aplicaci\u00f3n marina, Aplicaci\u00f3n marina K4E<\/li>\n<li>Marina K4E<\/li>\n<\/ul>\n<p><strong>Mismo:<\/strong><\/p>\n<ul>\n<li>Solaris 25<\/li>\n<li>Solaris 35<\/li>\n<li>Tractor<\/li>\n<\/ul>\n<p><strong>Schaeff Terex:<\/strong><\/p>\n<ul>\n<li>Excavadora HR02, HR4, HR3, HR4A, Cargadora compacta SKL808, SKS611<\/li>\n<li>Excavadora HR14, HR16, HR16A, HR3.7, HR4, HR3, HR4A, Cargadora compacta SKL808<\/li>\n<\/ul>\n<p><strong>Seimitsu:<\/strong><\/p>\n<ul>\n<li>Grupo electr\u00f3geno KDG-10T, Generador de soldadura PDW270<\/li>\n<\/ul>\n<p><strong>Sol\u00e9 Diesel:<\/strong><\/p>\n<ul>\n<li>Marino G-15M-15, Marino G-15T-15, Marino G-25M-3, Marino G-25T-3, Marino Mini 44, Marino Mini 55<\/li>\n<\/ul>\n<p><strong>Generador Teksan:<\/strong><\/p>\n<ul>\n<li>Generador TJ9MS, TJ11MS, TJ20MS, Generador TJ16MS, Generador TJ27MS<\/li>\n<\/ul>\n<p><strong>Tecn\u00f3geno:<\/strong><\/p>\n<ul>\n<li>Generador MI12\/4SX, Generador MI12T\/<\/li>\n<li>4SX, Generador MI17 \/ 4SX, Generador MI17T<\/li>\n<\/ul>\n<p><strong>Terex:<\/strong><\/p>\n<ul>\n<li>Excavadora TC29, Excavadora TC35, Excavadora TC37<\/li>\n<\/ul>\n<p><strong>Terex-Schaeff:<\/strong><\/p>\n<ul>\n<li>Excavadora HR14, Excavadora HR16, Excavadora HR16A, Excavadora HR3.7, Excavadora TC29, Excavadora TC35, Excavadora TC37, Excavadora HR16A, Excavadora TC37, Excavadora HR16A, Excavadora TC35, Excavadora HR16A, Excavadora TC37, Excavadora HR3.7, Excavadora TC37<\/li>\n<\/ul>\n<p><strong>Toro:<\/strong><\/p>\n<ul>\n<li>Cortac\u00e9sped de calles Reelmaster 220-D, Cortac\u00e9sped GM 220D, Cortac\u00e9sped Groundsmaster 220-D, Veh\u00edculo utilitario Workman 3300-D, Veh\u00edculo utilitario Workman 4300-D<\/li>\n<\/ul>\n<p><strong>Trici\u00f3n:<\/strong><\/p>\n<ul>\n<li>Grupo electr\u00f3geno 15\/15<\/li>\n<\/ul>\n<p><strong>Vetus:<\/strong><\/p>\n<ul>\n<li>M3.10, M4.14, Armada M4.15, Armada M4.17<\/li>\n<\/ul>\n<p><strong>Volvo:<\/strong><\/p>\n<ul>\n<li>Excavadora EC35<\/li>\n<\/ul>\n<p><strong>Weidemann:<\/strong><\/p>\n<ul>\n<li>Cargador de ruedas 1070D\/M, Cargador de ruedas 1050D\/M, 1705D\/M, 1802BLD\/M, 917D\/M, 919D\/M, 1055D\/M, 1504D\/M<\/li>\n<\/ul>\n<p><strong>Poder de susurro:<\/strong><\/p>\n<ul>\n<li>Generador di\u00e9sel s\u00faper silencioso SQ12 1500rpm 230V\/50Hz<\/li>\n<\/ul>\n<p><strong>Zepel\u00edn:<\/strong><\/p>\n<ul>\n<li>Excavadora ZR25, Excavadora ZR35<\/li>\n<\/ul>\n<\/div>\n<p>\u2705 Incluye la correspondiente junta y tubo de rosca<\/p>\n<p><strong>OEM para referencia<\/strong><\/p>\n<ul>\n<li>5650-040-9302-0, MM409302<\/li>\n<li>565004093020<\/li>\n<\/ul>\n","protected":false},"excerpt":{"rendered":"<p>Apto para los siguientes modelos Iseki: Iseki TU 120, TU 140, TU 145, TU150 TU155, TU157, TU160, TU165 TU170, TU175, TU177, TU1400 TU1500, TU1600, TX145 TX155, TX1410, TX1510, TX2140, TX2160 Motores: K3A, K3B, K3C, K3D, K3E, K3G, K4C, K4D, K4E, K4F, K4M, K4N, S3L, S3L2, S4L, S4L2 Otros modelos: Aqu\u00ed est\u00e1n los modelos fusionados por&hellip;<\/p>\n","protected":false},"featured_media":34043,"comment_status":"open","ping_status":"closed","template":"","meta":[],"product_cat":[483],"product_tag":[2741,2742,2743,2744,2745,2746,2794,2795,3897],"class_list":{"0":"post-17467","1":"product","2":"type-product","3":"status-publish","4":"has-post-thumbnail","6":"product_cat-bombas-de-agua","7":"product_tag-k3a-es","8":"product_tag-k3b-es","9":"product_tag-k3c-es","10":"product_tag-k3d-es","11":"product_tag-k3e-es","12":"product_tag-k3f-es","13":"product_tag-s3l-es","14":"product_tag-s4l-es","15":"product_tag-snelparts-es","16":"pa_merk-bolens-es","17":"pa_merk-case-es","18":"pa_merk-case-ih-es","19":"pa_merk-caterpillar-es","20":"pa_merk-cub-cadet-es","21":"pa_merk-farmtrac-es","22":"pa_merk-iseki-es","23":"pa_merk-kobelco-es","24":"pa_merk-landtrac-es","25":"pa_merk-mahindra-es","26":"pa_merk-mitsubishi-es","27":"pa_merk-peljob-es","28":"pa_merk-satoh-es","29":"pa_merk-suzue-es","30":"pa_merk-white-es","31":"pa_model-1120-es","32":"pa_model-1130-es","33":"pa_model-1140-es","34":"pa_model-1503d-es","35":"pa_model-2015-es","36":"pa_model-234-es","37":"pa_model-235-es","38":"pa_model-244-es","39":"pa_model-245-es","40":"pa_model-251-es","41":"pa_model-254-es","42":"pa_model-255-es","43":"pa_model-265-es","44":"pa_model-275-es","45":"pa_model-281-es","46":"pa_model-300-es","47":"pa_model-360-es","48":"pa_model-7000-es","49":"pa_model-7179-es","50":"pa_model-7192-es","51":"pa_model-7193-es","52":"pa_model-7194-es","53":"pa_model-7195-es","54":"pa_model-7200-es","55":"pa_model-7205-es","56":"pa_model-7232-es","57":"pa_model-7233-es","58":"pa_model-7234-es","59":"pa_model-7235-es","60":"pa_model-7260-es","61":"pa_model-7530-es","62":"pa_model-ce25-es","63":"pa_model-cx50-es","64":"pa_model-d1450-es","65":"pa_model-d1550-es","66":"pa_model-d1650-es","67":"pa_model-d2650-es","68":"pa_model-e302-5c-es","69":"pa_model-e303-5-es","70":"pa_model-e303sr-es","71":"pa_model-e304-5-es","72":"pa_model-e305-5-es","73":"pa_model-e308-es","74":"pa_model-eb16-es","75":"pa_model-eb22-es","76":"pa_model-eb25-4-es","77":"pa_model-eb450-es","78":"pa_model-fb16-es","79":"pa_model-g152-es","80":"pa_model-g154-es","81":"pa_model-g174-es","82":"pa_model-h152-es","83":"pa_model-h154-es","84":"pa_model-h174-es","85":"pa_model-h22a-es","86":"pa_model-m1503-es","87":"pa_model-m1803-es","88":"pa_model-m2001-es","89":"pa_model-m2300-es","90":"pa_model-mt1401-es","91":"pa_model-mt1470-es","92":"pa_model-mt1601-es","93":"pa_model-mt180-es","94":"pa_model-mt1800-es","95":"pa_model-mt205-es","96":"pa_model-mt210-es","97":"pa_model-mt22-es","98":"pa_model-mt26-es","99":"pa_model-mt27-es","100":"pa_model-mt28-es","101":"pa_model-mt285-es","102":"pa_model-mt30-es","103":"pa_model-mt33-es","104":"pa_model-mt470-es","105":"pa_model-mte200-es","106":"pa_model-mtx225-es","107":"pa_model-n120-es","108":"pa_model-s2320-es","109":"pa_model-s2340-es","110":"pa_model-s370-es","111":"pa_model-s373d-es","112":"pa_model-s470-es","113":"pa_model-s650-es","114":"pa_model-sk045-es","115":"pa_model-st1520-es","116":"pa_model-st1540-es","117":"pa_model-tu120-es","118":"pa_model-tu125-es","119":"pa_model-tu127-es","120":"pa_model-tu130-es","121":"pa_model-tu135-es","122":"pa_model-tu137-es","123":"pa_model-tu140-es","124":"pa_model-tu1400-es","125":"pa_model-tu145-es","126":"pa_model-tu147-es","127":"pa_model-tu150-es","128":"pa_model-tu1500-es","129":"pa_model-tu155-es","130":"pa_model-tu157-es","131":"pa_model-tu160-es","132":"pa_model-tu1600-es","133":"pa_model-tu165-es","134":"pa_model-tu167-es","135":"pa_model-tu170-es","136":"pa_model-tu177-es","137":"pa_model-tx1410-es","138":"pa_model-tx145-es","139":"pa_model-tx1502-es","140":"pa_model-tx1504-es","141":"pa_model-tx1510-es","142":"pa_model-tx155-es","143":"pa_model-tx1704-es","144":"pa_model-tx1704h-es","145":"pa_model-tx2140-es","146":"pa_model-tx2160-es","147":"pa_motor-k3a-es","148":"pa_motor-k3b-es","149":"pa_motor-k3c-es","150":"pa_motor-k3d-es","151":"pa_motor-k3e-es","152":"pa_motor-k3f-es","153":"pa_motor-k4a-es","154":"pa_motor-k4b-es","155":"pa_motor-k4c-es","156":"pa_motor-k4d-es","157":"pa_motor-k4e-es","158":"pa_motor-k4f-es","159":"pa_motor-s3l-es","160":"pa_motor-s4l-es","162":"first","163":"instock","164":"sale","165":"taxable","166":"shipping-taxable","167":"purchasable","168":"product-type-simple","169":"col-xs-6 col-sm-4","170":"col-md-3 col-lg-3","171":"un-4-cols"},"_links":{"self":[{"href":"https:\/\/shop4trac.com\/es\/wp-json\/wp\/v2\/product\/17467","targetHints":{"allow":["GET"]}}],"collection":[{"href":"https:\/\/shop4trac.com\/es\/wp-json\/wp\/v2\/product"}],"about":[{"href":"https:\/\/shop4trac.com\/es\/wp-json\/wp\/v2\/types\/product"}],"replies":[{"embeddable":true,"href":"https:\/\/shop4trac.com\/es\/wp-json\/wp\/v2\/comments?post=17467"}],"wp:featuredmedia":[{"embeddable":true,"href":"https:\/\/shop4trac.com\/es\/wp-json\/wp\/v2\/media\/34043"}],"wp:attachment":[{"href":"https:\/\/shop4trac.com\/es\/wp-json\/wp\/v2\/media?parent=17467"}],"wp:term":[{"taxonomy":"product_cat","embeddable":true,"href":"https:\/\/shop4trac.com\/es\/wp-json\/wp\/v2\/product_cat?post=17467"},{"taxonomy":"product_tag","embeddable":true,"href":"https:\/\/shop4trac.com\/es\/wp-json\/wp\/v2\/product_tag?post=17467"}],"curies":[{"name":"wp","href":"https:\/\/api.w.org\/{rel}","templated":true}]}}