{"id":17092,"date":"2020-02-29T16:45:52","date_gmt":"2020-02-29T15:45:52","guid":{"rendered":"https:\/\/shop4trac.com\/product\/disco-de-embrague-hinomoto-c142-c174-e14-16\/"},"modified":"2025-08-01T18:52:30","modified_gmt":"2025-08-01T16:52:30","slug":"disco-de-embrague-hinomoto-c142-c174-e14-16","status":"publish","type":"product","link":"https:\/\/shop4trac.com\/es\/embrague-transmision\/disco-de-embrague\/disco-de-embrague-hinomoto-c142-c174-e14-16\/","title":{"rendered":"Disco de embrague Hinomoto C142-C174 | E14-16 | MF1010 | Gutbrod 4000 \u2013 4250"},"content":{"rendered":"<p class=\"p1\"><b>Disco de embrague \u2013 adecuado para tractores <strong>Hinomoto<\/strong> <\/b><b><\/b><\/p>\n<p class=\"p2\">Este disco de embrague es de alta calidad y est\u00e1 especialmente dise\u00f1ado para varios <strong>tractores Hinomoto<\/strong>. Con un engranaje preciso y un revestimiento de fricci\u00f3n duradero, este disco ofrece un funcionamiento del embrague estable, potente y duradero. <\/p>\n<p class=\"p2\">Cuidadosamente formulado seg\u00fan las especificaciones originales para un ajuste perfecto y un rendimiento fiable.<\/p>\n<p class=\"p2\">\u2705 Capa de fricci\u00f3n de alta calidad<\/p>\n<p class=\"p2\">\u2705 Conexi\u00f3n precisa de 10 estr\u00edas<\/p>\n<p class=\"p2\">\u2705 Listo para montaje directo<\/p>\n<p class=\"p1\"><b>Especificaciones t\u00e9cnicas:<\/b><b><\/b><\/p>\n<ul>\n<li class=\"p1\">Di\u00e1metro: 180 mm (7,25 pulgadas)<\/li>\n<li class=\"p1\">Agujero del cubo: 19,05 mm (3\/4 de pulgada)<\/li>\n<li class=\"p1\">N\u00famero de splines: 10<\/li>\n<li class=\"p1\">Combinaci\u00f3n de tama\u00f1os: 7,25\u2033 x 3\/4\u2033 x 10<\/li>\n<\/ul>\n<p class=\"p1\"><b>Apto para las siguientes marcas y modelos:<\/b><b><\/b><\/p>\n<p><strong>Hinomoto<\/strong><\/p>\n<ul>\n<li>C142, C144, C172, C174<\/li>\n<li>\n<div>\n<p>E14, E15, E16<\/p>\n<\/div>\n<\/li>\n<\/ul>\n<p><strong>Massey Ferguson<\/strong><\/p>\n<ul>\n<li>1010<\/li>\n<\/ul>\n<p><strong>Allis Chalmers <\/strong><\/p>\n<ul>\n<li>5015, 5215<\/li>\n<\/ul>\n<p><strong>Deutz-Allis<\/strong><\/p>\n<ul>\n<li>5215<\/li>\n<\/ul>\n<p><strong>Simplicidad<\/strong><\/p>\n<ul>\n<li>9518<\/li>\n<\/ul>\n<p><strong>Gutbrod<\/strong><\/p>\n<ul>\n<li>4000, 4200, 4250<\/li>\n<\/ul>\n<p><strong>OEM como referencia<\/strong><\/p>\n<ul>\n<li>  6192-6120-00-1, 2402-3200-00, 3002-3201-00<\/li>\n<li>6072-6120-00-1, 3282561M1<\/li>\n<li>72100763<\/li>\n<\/ul>\n","protected":false},"excerpt":{"rendered":"<p>Disco de embrague \u2013 adecuado para tractores Hinomoto Este disco de embrague es de alta calidad y est\u00e1 especialmente dise\u00f1ado para varios tractores Hinomoto. Con un engranaje preciso y un revestimiento de fricci\u00f3n duradero, este disco ofrece un funcionamiento del embrague estable, potente y duradero. Cuidadosamente formulado seg\u00fan las especificaciones originales para un ajuste perfecto&hellip;<\/p>\n","protected":false},"featured_media":42699,"comment_status":"open","ping_status":"open","template":"","meta":[],"product_cat":[486],"product_tag":[3897],"class_list":{"0":"post-17092","1":"product","2":"type-product","3":"status-publish","4":"has-post-thumbnail","6":"product_cat-disco-de-embrague","7":"product_tag-snelparts-es","8":"pa_merk-allis-chalmers-es","9":"pa_merk-deutz-es","10":"pa_merk-gutbrod-es","11":"pa_merk-hinomoto-es","13":"first","14":"instock","15":"sale","16":"taxable","17":"shipping-taxable","18":"purchasable","19":"product-type-simple","20":"col-xs-6 col-sm-4","21":"col-md-3 col-lg-3","22":"un-4-cols"},"_links":{"self":[{"href":"https:\/\/shop4trac.com\/es\/wp-json\/wp\/v2\/product\/17092","targetHints":{"allow":["GET"]}}],"collection":[{"href":"https:\/\/shop4trac.com\/es\/wp-json\/wp\/v2\/product"}],"about":[{"href":"https:\/\/shop4trac.com\/es\/wp-json\/wp\/v2\/types\/product"}],"replies":[{"embeddable":true,"href":"https:\/\/shop4trac.com\/es\/wp-json\/wp\/v2\/comments?post=17092"}],"wp:featuredmedia":[{"embeddable":true,"href":"https:\/\/shop4trac.com\/es\/wp-json\/wp\/v2\/media\/42699"}],"wp:attachment":[{"href":"https:\/\/shop4trac.com\/es\/wp-json\/wp\/v2\/media?parent=17092"}],"wp:term":[{"taxonomy":"product_cat","embeddable":true,"href":"https:\/\/shop4trac.com\/es\/wp-json\/wp\/v2\/product_cat?post=17092"},{"taxonomy":"product_tag","embeddable":true,"href":"https:\/\/shop4trac.com\/es\/wp-json\/wp\/v2\/product_tag?post=17092"}],"curies":[{"name":"wp","href":"https:\/\/api.w.org\/{rel}","templated":true}]}}