{"id":17082,"date":"2020-02-29T16:45:52","date_gmt":"2020-02-29T15:45:52","guid":{"rendered":"https:\/\/shop4trac.com\/product\/disco-de-embrague-kubota-aste-b-zen-noh-zb\/"},"modified":"2025-12-15T12:40:12","modified_gmt":"2025-12-15T10:40:12","slug":"disco-de-embrague-kubota-aste-b-zen-noh-zb","status":"publish","type":"product","link":"https:\/\/shop4trac.com\/es\/embrague-transmision\/disco-de-embrague\/disco-de-embrague-kubota-aste-b-zen-noh-zb\/","title":{"rendered":"Disco de embrague Kubota Aste A-13 | A-14 | B52 | B1200 \u2013 B1750 | B4200 \u2013 B7001 | Zen-Noh ZB"},"content":{"rendered":"<p class=\"p1\"><b>Disco de embrague \u2013 Alta calidad<\/b><b><\/b><\/p>\n<p class=\"p2\">Este disco de embrague es de primera calidad y est\u00e1 dise\u00f1ado para un funcionamiento fiable y eficiente de la transmisi\u00f3n. Fabricado en material duradero y resistente al desgaste para una larga vida \u00fatil. <\/p>\n<p class=\"p2\">Los modelos compatibles se han seleccionado con sumo cuidado para garantizar un ajuste perfecto.<\/p>\n<p class=\"p2\">\u2705 Revestimiento de fricci\u00f3n resistente al desgaste<\/p>\n<p class=\"p2\">\u2705 Dentado de 14 estr\u00edas para una buena transmisi\u00f3n de potencia<\/p>\n<p class=\"p2\">\u2705 Ideal como recambio en caso de desgaste o aver\u00eda<\/p>\n<p class=\"p1\"><b>Especificaciones t\u00e9cnicas:<\/b><b><\/b><\/p>\n<ul>\n<li class=\"p1\">Di\u00e1metro: 184 mm (7,25 pulgadas)<\/li>\n<li class=\"p1\">N\u00famero de splines: 14<\/li>\n<li class=\"p1\">Di\u00e1metro del cubo: 20 mm (0,79 pulgadas)<\/li>\n<li class=\"p1\">Espesor: est\u00e1ndar (adecuado para aplicaciones de acoplamiento simple)<\/li>\n<li class=\"p1\">Combinaci\u00f3n de tama\u00f1os: 7,25 x 0,79 x 14<\/li>\n<\/ul>\n<p class=\"p1\"><b>Apto para las siguientes marcas y modelos:<\/b><\/p>\n<p><strong>Hinomoto<\/strong><\/p>\n<ul>\n<li>CX13, CX14<\/li>\n<\/ul>\n<p><strong>Kubota<\/strong><\/p>\n<ul>\n<li>Aste A13, A14<\/li>\n<li>B52<\/li>\n<li>B1200, B1400, B1402, B1502, B1550, B1750<\/li>\n<li>B4200<\/li>\n<li>B5000, B5001, B6000, B6001, B6100, B7000, B7001, B7100, B7200<\/li>\n<li>Bulltra B1-10, B1-14, B1-15<\/li>\n<li>XB-1<\/li>\n<\/ul>\n<p><strong>Zen-Noh<\/strong><\/p>\n<ul>\n<li>ZB5000, ZB5001, ZB6000, ZB6001, ZB7000, ZB7001<\/li>\n<li>ZB1200, ZB1400, ZB1402, ZB1500, ZB1502<\/li>\n<\/ul>\n<p><strong>OEM como referencia<\/strong><\/p>\n<ul>\n<li>66591-13302, 66905-13300<\/li>\n<li>66905-13300 \/ 66905-1330-0, 6690513300, 66591-1330-0, 66591-13300, 6659113300<\/li>\n<li>66591-1330-2, 6659113302, 6721113401, 67211-13401, 67211-1340-1<\/li>\n<li>67980-13400<\/li>\n<\/ul>\n","protected":false},"excerpt":{"rendered":"<p>Disco de embrague \u2013 Alta calidad Este disco de embrague es de primera calidad y est\u00e1 dise\u00f1ado para un funcionamiento fiable y eficiente de la transmisi\u00f3n. Fabricado en material duradero y resistente al desgaste para una larga vida \u00fatil. Los modelos compatibles se han seleccionado con sumo cuidado para garantizar un ajuste perfecto. \u2705 Revestimiento&hellip;<\/p>\n","protected":false},"featured_media":42537,"comment_status":"open","ping_status":"closed","template":"","meta":[],"product_cat":[486,484],"product_tag":[3897],"class_list":{"0":"post-17082","1":"product","2":"type-product","3":"status-publish","4":"has-post-thumbnail","6":"product_cat-disco-de-embrague","7":"product_cat-embrague-transmision","8":"product_tag-snelparts-es","9":"pa_merk-hinomoto-es","10":"pa_merk-kubota-es","11":"pa_merk-zen-noh-es","13":"first","14":"instock","15":"sale","16":"taxable","17":"shipping-taxable","18":"purchasable","19":"product-type-simple","20":"col-xs-6 col-sm-4","21":"col-md-3 col-lg-3","22":"un-4-cols"},"_links":{"self":[{"href":"https:\/\/shop4trac.com\/es\/wp-json\/wp\/v2\/product\/17082","targetHints":{"allow":["GET"]}}],"collection":[{"href":"https:\/\/shop4trac.com\/es\/wp-json\/wp\/v2\/product"}],"about":[{"href":"https:\/\/shop4trac.com\/es\/wp-json\/wp\/v2\/types\/product"}],"replies":[{"embeddable":true,"href":"https:\/\/shop4trac.com\/es\/wp-json\/wp\/v2\/comments?post=17082"}],"wp:featuredmedia":[{"embeddable":true,"href":"https:\/\/shop4trac.com\/es\/wp-json\/wp\/v2\/media\/42537"}],"wp:attachment":[{"href":"https:\/\/shop4trac.com\/es\/wp-json\/wp\/v2\/media?parent=17082"}],"wp:term":[{"taxonomy":"product_cat","embeddable":true,"href":"https:\/\/shop4trac.com\/es\/wp-json\/wp\/v2\/product_cat?post=17082"},{"taxonomy":"product_tag","embeddable":true,"href":"https:\/\/shop4trac.com\/es\/wp-json\/wp\/v2\/product_tag?post=17082"}],"curies":[{"name":"wp","href":"https:\/\/api.w.org\/{rel}","templated":true}]}}