{"id":17078,"date":"2020-02-29T16:45:59","date_gmt":"2020-02-29T15:45:59","guid":{"rendered":"https:\/\/shop4trac.com\/product\/disco-de-embrague-kubota-l1500-l1501\/"},"modified":"2025-08-01T18:51:42","modified_gmt":"2025-08-01T16:51:42","slug":"placa-de-embrague-kubota-serie-l","status":"publish","type":"product","link":"https:\/\/shop4trac.com\/es\/embrague-transmision\/disco-de-embrague\/placa-de-embrague-kubota-serie-l\/","title":{"rendered":"Disco de embrague Kubota L1500 \u2013 L1501"},"content":{"rendered":"<p>Apto para los siguientes modelos:<\/p>\n<p><strong>Dimensi\u00f3n<\/strong> :<\/p>\n<p>Tama\u00f1o y estr\u00edas: (185 mm \/ 10 estr\u00edas)<\/p>\n<p><strong>Kubota<\/strong> :<\/p>\n<ul>\n<li>L1500, L1501<\/li>\n<li>L175, L1500, L1500DT<\/li>\n<\/ul>\n<p><strong>Zen-Noh<\/strong><\/p>\n<ul>\n<li>ZL1500, ZL1500DT<\/li>\n<\/ul>\n","protected":false},"excerpt":{"rendered":"<p>Apto para los siguientes modelos: Dimensi\u00f3n : Tama\u00f1o y estr\u00edas: (185 mm \/ 10 estr\u00edas) Kubota : L1500, L1501 L175, L1500, L1500DT Zen-Noh ZL1500, ZL1500DT<\/p>\n","protected":false},"featured_media":43104,"comment_status":"open","ping_status":"closed","template":"","meta":[],"product_cat":[486],"product_tag":[3897],"class_list":{"0":"post-17078","1":"product","2":"type-product","3":"status-publish","4":"has-post-thumbnail","6":"product_cat-disco-de-embrague","7":"product_tag-snelparts-es","8":"pa_merk-kubota-es","9":"pa_merk-zen-noh-es","11":"first","12":"instock","13":"taxable","14":"shipping-taxable","15":"purchasable","16":"product-type-simple","17":"col-xs-6 col-sm-4","18":"col-md-3 col-lg-3","19":"un-4-cols"},"_links":{"self":[{"href":"https:\/\/shop4trac.com\/es\/wp-json\/wp\/v2\/product\/17078","targetHints":{"allow":["GET"]}}],"collection":[{"href":"https:\/\/shop4trac.com\/es\/wp-json\/wp\/v2\/product"}],"about":[{"href":"https:\/\/shop4trac.com\/es\/wp-json\/wp\/v2\/types\/product"}],"replies":[{"embeddable":true,"href":"https:\/\/shop4trac.com\/es\/wp-json\/wp\/v2\/comments?post=17078"}],"wp:featuredmedia":[{"embeddable":true,"href":"https:\/\/shop4trac.com\/es\/wp-json\/wp\/v2\/media\/43104"}],"wp:attachment":[{"href":"https:\/\/shop4trac.com\/es\/wp-json\/wp\/v2\/media?parent=17078"}],"wp:term":[{"taxonomy":"product_cat","embeddable":true,"href":"https:\/\/shop4trac.com\/es\/wp-json\/wp\/v2\/product_cat?post=17078"},{"taxonomy":"product_tag","embeddable":true,"href":"https:\/\/shop4trac.com\/es\/wp-json\/wp\/v2\/product_tag?post=17078"}],"curies":[{"name":"wp","href":"https:\/\/api.w.org\/{rel}","templated":true}]}}