{"id":17071,"date":"2020-02-29T16:45:59","date_gmt":"2020-02-29T15:45:59","guid":{"rendered":"https:\/\/shop4trac.com\/product\/disco-de-embrague-shibaura-p-19-p21-serie\/"},"modified":"2025-08-01T18:51:45","modified_gmt":"2025-08-01T16:51:45","slug":"disco-de-embrague-shibaura-p-19-p21-serie","status":"publish","type":"product","link":"https:\/\/shop4trac.com\/es\/embrague-transmision\/disco-de-embrague\/disco-de-embrague-shibaura-p-19-p21-serie\/","title":{"rendered":"Shibaura P19 | P21 | P19F | P21F disco de embrague \u2013 SP2540"},"content":{"rendered":"<p class=\"p1\"><b>Disco de embrague \u2013 alta calidad con centro de muelle<\/b><b><\/b><\/p>\n<p class=\"p2\">Este disco de embrague est\u00e1 dise\u00f1ado para ofrecer la m\u00e1xima fiabilidad y una generaci\u00f3n de potencia suave. El centro el\u00e1stico (con muelles) amortigua las vibraciones y protege la transmisi\u00f3n, mientras que el material de fricci\u00f3n org\u00e1nico garantiza un agarre duradero con cargas variables. <\/p>\n<p class=\"p2\">\u2705 Centro accionado por muelle para un funcionamiento suave<\/p>\n<p class=\"p2\">\u2705 Capa de fricci\u00f3n org\u00e1nica de gran resistencia a la abrasi\u00f3n<\/p>\n<p class=\"p2\">\u2705 Ajuste OEM y listo para montar<\/p>\n<p class=\"p1\"><b>Especificaciones t\u00e9cnicas:<\/b><b><\/b><\/p>\n<ul>\n<li class=\"p1\"><span class=\"s1\">Di\u00e1metro: <\/span><b>200 mm (7,87&#8243;)<\/b><b><\/b><\/li>\n<li class=\"p1\">Material de fricci\u00f3n: <span class=\"s1\"><b>Org\u00e1nico<\/b><b><\/b><\/span><\/li>\n<li class=\"p1\"><span class=\"s1\">N\u00facleo: <\/span><b>Sprung (el\u00e1stico)<\/b><b><\/b><\/li>\n<li class=\"p1\">Tama\u00f1o del eje: <span class=\"s1\"><b>15\/16&#8243; x 13 estr\u00edas<\/b><\/span> (23,81 mm x 13)<\/li>\n<\/ul>\n<p>Adecuado para los siguientes modelos:<\/p>\n<ul>\n<li>P19, P21<\/li>\n<li>P19F, Pf21F<\/li>\n<li>SP2540<\/li>\n<\/ul>\n<p><strong>OEM para referencia<\/strong><\/p>\n<ul>\n<li>3281105M91<\/li>\n<li>320400301<\/li>\n<\/ul>\n","protected":false},"excerpt":{"rendered":"<p>Disco de embrague \u2013 alta calidad con centro de muelle Este disco de embrague est\u00e1 dise\u00f1ado para ofrecer la m\u00e1xima fiabilidad y una generaci\u00f3n de potencia suave. El centro el\u00e1stico (con muelles) amortigua las vibraciones y protege la transmisi\u00f3n, mientras que el material de fricci\u00f3n org\u00e1nico garantiza un agarre duradero con cargas variables. \u2705 Centro&hellip;<\/p>\n","protected":false},"featured_media":43360,"comment_status":"open","ping_status":"open","template":"","meta":[],"product_cat":[486],"product_tag":[3897],"class_list":{"0":"post-17071","1":"product","2":"type-product","3":"status-publish","4":"has-post-thumbnail","6":"product_cat-disco-de-embrague","7":"product_tag-snelparts-es","8":"pa_merk-shibaura-es","10":"first","11":"instock","12":"sale","13":"taxable","14":"shipping-taxable","15":"purchasable","16":"product-type-simple","17":"col-xs-6 col-sm-4","18":"col-md-3 col-lg-3","19":"un-4-cols"},"_links":{"self":[{"href":"https:\/\/shop4trac.com\/es\/wp-json\/wp\/v2\/product\/17071","targetHints":{"allow":["GET"]}}],"collection":[{"href":"https:\/\/shop4trac.com\/es\/wp-json\/wp\/v2\/product"}],"about":[{"href":"https:\/\/shop4trac.com\/es\/wp-json\/wp\/v2\/types\/product"}],"replies":[{"embeddable":true,"href":"https:\/\/shop4trac.com\/es\/wp-json\/wp\/v2\/comments?post=17071"}],"wp:featuredmedia":[{"embeddable":true,"href":"https:\/\/shop4trac.com\/es\/wp-json\/wp\/v2\/media\/43360"}],"wp:attachment":[{"href":"https:\/\/shop4trac.com\/es\/wp-json\/wp\/v2\/media?parent=17071"}],"wp:term":[{"taxonomy":"product_cat","embeddable":true,"href":"https:\/\/shop4trac.com\/es\/wp-json\/wp\/v2\/product_cat?post=17071"},{"taxonomy":"product_tag","embeddable":true,"href":"https:\/\/shop4trac.com\/es\/wp-json\/wp\/v2\/product_tag?post=17071"}],"curies":[{"name":"wp","href":"https:\/\/api.w.org\/{rel}","templated":true}]}}