{"id":17062,"date":"2020-02-29T16:46:00","date_gmt":"2020-02-29T15:46:00","guid":{"rendered":"https:\/\/shop4trac.com\/product\/disco-de-embrague-yanmar-ym-1301-ym1702\/"},"modified":"2025-08-01T18:51:09","modified_gmt":"2025-08-01T16:51:09","slug":"disco-de-embrague-yanmar-ym-1301-ym1702","status":"publish","type":"product","link":"https:\/\/shop4trac.com\/es\/embrague-transmision\/disco-de-embrague\/disco-de-embrague-yanmar-ym-1301-ym1702\/","title":{"rendered":"Disco de embrague Yanmar YM 1301-YM1702 | YM135 \u2013 YM186D"},"content":{"rendered":"<p class=\"p1\"><b>Disco de embrague \u2013 adecuado para tractores Yanmar<\/b><b><\/b><\/p>\n<p class=\"p2\">Este disco de embrague es de alta calidad y est\u00e1 especialmente dise\u00f1ado para varios tractores Yanmar. Con un engranaje preciso y un revestimiento de fricci\u00f3n duradero, este plato ofrece un funcionamiento del embrague estable, potente y duradero. <\/p>\n<p class=\"p2\">Cuidadosamente formulado seg\u00fan las especificaciones originales para un ajuste perfecto y un rendimiento fiable.<\/p>\n<p class=\"p2\">\u2705 Capa de fricci\u00f3n de alta calidad<\/p>\n<p class=\"p2\">\u2705 Conexi\u00f3n precisa de 10 estr\u00edas<\/p>\n<p class=\"p2\">\u2705 Listo para montaje directo<\/p>\n<p class=\"p1\"><b>Especificaciones t\u00e9cnicas:<\/b><b><\/b><\/p>\n<ul>\n<li class=\"p1\">Di\u00e1metro: 180 mm (7,25 pulgadas)<\/li>\n<li class=\"p1\">Agujero del cubo: 19,05 mm (3\/4 de pulgada)<\/li>\n<li class=\"p1\">N\u00famero de splines: 10<\/li>\n<li class=\"p1\">Combinaci\u00f3n de tama\u00f1os: 7,25\u2033 x 3\/4\u2033 x 10<\/li>\n<\/ul>\n<p><strong>Yanmar<\/strong><\/p>\n<ul>\n<li>F5, F6, F7, F14, F15, F16, F145, F155, F165, F175, F175(D), FX175<\/li>\n<li>F14D, F15D, F16D<\/li>\n<li>FX16, FX17<\/li>\n<li>FF155, FF165<\/li>\n<li>KE2, KE3, KE4<\/li>\n<li>KE-2D, KE3D, KE-2A<\/li>\n<li>KE-3A, KE4A<\/li>\n<li>YM1301, YM1502, YM1510, YM1601, YM1602, YM1610, YM1702, YM1720<\/li>\n<li>YM1300, YM1300D, YM1301, YM1301D, YM1401, YM1401D, YM1502, YM1502D, YM1510, YM1510D, YM1601, YM1601D, YM1602, YM1602D, YM1610, YM1610D, YM17 02, YM1702D, YM1720 YM1720D<\/li>\n<li>YM135, YM135D, YM155, YM155D, YM169, YM169D, YM180, YM180D, YM186, YM186D<\/li>\n<\/ul>\n<p><strong>OEM como referencia<\/strong><\/p>\n<ul>\n<li>194440-21400, 194510-21400, 194515-21400<\/li>\n<\/ul>\n","protected":false},"excerpt":{"rendered":"<p>Disco de embrague \u2013 adecuado para tractores Yanmar Este disco de embrague es de alta calidad y est\u00e1 especialmente dise\u00f1ado para varios tractores Yanmar. Con un engranaje preciso y un revestimiento de fricci\u00f3n duradero, este plato ofrece un funcionamiento del embrague estable, potente y duradero. Cuidadosamente formulado seg\u00fan las especificaciones originales para un ajuste perfecto&hellip;<\/p>\n","protected":false},"featured_media":43020,"comment_status":"open","ping_status":"closed","template":"","meta":[],"product_cat":[486],"product_tag":[3897],"class_list":{"0":"post-17062","1":"product","2":"type-product","3":"status-publish","4":"has-post-thumbnail","6":"product_cat-disco-de-embrague","7":"product_tag-snelparts-es","8":"pa_merk-yanmar-es","10":"first","11":"instock","12":"sale","13":"taxable","14":"shipping-taxable","15":"purchasable","16":"product-type-simple","17":"col-xs-6 col-sm-4","18":"col-md-3 col-lg-3","19":"un-4-cols"},"_links":{"self":[{"href":"https:\/\/shop4trac.com\/es\/wp-json\/wp\/v2\/product\/17062","targetHints":{"allow":["GET"]}}],"collection":[{"href":"https:\/\/shop4trac.com\/es\/wp-json\/wp\/v2\/product"}],"about":[{"href":"https:\/\/shop4trac.com\/es\/wp-json\/wp\/v2\/types\/product"}],"replies":[{"embeddable":true,"href":"https:\/\/shop4trac.com\/es\/wp-json\/wp\/v2\/comments?post=17062"}],"wp:featuredmedia":[{"embeddable":true,"href":"https:\/\/shop4trac.com\/es\/wp-json\/wp\/v2\/media\/43020"}],"wp:attachment":[{"href":"https:\/\/shop4trac.com\/es\/wp-json\/wp\/v2\/media?parent=17062"}],"wp:term":[{"taxonomy":"product_cat","embeddable":true,"href":"https:\/\/shop4trac.com\/es\/wp-json\/wp\/v2\/product_cat?post=17062"},{"taxonomy":"product_tag","embeddable":true,"href":"https:\/\/shop4trac.com\/es\/wp-json\/wp\/v2\/product_tag?post=17062"}],"curies":[{"name":"wp","href":"https:\/\/api.w.org\/{rel}","templated":true}]}}