{"id":17055,"date":"2020-02-29T16:45:50","date_gmt":"2020-02-29T15:45:50","guid":{"rendered":"https:\/\/shop4trac.com\/product\/kit-de-embrague-iseki-tipo-2-tu-sial\/"},"modified":"2025-08-01T18:53:47","modified_gmt":"2025-08-01T16:53:47","slug":"embrague-set-iseki-type-2-tu-en-sial","status":"publish","type":"product","link":"https:\/\/shop4trac.com\/es\/embrague-transmision\/kit-de-embrague\/embrague-set-iseki-type-2-tu-en-sial\/","title":{"rendered":"Kit de embrague Iseki TU1400 \u2013 TU1601 | TU120 \u2013 TU177 | SIAL3 \u2013 20 | TM17"},"content":{"rendered":"<div class=\"rte product-single__description\">\n<h4 class=\"p1\"><b>Kit de embrague incl. rodamiento piloto \u2013 Cambio compacto, completo y suave <\/b><b><\/b><\/h4>\n<p class=\"p2\">Este Kit de embrague est\u00e1 cuidadosamente formulado para una transmisi\u00f3n fiable y suave de la potencia del motor.<\/p>\n<p class=\"p2\">\u2705 Dise\u00f1o extra robusto para las series TU y TF de Iseki<\/p>\n<p class=\"p2\">\u2705 Debido a la edad, es importante sustituirlo todo, \u00a1y este juego completo se encarga de ello!<\/p>\n<p class=\"p2\">\u2705 Incluye Cojinete de desembrague \u2013 listo para montar<\/p>\n<p>\u2705  <span style=\"text-decoration: underline\">A menudo se olvida el rodamiento piloto <span class=\"s1\"><b>olvidado<\/b><\/span> durante una revisi\u00f3n del embrague, pero es muy recomendable sustituirlo siempre junto con un embrague nuevo.<\/span><\/p>\n<hr>\n<h5><b>Contenido y especificaciones t\u00e9cnicas<\/b><\/h5>\n<p class=\"p1\"><b>Mecanismo de embrague<\/b><b><\/b><\/p>\n<ul>\n<li class=\"p1\"><span class=\"s1\">Di\u00e1metro: <\/span><b>185 mm (7,25&#8243;)<\/b><b><\/b><\/li>\n<li class=\"p1\"><span class=\"s1\">Construcci\u00f3n: <\/span><b>Dise\u00f1o s\u00f3lido y de bajo mantenimiento<\/b><\/li>\n<\/ul>\n<p class=\"p1\"><b>Disco de embrague<\/b><b><\/b><\/p>\n<ul>\n<li class=\"p1\"><span class=\"s1\">Di\u00e1metro: <\/span><b>184 mm (7,24&#8243;)<\/b><b><\/b><\/li>\n<li class=\"p1\">N\u00famero de estr\u00edas: <span class=\"s1\"><b>18<\/b><b><\/b><\/span><\/li>\n<li class=\"p1\">Tama\u00f1o del eje: adecuado para <span class=\"s1\"><b>eje de entrada<\/b><\/span> eje de entrada<\/li>\n<li class=\"p1\">Material de fricci\u00f3n: <span class=\"s1\"><b>Org\u00e1nico<\/b><b><\/b><\/span><\/li>\n<li>\n<p class=\"p1\">N\u00facleo: <span class=\"s1\"><b>Sprung (el\u00e1stico)<\/b><\/span> \u2013 para una mejor amortiguaci\u00f3n y protecci\u00f3n de la transmisi\u00f3n<\/p>\n<\/li>\n<\/ul>\n<p class=\"p1\"><b>Cojinete de desembrague<\/b><b><\/b><\/p>\n<ul>\n<li class=\"p1\">Di\u00e1metro exterior: <span class=\"s1\"><b>67 mm<\/b><b><\/b><\/span><\/li>\n<li class=\"p1\">Di\u00e1metro interior: <span class=\"s1\"><b>38 mm<\/b><b><\/b><\/span><\/li>\n<li class=\"p1\">Grosor: <span class=\"s1\"><b>16 mm<\/b><\/span><\/li>\n<\/ul>\n<p><strong>Iseki<\/strong><\/p>\n<ul>\n<li><span style=\"text-decoration: underline\">Landhope<\/span> TU120, TU130, TU135, TU137, TU140, TU147, TU145, TU150, TU155, TU157, TU160, TU167, TU165, TU170, TU175, TU177<\/li>\n<li>TU120F, TU130F, TU135F, TU137F, TU140F, TU147F, TU145F, TU150F, TU155F, TU157F, TU160F, TU167F, TU165F, TU170F, TU175F, TU177F<\/li>\n<li>TU1400, TU1400F TU1500, TU1500F TU1600, TU1600F TU1401, TU1501, TU1601<\/li>\n<li>TU318<\/li>\n<li>Sial 3, TF3, Sial 5, TF5, Sial15, TF15, Sial 20, TF20,<\/li>\n<li>TM17<\/li>\n<li>THS16, THS18, THS20 \u2013 SIAL HUNTER<\/li>\n<\/ul>\n<\/div>\n<p><strong>OEM para referencia<\/strong><\/p>\n<ul>\n<li>1491-120-001-00<\/li>\n<li>1491-120-210-00<\/li>\n<li>1600-120-230-00, 160012023000<\/li>\n<li>1427-120-220-01, 1427-120-220-01<\/li>\n<\/ul>\n","protected":false},"excerpt":{"rendered":"<p>Kit de embrague incl. rodamiento piloto \u2013 Cambio compacto, completo y suave Este Kit de embrague est\u00e1 cuidadosamente formulado para una transmisi\u00f3n fiable y suave de la potencia del motor. \u2705 Dise\u00f1o extra robusto para las series TU y TF de Iseki \u2705 Debido a la edad, es importante sustituirlo todo, \u00a1y este juego completo&hellip;<\/p>\n","protected":false},"featured_media":155530,"comment_status":"open","ping_status":"closed","template":"","meta":[],"product_cat":[487,484],"product_tag":[3897],"class_list":{"0":"post-17055","1":"product","2":"type-product","3":"status-publish","4":"has-post-thumbnail","6":"product_cat-kit-de-embrague","7":"product_cat-embrague-transmision","8":"product_tag-snelparts-es","9":"pa_merk-iseki-es","11":"first","12":"instock","13":"sale","14":"taxable","15":"shipping-taxable","16":"purchasable","17":"product-type-simple","18":"col-xs-6 col-sm-4","19":"col-md-3 col-lg-3","20":"un-4-cols"},"_links":{"self":[{"href":"https:\/\/shop4trac.com\/es\/wp-json\/wp\/v2\/product\/17055","targetHints":{"allow":["GET"]}}],"collection":[{"href":"https:\/\/shop4trac.com\/es\/wp-json\/wp\/v2\/product"}],"about":[{"href":"https:\/\/shop4trac.com\/es\/wp-json\/wp\/v2\/types\/product"}],"replies":[{"embeddable":true,"href":"https:\/\/shop4trac.com\/es\/wp-json\/wp\/v2\/comments?post=17055"}],"wp:featuredmedia":[{"embeddable":true,"href":"https:\/\/shop4trac.com\/es\/wp-json\/wp\/v2\/media\/155530"}],"wp:attachment":[{"href":"https:\/\/shop4trac.com\/es\/wp-json\/wp\/v2\/media?parent=17055"}],"wp:term":[{"taxonomy":"product_cat","embeddable":true,"href":"https:\/\/shop4trac.com\/es\/wp-json\/wp\/v2\/product_cat?post=17055"},{"taxonomy":"product_tag","embeddable":true,"href":"https:\/\/shop4trac.com\/es\/wp-json\/wp\/v2\/product_tag?post=17055"}],"curies":[{"name":"wp","href":"https:\/\/api.w.org\/{rel}","templated":true}]}}