{"id":16747,"date":"2020-02-29T16:47:10","date_gmt":"2020-02-29T15:47:10","guid":{"rendered":"https:\/\/shop4trac.com\/product\/bujias-incandescentes-iseki-tu-landhope-150-177-mitsubishi-mt\/"},"modified":"2026-03-17T20:20:07","modified_gmt":"2026-03-17T19:20:07","slug":"bujias-incandescentes-iseki-tu-landhope-150-177-mitsubishi-mt","status":"publish","type":"product","link":"https:\/\/shop4trac.com\/es\/partes-de-motor\/bujia-precalentamiento-calentador\/bujias-incandescentes-iseki-tu-landhope-150-177-mitsubishi-mt\/","title":{"rendered":"Buj\u00eda de precalentamiento | Calentador Iseki TU Landhope 150-177 | Mitsubishi MT18 \u2013 MT33 | MT1401 \u2013 MT2501"},"content":{"rendered":"<p>Calentador \/ buj\u00eda de precalentamiento de <strong>calidad premium<\/strong> apto para:<\/p>\n<p><strong>Datos t\u00e9cnicos<\/strong><\/p>\n<ul>\n<li class=\"important-row\"><span class=\"left\">Longitud total [mm]: 1<\/span><span class=\"right\">05,0<\/span><\/li>\n<li class=\"important-row\"><span class=\"left\">Medida de rosca: <\/span><span class=\"right\">M10 x 1,25<\/span><\/li>\n<li class=\"important-row\"><span class=\"left\">Tensi\u00f3n (voltios): <\/span><span class=\"right\">12 V<\/span><\/li>\n<li><span class=\"left\">Di\u00e1metro: <\/span><span class=\"right\">12 mm<\/span><\/li>\n<\/ul>\n<p><strong>Motor de inyecci\u00f3n directa (DI)<\/strong><\/p>\n<p><strong>Iseki<\/strong><\/p>\n<ul>\n<li>TU150, TU150F, TU157, TU160, TU160F, TU165, TU165F, TU167, TU167F, TU175, TU177, TU175F, TU177F \u2013 Landhope<\/li>\n<\/ul>\n<p><strong>Mitsubishi<\/strong><\/p>\n<ul>\n<li>MT18, MT185, MT185D, MT20, MT20D, MT205, MT21, MT21D, MT22, MT22D, MT22D, MT23, MT23D, MT24, MT245, MT24D, MT25, MT25D, MT26, MT26D, MT27, MT27D, MT30, MT30D<\/li>\n<li>MT33, MT33D, MT245<\/li>\n<li>MT1401, MT1601, MT1801, MT2001, MT2201, MT2501<\/li>\n<li>MTE1800, MTE2000<\/li>\n<li>MTX225, MTX245<\/li>\n<\/ul>\n<p><strong>Cadete cachorro<\/strong><\/p>\n<ul>\n<li>7232, 7233, 7234, 7235, 7272, 7273, 7274, 7275, 7300, 7305<\/li>\n<\/ul>\n<p><strong>Motor<\/strong><\/p>\n<ul>\n<li>K3C(DI), K3D(DI), K3F(DI), <span style=\"text-decoration: underline;\">K4F D61A, K4A 62DA!<\/span><\/li>\n<li>K4C(DI), K4D(DI), K4F(DI)<\/li>\n<li>K3M(DI)<\/li>\n<\/ul>\n<p><strong>OEM de referencia<\/strong><\/p>\n<ul>\n<li>MM431439, MM43143901, 5650-043-143-90, 5650-043-1439-0<\/li>\n<li>MA MM431439, MA 30H66-06100 Cub Cadet<\/li>\n<li>C\u00f3digo NGK: Y-142T, Y142T<\/li>\n<\/ul>\n","protected":false},"excerpt":{"rendered":"<p>Calentador \/ buj\u00eda de precalentamiento de calidad premium apto para: Datos t\u00e9cnicos Longitud total [mm]: 105,0 Medida de rosca: M10 x 1,25 Tensi\u00f3n (voltios): 12 V Di\u00e1metro: 12 mm Motor de inyecci\u00f3n directa (DI) Iseki TU150, TU150F, TU157, TU160, TU160F, TU165, TU165F, TU167, TU167F, TU175, TU177, TU175F, TU177F \u2013 Landhope Mitsubishi MT18, MT185, MT185D, MT20,&hellip;<\/p>\n","protected":false},"featured_media":106012,"comment_status":"open","ping_status":"closed","template":"","meta":[],"product_cat":[499],"product_tag":[3897],"class_list":{"0":"post-16747","1":"product","2":"type-product","3":"status-publish","4":"has-post-thumbnail","6":"product_cat-bujia-precalentamiento-calentador","7":"product_tag-snelparts-es","8":"pa_merk-cup-cadet-es","9":"pa_merk-iseki-es","10":"pa_merk-kumiai-es","11":"pa_merk-mitsubishi-es","13":"first","14":"instock","15":"sale","16":"taxable","17":"shipping-taxable","18":"purchasable","19":"product-type-simple","20":"col-xs-6 col-sm-4","21":"col-md-3 col-lg-3","22":"un-4-cols"},"_links":{"self":[{"href":"https:\/\/shop4trac.com\/es\/wp-json\/wp\/v2\/product\/16747","targetHints":{"allow":["GET"]}}],"collection":[{"href":"https:\/\/shop4trac.com\/es\/wp-json\/wp\/v2\/product"}],"about":[{"href":"https:\/\/shop4trac.com\/es\/wp-json\/wp\/v2\/types\/product"}],"replies":[{"embeddable":true,"href":"https:\/\/shop4trac.com\/es\/wp-json\/wp\/v2\/comments?post=16747"}],"wp:featuredmedia":[{"embeddable":true,"href":"https:\/\/shop4trac.com\/es\/wp-json\/wp\/v2\/media\/106012"}],"wp:attachment":[{"href":"https:\/\/shop4trac.com\/es\/wp-json\/wp\/v2\/media?parent=16747"}],"wp:term":[{"taxonomy":"product_cat","embeddable":true,"href":"https:\/\/shop4trac.com\/es\/wp-json\/wp\/v2\/product_cat?post=16747"},{"taxonomy":"product_tag","embeddable":true,"href":"https:\/\/shop4trac.com\/es\/wp-json\/wp\/v2\/product_tag?post=16747"}],"curies":[{"name":"wp","href":"https:\/\/api.w.org\/{rel}","templated":true}]}}