{"id":165616,"date":"2025-09-16T13:06:38","date_gmt":"2025-09-16T11:06:38","guid":{"rendered":"https:\/\/shop4trac.com\/sin categor\u00eda\/limpiador-de-motor-limpiador-del-sistema-de-aceite-de-motor\/"},"modified":"2026-03-21T14:50:11","modified_gmt":"2026-03-21T13:50:11","slug":"limpiador-de-motor-limpiador-del-sistema-de-aceite-de-motor","status":"publish","type":"product","link":"https:\/\/shop4trac.com\/es\/aceite\/aditivo\/limpiador-de-motor-limpiador-del-sistema-de-aceite-de-motor\/","title":{"rendered":"Limpiador de motor | Limpiador del sistema de Aceite de motor"},"content":{"rendered":"<p class=\"p1\">El limpiador de motor es un potente limpiador aditivo para Aceite de motor, especialmente desarrollado para limpiar de forma segura y eficaz el sistema de aceite completo de su motor. Elimina dep\u00f3sitos, suciedad, lodos y productos de desgaste de las piezas del motor, incluidas las partes m\u00e1s dif\u00edciles de alcanzar de la bomba de aceite y los conductos de aceite. <\/p>\n<p class=\"p1\">Gracias a su composici\u00f3n \u00fanica con aditivos detergentes y dispersantes, este producto limpia tanto las impurezas solubles en aceite como las no solubles. Durante el proceso de limpieza, el limpiador de motor ofrece una lubricaci\u00f3n fiable y evita el desgaste excesivo de las piezas del motor. El resultado es un motor m\u00e1s limpio, una lubricaci\u00f3n mejorada y una vida \u00fatil m\u00e1s larga de los componentes cr\u00edticos.  <\/p>\n<h3><b>Ventajas<\/b><\/h3>\n<ul>\n<li>\n<p class=\"p1\">Elimina lodos, dep\u00f3sitos de carb\u00f3n y otras impurezas.<\/p>\n<\/li>\n<li>\n<p class=\"p1\">Limpieza de bombas de aceite y mallas de filtro.<\/p>\n<\/li>\n<li>\n<p class=\"p1\">Garantiza una lubricaci\u00f3n segura durante el proceso de limpieza.<\/p>\n<\/li>\n<li>\n<p class=\"p1\">Reduce el humo y los dep\u00f3sitos da\u00f1inos en el motor.<\/p>\n<\/li>\n<li>\n<p class=\"p1\">Prolonga la vida \u00fatil del motor gracias a una mejor circulaci\u00f3n del aceite.<\/p>\n<\/li>\n<\/ul>\n<h3><b>Especificaciones<\/b><\/h3>\n<ul>\n<li>\n<p class=\"p1\"><span class=\"s1\"><b>Contenido:<\/b><\/span> 300 ml<\/p>\n<\/li>\n<\/ul>\n<h3><b>Aplicaci\u00f3n<\/b><\/h3>\n<ol start=\"1\">\n<li>\n<p class=\"p1\">A\u00f1ada el contenido de una botella (300 ml) al Aceite de motor antes del cambio de aceite.<\/p>\n<\/li>\n<li>\n<p class=\"p1\">Deje el motor en marcha al ralent\u00ed durante 10\u201315 minutos.<\/p>\n<\/li>\n<li>\n<p class=\"p1\">Drene completamente el aceite usado y cambie el filtro de aceite.<\/p>\n<\/li>\n<li>\n<p class=\"p1\">Llene el motor con aceite nuevo seg\u00fan las especificaciones del fabricante.<\/p>\n<\/li>\n<\/ol>\n<p class=\"p1\">Apto para todo tipo de motores y aceites de motor (mineral, semisint\u00e9tico y sint\u00e9tico).<\/p>\n","protected":false},"excerpt":{"rendered":"<p>El limpiador de motor es un potente limpiador aditivo para Aceite de motor, especialmente desarrollado para limpiar de forma segura y eficaz el sistema de aceite completo de su motor. Elimina dep\u00f3sitos, suciedad, lodos y productos de desgaste de las piezas del motor, incluidas las partes m\u00e1s dif\u00edciles de alcanzar de la bomba de aceite&hellip;<\/p>\n","protected":false},"featured_media":165608,"comment_status":"","ping_status":"closed","template":"","meta":[],"product_cat":[29527],"product_tag":[],"class_list":{"0":"post-165616","1":"product","2":"type-product","3":"status-publish","4":"has-post-thumbnail","6":"product_cat-aditivo","7":"pa_merk-agco-es","8":"pa_merk-agria-es","9":"pa_merk-airman-es","10":"pa_merk-aixam-es","11":"pa_merk-allis-chalmers-es","12":"pa_merk-ami-es","13":"pa_merk-antonio-carraro-es","14":"pa_merk-atlas-es","15":"pa_merk-ausa-es","16":"pa_merk-avant-es","17":"pa_merk-bcs-es","18":"pa_merk-bertolini-es","19":"pa_merk-beta-es","20":"pa_merk-bobcat-es","21":"pa_merk-bolens-es","22":"pa_merk-branson-es","23":"pa_merk-captain-tractor-es","24":"pa_merk-carraro-es","25":"pa_merk-casalini-es","26":"pa_merk-case-es","27":"pa_merk-case-ih-es","28":"pa_merk-caterpillar-es","29":"pa_merk-challenger-es","30":"pa_merk-craftsman-marine-es","31":"pa_merk-cub-cadet-es","32":"pa_merk-cup-cadet-es","33":"pa_merk-daewoo-es","34":"pa_merk-denyo-es","35":"pa_merk-deutz-es","36":"pa_merk-deutz-allis-es","37":"pa_merk-doosan-es","38":"pa_merk-eurocomach-es","39":"pa_merk-eurotrac-es","40":"pa_merk-farmtrac-es","41":"pa_merk-ferrari-agricola","42":"pa_merk-ford-es","43":"pa_merk-gehl-es","44":"pa_merk-genie-es","45":"pa_merk-gianni-ferrari-es","46":"pa_merk-giant-es","47":"pa_merk-goldoni-es","48":"pa_merk-gutbrod-es","49":"pa_merk-hako-es","50":"pa_merk-hanix-es","51":"pa_merk-hfl-es","52":"pa_merk-hinomoto-es","53":"pa_merk-hitachi-es","54":"pa_merk-holder-es","55":"pa_merk-hyundai-es","56":"pa_merk-ingersoll-rand-es","57":"pa_merk-iseki-es","58":"pa_merk-iseki-es-2","59":"pa_merk-j-f-marine-power-es","60":"pa_merk-jcb-es","61":"pa_merk-john-deere-es","62":"pa_merk-jungheinrich-es","63":"pa_merk-kawasaki-es","64":"pa_merk-kioti-es","65":"pa_merk-knikmops-es","66":"pa_merk-kobelco-es","67":"pa_merk-komatsu-es","68":"pa_merk-kubota-es","69":"pa_merk-kumiai-es","70":"pa_merk-lamborghini-es","71":"pa_merk-landini-es","72":"pa_merk-landtrac-es","73":"pa_merk-lokari-es","74":"pa_merk-magnum-es","75":"pa_merk-mahindra-es","76":"pa_merk-manitou-es","77":"pa_merk-massey-ferguson-es","78":"pa_merk-mastervolt-es","79":"pa_merk-mitsubishi-es","80":"pa_merk-mustang-es","81":"pa_merk-nagano-es","82":"pa_merk-nanni-es","83":"pa_merk-new-holland-es","84":"pa_merk-noda-es","85":"pa_merk-ok-es","86":"pa_merk-pasquali-es","87":"pa_merk-peljob-es","88":"pa_merk-perkins-es","89":"pa_merk-ransomes-es","90":"pa_merk-samofa-es","91":"pa_merk-satoh-es","92":"pa_merk-schaeff-es","93":"pa_merk-schaffer-es","94":"pa_merk-sdmo-es","95":"pa_merk-shibaura-es","96":"pa_merk-simplicity-es","97":"pa_merk-sole-diesel-es","98":"pa_merk-solis-es","99":"pa_merk-sumitomo-es","100":"pa_merk-suzue-es","101":"pa_merk-takeuchi-es","102":"pa_merk-takeushi-es","103":"pa_merk-tcm-es","104":"pa_merk-technogen-es","105":"pa_merk-teksan-es","106":"pa_merk-terex-es","107":"pa_merk-thermoking-es","108":"pa_merk-toro-es","109":"pa_merk-triton-es","110":"pa_merk-trixon-es","111":"pa_merk-tym-es","112":"pa_merk-vetus-es","113":"pa_merk-volvo-es","114":"pa_merk-wacker-neuson-es","115":"pa_merk-weidemann-es","116":"pa_merk-westerbeke-es","117":"pa_merk-whisper-power-es","118":"pa_merk-white-es","119":"pa_merk-white-field-boss-es","120":"pa_merk-white-oliver-es","121":"pa_merk-yanmar-es","122":"pa_merk-zen-noh-es","123":"pa_merk-zeppelin-es","125":"first","126":"instock","127":"taxable","128":"shipping-taxable","129":"purchasable","130":"product-type-simple","131":"col-xs-6 col-sm-4","132":"col-md-3 col-lg-3","133":"un-4-cols"},"_links":{"self":[{"href":"https:\/\/shop4trac.com\/es\/wp-json\/wp\/v2\/product\/165616","targetHints":{"allow":["GET"]}}],"collection":[{"href":"https:\/\/shop4trac.com\/es\/wp-json\/wp\/v2\/product"}],"about":[{"href":"https:\/\/shop4trac.com\/es\/wp-json\/wp\/v2\/types\/product"}],"replies":[{"embeddable":true,"href":"https:\/\/shop4trac.com\/es\/wp-json\/wp\/v2\/comments?post=165616"}],"wp:featuredmedia":[{"embeddable":true,"href":"https:\/\/shop4trac.com\/es\/wp-json\/wp\/v2\/media\/165608"}],"wp:attachment":[{"href":"https:\/\/shop4trac.com\/es\/wp-json\/wp\/v2\/media?parent=165616"}],"wp:term":[{"taxonomy":"product_cat","embeddable":true,"href":"https:\/\/shop4trac.com\/es\/wp-json\/wp\/v2\/product_cat?post=165616"},{"taxonomy":"product_tag","embeddable":true,"href":"https:\/\/shop4trac.com\/es\/wp-json\/wp\/v2\/product_tag?post=165616"}],"curies":[{"name":"wp","href":"https:\/\/api.w.org\/{rel}","templated":true}]}}