{"id":15837,"date":"2020-02-29T16:45:07","date_gmt":"2020-02-29T15:45:07","guid":{"rendered":"https:\/\/shop4trac.com\/product\/junta-de-culata-mitsubishi-mt246\/"},"modified":"2025-10-12T14:48:07","modified_gmt":"2025-10-12T12:48:07","slug":"junta-de-culata-mitsubishi-mt246","status":"publish","type":"product","link":"https:\/\/shop4trac.com\/es\/partes-de-motor\/junta-de-culata\/junta-de-culata-mitsubishi-mt246\/","title":{"rendered":"Junta de culata motor Mitsubishi MT246 | S4L, S4L2"},"content":{"rendered":"<p>\u00a1Esta junta de culata es de alta calidad y los modelos compatibles han sido seleccionados con mucho cuidado!<\/p>\n<p>Di\u00e1metro: 78 mm<\/p>\n<p><strong>Gama de modelos a juego con Mitsubishi S4L, S4L2<\/strong><\/p>\n<p><strong>Mitsubishi<\/strong><\/p>\n<ul>\n<li>MT246<\/li>\n<\/ul>\n<p>Aqu\u00ed est\u00e1n los listados por marca:<\/p>\n<p><strong>Atlas<\/strong>:<\/p>\n<ul>\n<li>Miniexcavadora AM29R<\/li>\n<li>Miniexcavadora AM35R<\/li>\n<\/ul>\n<p><strong>Deutz-Fahr<\/strong><\/p>\n<ul>\n<li>Minitractor Agrokid 30<\/li>\n<li>Minitractor Agrokid 40<\/li>\n<li>Minitractor Agrokid 50<\/li>\n<\/ul>\n<p><strong>Lamborghini<\/strong><\/p>\n<ul>\n<li>Tractor R1.30<\/li>\n<li>Tractor R1.40<\/li>\n<li>Tractor R1,50<\/li>\n<\/ul>\n<p><strong>Mitsubish<\/strong><\/p>\n<ul>\n<li>Tractor MT265MFYS6<\/li>\n<li>Excavadora MM35T<\/li>\n<li>Excavadora MM40CR<\/li>\n<li>Miniexcavadora MM40SR<\/li>\n<\/ul>\n<p><strong>Mismo<\/strong><\/p>\n<ul>\n<li>Tractor Solaris 40<\/li>\n<li>Tractor Solaris 30<\/li>\n<li>Tractor Solaris 50<\/li>\n<\/ul>\n<p><strong>Zeppelin<\/strong><\/p>\n<ul>\n<li>Excavadora ZR25<\/li>\n<li>Excavadora ZR35<\/li>\n<\/ul>\n<p><strong>O&amp;K<\/strong><\/p>\n<ul>\n<li>Miniexcavadora RH 1.29<\/li>\n<li>Miniexcavadora RH 1.35<\/li>\n<\/ul>\n<p><strong>Vetus<\/strong><\/p>\n<ul>\n<li>Marina M4.15<\/li>\n<li>Marina M4.17<\/li>\n<\/ul>\n<p><strong>Montana<\/strong><\/p>\n<ul>\n<li>Tractor compacto 3040<\/li>\n<li>Tractor compacto 3940<\/li>\n<li>Tractor compacto 3840<\/li>\n<\/ul>\n<p><strong>Schaeff Terex<\/strong><\/p>\n<ul>\n<li>Excavadora HR14<\/li>\n<li>Excavadora TC29<\/li>\n<li>Excavadora TC35<\/li>\n<li>Excavadora TC37<\/li>\n<li>Excavadora HR3.7<\/li>\n<li>Excavadora HR16<\/li>\n<li>Excavadora HR16A<\/li>\n<\/ul>\n<p><strong>Terex-Schaeff<\/strong><\/p>\n<ul>\n<li>Excavadora HR14<\/li>\n<li>Excavadora HR16<\/li>\n<li>Excavadora TC29<\/li>\n<li>Excavadora TC35<\/li>\n<li>Excavadora HR16A<\/li>\n<li>Excavadora TC37<\/li>\n<li>Excavadora HR3.7<\/li>\n<\/ul>\n<p><strong>New Holland<\/strong> Kobelco Construction Machinery S.p.A.:<\/p>\n<ul>\n<li>Excavadora EC25<\/li>\n<li>Excavadora EC35<\/li>\n<\/ul>\n<p><strong>AMI<\/strong>:<\/p>\n<ul>\n<li>Grupo electr\u00f3geno GS 0013 M 32S<\/li>\n<li>Grupo electr\u00f3geno GS 0025 M 32S<\/li>\n<\/ul>\n<p><strong>Broadcrown<\/strong>:<\/p>\n<ul>\n<li>Grupo electr\u00f3geno BCM 12-50SP E2<\/li>\n<li>Grupo electr\u00f3geno BCM 16-50 E2<\/li>\n<li>Grupo electr\u00f3geno BCM 15-60SP iT4<\/li>\n<li>Grupo electr\u00f3geno BCM 15-60SP<\/li>\n<li>Grupo electr\u00f3geno BCM 15-60<\/li>\n<\/ul>\n<p><strong>Eisemann<\/strong>:<\/p>\n<ul>\n<li>Generador P 15000 DE<\/li>\n<li>Generador P 15001 DE<\/li>\n<li>Generador T 15000 DE<\/li>\n<\/ul>\n<p><strong>Geko<\/strong>:<\/p>\n<ul>\n<li>Generador DH\/S 15 MF<\/li>\n<li>Generador DH\/S 15<\/li>\n<\/ul>\n<p><strong>Magnum<\/strong>:<\/p>\n<ul>\n<li>Generador de luz Magnum MLG15<\/li>\n<li>Torre de iluminaci\u00f3n Magnum MLT5150<\/li>\n<li>Torre de iluminaci\u00f3n Magnum MLT4150<\/li>\n<\/ul>\n<p><strong>Nilfisk-Alto:<\/strong><\/p>\n<ul>\n<li>Barredora\/fregadora ATS 46<\/li>\n<li>Barredora\/fregadora ATS 53<\/li>\n<\/ul>\n<p><strong>Pronar<\/strong>:<\/p>\n<ul>\n<li>Tractor 320 AMK<\/li>\n<li>Tractor 320<\/li>\n<li>Tractor 320 AM<\/li>\n<\/ul>\n<p><strong>Sol\u00e9 Diesel:<\/strong><\/p>\n<ul>\n<li>Marine G-15M-15<\/li>\n<li>Marina G-25T-3<\/li>\n<li>Mini 44 azul marino<\/li>\n<li>Marina G-25M-3<\/li>\n<li>Marina G-15T-15<\/li>\n<li>Marina Mini 55<\/li>\n<\/ul>\n<p><strong>Generador Teksan<\/strong><\/p>\n<ul>\n<li>Generador TJ16MS<\/li>\n<li>Generador TJ27MS<\/li>\n<\/ul>\n<p><strong>Ingersoll Rand<\/strong><\/p>\n<ul>\n<li>Generador G16<\/li>\n<li>Generador G17<\/li>\n<li>Generador G23<\/li>\n<\/ul>\n<p><strong>Weidemann<\/strong><\/p>\n<ul>\n<li>Cargadora de ruedas 1070D\/M<\/li>\n<\/ul>\n<p><strong>Technogen<\/strong><\/p>\n<ul>\n<li>Generador MI17T \/ 4SX<\/li>\n<li>Generador MI17 \/ 4SX<\/li>\n<\/ul>\n<p><strong>Volvo<\/strong><\/p>\n<ul>\n<li>Excavadora EC35<\/li>\n<\/ul>\n<p>Di\u00e1metro: 78 mm<\/p>\n<p>&nbsp;<\/p>\n","protected":false},"excerpt":{"rendered":"<p>\u00a1Esta junta de culata es de alta calidad y los modelos compatibles han sido seleccionados con mucho cuidado! Di\u00e1metro: 78 mm Gama de modelos a juego con Mitsubishi S4L, S4L2 Mitsubishi MT246 Aqu\u00ed est\u00e1n los listados por marca: Atlas: Miniexcavadora AM29R Miniexcavadora AM35R Deutz-Fahr Minitractor Agrokid 30 Minitractor Agrokid 40 Minitractor Agrokid 50 Lamborghini Tractor&hellip;<\/p>\n","protected":false},"featured_media":83811,"comment_status":"open","ping_status":"closed","template":"","meta":[],"product_cat":[503],"product_tag":[],"class_list":{"0":"post-15837","1":"product","2":"type-product","3":"status-publish","4":"has-post-thumbnail","6":"product_cat-junta-de-culata","7":"pa_merk-kumiai-es","8":"pa_merk-mitsubishi-es","9":"pa_motor-s4l-es","11":"first","12":"instock","13":"taxable","14":"shipping-taxable","15":"purchasable","16":"product-type-simple","17":"col-xs-6 col-sm-4","18":"col-md-3 col-lg-3","19":"un-4-cols"},"_links":{"self":[{"href":"https:\/\/shop4trac.com\/es\/wp-json\/wp\/v2\/product\/15837","targetHints":{"allow":["GET"]}}],"collection":[{"href":"https:\/\/shop4trac.com\/es\/wp-json\/wp\/v2\/product"}],"about":[{"href":"https:\/\/shop4trac.com\/es\/wp-json\/wp\/v2\/types\/product"}],"replies":[{"embeddable":true,"href":"https:\/\/shop4trac.com\/es\/wp-json\/wp\/v2\/comments?post=15837"}],"wp:featuredmedia":[{"embeddable":true,"href":"https:\/\/shop4trac.com\/es\/wp-json\/wp\/v2\/media\/83811"}],"wp:attachment":[{"href":"https:\/\/shop4trac.com\/es\/wp-json\/wp\/v2\/media?parent=15837"}],"wp:term":[{"taxonomy":"product_cat","embeddable":true,"href":"https:\/\/shop4trac.com\/es\/wp-json\/wp\/v2\/product_cat?post=15837"},{"taxonomy":"product_tag","embeddable":true,"href":"https:\/\/shop4trac.com\/es\/wp-json\/wp\/v2\/product_tag?post=15837"}],"curies":[{"name":"wp","href":"https:\/\/api.w.org\/{rel}","templated":true}]}}