{"id":155204,"date":"2025-05-25T22:23:35","date_gmt":"2025-05-25T20:23:35","guid":{"rendered":"https:\/\/shop4trac.com\/sin%20categor\u00eda\/mecanismo-de-embrague-new-holland-tc45-t2320-t2330-tym-5010-boomer-3045-3050-kubota-l3600-l5060\/"},"modified":"2025-08-01T17:13:24","modified_gmt":"2025-08-01T15:13:24","slug":"mecanismo-de-embrague-new-holland-tc45-t2320-t2330-tym-5010-boomer-3045-3050-kubota-l3600-l5060","status":"publish","type":"product","link":"https:\/\/shop4trac.com\/es\/embrague-transmision\/prensa-de-embrague\/mecanismo-de-embrague-new-holland-tc45-t2320-t2330-tym-5010-boomer-3045-3050-kubota-l3600-l5060\/","title":{"rendered":"Mecanismo de embrague New holland TC45 | T2320 | T2330 | TYM 5010 Boomer 3045 \u2013 3050 | Kubota L3600 \u2013 L5060"},"content":{"rendered":"<p class=\"p1\"><b>Mecanismo de embrague \u2013 Calidad superior para tractores Kubota<\/b><b><\/b><\/p>\n<p class=\"p2\">Este Mecanismo de embrague de alta calidad est\u00e1 dise\u00f1ado para un funcionamiento preciso y duradero del embrague en una gran variedad de tractores Kubota. La s\u00f3lida construcci\u00f3n central combinada con el material de fricci\u00f3n tejido garantiza una transmisi\u00f3n de potencia suave y potente, incluso con cargas pesadas. <\/p>\n<p class=\"p2\">\u2705 Acoplamiento de una etapa<\/p>\n<p class=\"p2\">\u2705 Material de fricci\u00f3n tejido<\/p>\n<p class=\"p2\">\u2705 Construcci\u00f3n robusta y de bajo mantenimiento<\/p>\n<p class=\"p1\"><b>Especificaciones t\u00e9cnicas:<\/b><b><\/b><\/p>\n<ul>\n<li class=\"p1\">Di\u00e1metro del embrague: 260 mm (10-1\/4&#8243;)<\/li>\n<li class=\"p1\">Di\u00e1metro del cubo: 1-3\/8&#8243; (35 mm)<\/li>\n<li class=\"p1\">N\u00famero de estr\u00edas: 19<\/li>\n<li class=\"p1\">N\u00facleo del embrague: Dise\u00f1o s\u00f3lido (sin suspensi\u00f3n)<\/li>\n<li class=\"p1\">Tipo de rozamiento: Tejido<\/li>\n<li class=\"p1\">Tipo de mecanismo de embrague: De una etapa<\/li>\n<\/ul>\n<p class=\"p1\"><b>Adecuado para los siguientes modelos:<\/b><b><\/b><\/p>\n<p><strong>Caso<\/strong><\/p>\n<ul>\n<li>D45, Farmall 45, Farmall 50<\/li>\n<\/ul>\n<p><strong>Ford | New Holland<\/strong><\/p>\n<ul>\n<li>TC35, TC45, TC45A, T2320, T2330<\/li>\n<li><span style=\"font-family: Arial\">Boomer 3045, Boomer 3050<\/span><\/li>\n<\/ul>\n<p class=\"p1\"><b>Kubota<\/b><b><\/b><\/p>\n<p class=\"p2\">\u2013 L3600, L3600 (DT), L3600 (DTC), L3600 (DTGST), L3600 (DTGSTC), L39, L48<\/p>\n<p class=\"p2\">\u2013 L3710, L3710 (DT), L3710 (DTGST), L3710 (DTHST), L3710 (DTHSTC)<\/p>\n<p class=\"p2\">\u2013 L3830, L3830 (DT), L3830 (F), L3830 (GST), L3830 (GSTC)<\/p>\n<p class=\"p2\">\u2013 L3940, L3940 (GST-3)<\/p>\n<p class=\"p2\">\u2013 L4060 (DT), L4060 (GST), L4060 (GSTC)<\/p>\n<p class=\"p2\">\u2013 L4200, L4200 (DT), L4200 (DTC), L4200 (DTGST), L4200 (DTGSTC), L4200 (F), L4200 (FC), L4200 (FGST)<\/p>\n<p class=\"p2\">\u2013 L4202<\/p>\n<p class=\"p2\">\u2013 L4240, L4240 (DT), L4240 (DTGST)<\/p>\n<p class=\"p2\">\u2013 L4310, L4310 (DT), L4310 (DTGST), L4310 (DTGSTC), L4310 (DTHST), L4310 (DTHSTC), L4310 (F)<\/p>\n<p class=\"p2\">\u2013 L4330, L4330 (DT), L4330 (DTGST), L4330 (DTGSTC)<\/p>\n<p class=\"p2\">\u2013 L4610, L4610 (DTGST), L4610 (DTHST), L4610 (DTHSTC)<\/p>\n<p class=\"p2\">\u2013 L4630, L4630 (DT), L4630 (GST), L4630 (GSTC)<\/p>\n<p class=\"p2\">\u2013 L4740<\/p>\n<p class=\"p2\">\u2013 L4760 (GST)<\/p>\n<p class=\"p2\">\u2013 L5030, L5030 (GST)<\/p>\n<p class=\"p2\">\u2013 L5040, L5040 (GST), L5040 (GST-3)<\/p>\n<p class=\"p2\">\u2013 L5060 (GST)<\/p>\n<p class=\"p2\">\u2013 MX4700, MX4700 (DT), MX4700 (F)<\/p>\n<p class=\"p2\">\u2013 MX4800, MX4800 (DT), MX4800 (F)<\/p>\n<p class=\"p2\">\u2013 MX5000, MX5000 (DT), MX5000 (F)<\/p>\n<p class=\"p2\">\u2013 MX5100, MX5100 (DT), MX5100 (F)<\/p>\n<p class=\"p2\">\u2013 MX5200, MX5200 (DT), MX5200 (F)<\/p>\n<p><strong>Mahindra<\/strong><\/p>\n<ul>\n<li>5010<\/li>\n<\/ul>\n<p><strong>TYM<\/strong><\/p>\n<ul>\n<li>T500, T503<\/li>\n<\/ul>\n<p><strong>OEM como referencia<\/strong><\/p>\n<ul>\n<li>TA040-20600, K40206U, TC650-20600<\/li>\n<li>SBA320450290<\/li>\n<li>14521213100<\/li>\n<\/ul>\n","protected":false},"excerpt":{"rendered":"<p>Mecanismo de embrague \u2013 Calidad superior para tractores Kubota Este Mecanismo de embrague de alta calidad est\u00e1 dise\u00f1ado para un funcionamiento preciso y duradero del embrague en una gran variedad de tractores Kubota. La s\u00f3lida construcci\u00f3n central combinada con el material de fricci\u00f3n tejido garantiza una transmisi\u00f3n de potencia suave y potente, incluso con cargas&hellip;<\/p>\n","protected":false},"featured_media":155415,"comment_status":"open","ping_status":"open","template":"","meta":[],"product_cat":[2025],"product_tag":[],"class_list":{"0":"post-155204","1":"product","2":"type-product","3":"status-publish","4":"has-post-thumbnail","6":"product_cat-prensa-de-embrague","7":"pa_merk-case-es","8":"pa_merk-ford-es","9":"pa_merk-kubota-es","10":"pa_merk-mahindra-es","11":"pa_merk-new-holland-es","12":"pa_merk-shibaura-es","13":"pa_merk-tym-es","15":"first","16":"instock","17":"sale","18":"taxable","19":"shipping-taxable","20":"purchasable","21":"product-type-simple","22":"col-xs-6 col-sm-4","23":"col-md-3 col-lg-3","24":"un-4-cols"},"_links":{"self":[{"href":"https:\/\/shop4trac.com\/es\/wp-json\/wp\/v2\/product\/155204","targetHints":{"allow":["GET"]}}],"collection":[{"href":"https:\/\/shop4trac.com\/es\/wp-json\/wp\/v2\/product"}],"about":[{"href":"https:\/\/shop4trac.com\/es\/wp-json\/wp\/v2\/types\/product"}],"replies":[{"embeddable":true,"href":"https:\/\/shop4trac.com\/es\/wp-json\/wp\/v2\/comments?post=155204"}],"wp:featuredmedia":[{"embeddable":true,"href":"https:\/\/shop4trac.com\/es\/wp-json\/wp\/v2\/media\/155415"}],"wp:attachment":[{"href":"https:\/\/shop4trac.com\/es\/wp-json\/wp\/v2\/media?parent=155204"}],"wp:term":[{"taxonomy":"product_cat","embeddable":true,"href":"https:\/\/shop4trac.com\/es\/wp-json\/wp\/v2\/product_cat?post=155204"},{"taxonomy":"product_tag","embeddable":true,"href":"https:\/\/shop4trac.com\/es\/wp-json\/wp\/v2\/product_tag?post=155204"}],"curies":[{"name":"wp","href":"https:\/\/api.w.org\/{rel}","templated":true}]}}