{"id":15462,"date":"2020-02-29T16:45:24","date_gmt":"2020-02-29T15:45:24","guid":{"rendered":"https:\/\/shop4trac.com\/product\/junta-de-culata-gutbrod-4300\/"},"modified":"2026-03-30T16:27:17","modified_gmt":"2026-03-30T15:27:17","slug":"junta-de-culata-gutbrod-4300","status":"publish","type":"product","link":"https:\/\/shop4trac.com\/es\/partes-de-motor\/junta-de-culata\/junta-de-culata-gutbrod-4300\/","title":{"rendered":"Junta de culata Gutbrod 4300"},"content":{"rendered":"<p>\u2705 Junta de culata Gutbrod 4300 | Toyosha MS142<\/p>\n<p>Junta de culata de alta calidad europea, apta para el Gutbrod 4300. El Gutbrod 4300 est\u00e1 equipado con un motor di\u00e9sel de tres cilindros Toyosha MS142, el mismo motor que el de los Hinomoto E2302 y E2304. Por ello, esta junta tambi\u00e9n es compatible con todos los dem\u00e1s tractores con este motor.  <\/p>\n<p>\u2714\ufe0f Calidad europea: probada y conforme a las especificaciones del fabricante<br \/>\n\u2714\ufe0f Ajuste OEM exacto: sustituci\u00f3n id\u00e9ntica al original<br \/>\n\u2714\ufe0f Apta para todos los tractores con motor Toyosha MS142 \/ MS150<\/p>\n<p><strong>Gutbrod<\/strong><\/p>\n<ul>\n<li>4300<\/li>\n<\/ul>\n<p><strong>Hinomoto<\/strong><\/p>\n<ul>\n<li>E2302, E2304<\/li>\n<\/ul>\n<p><strong>Massey Ferguson<\/strong><\/p>\n<ul>\n<li>1030, 1030L, 1035<\/li>\n<\/ul>\n<p><strong>Allis Chalmers<\/strong><\/p>\n<ul>\n<li>5220, 5230<\/li>\n<\/ul>\n<p><strong>Motor<\/strong><\/p>\n<ul>\n<li>Toyosha MS142, MS150<\/li>\n<\/ul>\n<p><strong>OEM como referencia:<\/strong><\/p>\n<ul>\n<li>6251-111-00-1<\/li>\n<li>3435666M1<\/li>\n<li>3438759M2<\/li>\n<\/ul>\n<p>&nbsp;<\/p>\n","protected":false},"excerpt":{"rendered":"<p>&nbsp;<\/p>\n<p>&nbsp;<\/p>\n","protected":false},"featured_media":31063,"comment_status":"open","ping_status":"closed","template":"","meta":[],"product_cat":[503],"product_tag":[3897],"class_list":{"0":"post-15462","1":"product","2":"type-product","3":"status-publish","4":"has-post-thumbnail","6":"product_cat-junta-de-culata","7":"product_tag-snelparts-es","8":"pa_merk-gutbrod-es","10":"first","11":"instock","12":"sale","13":"taxable","14":"shipping-taxable","15":"purchasable","16":"product-type-simple","17":"col-xs-6 col-sm-4","18":"col-md-3 col-lg-3","19":"un-4-cols"},"_links":{"self":[{"href":"https:\/\/shop4trac.com\/es\/wp-json\/wp\/v2\/product\/15462","targetHints":{"allow":["GET"]}}],"collection":[{"href":"https:\/\/shop4trac.com\/es\/wp-json\/wp\/v2\/product"}],"about":[{"href":"https:\/\/shop4trac.com\/es\/wp-json\/wp\/v2\/types\/product"}],"replies":[{"embeddable":true,"href":"https:\/\/shop4trac.com\/es\/wp-json\/wp\/v2\/comments?post=15462"}],"wp:featuredmedia":[{"embeddable":true,"href":"https:\/\/shop4trac.com\/es\/wp-json\/wp\/v2\/media\/31063"}],"wp:attachment":[{"href":"https:\/\/shop4trac.com\/es\/wp-json\/wp\/v2\/media?parent=15462"}],"wp:term":[{"taxonomy":"product_cat","embeddable":true,"href":"https:\/\/shop4trac.com\/es\/wp-json\/wp\/v2\/product_cat?post=15462"},{"taxonomy":"product_tag","embeddable":true,"href":"https:\/\/shop4trac.com\/es\/wp-json\/wp\/v2\/product_tag?post=15462"}],"curies":[{"name":"wp","href":"https:\/\/api.w.org\/{rel}","templated":true}]}}