{"id":15226,"date":"2020-02-29T16:46:54","date_gmt":"2020-02-29T15:46:54","guid":{"rendered":"https:\/\/shop4trac.com\/product\/juego-de-juntas-kubota-b1-16-d950-motor\/"},"modified":"2025-08-01T18:40:23","modified_gmt":"2025-08-01T16:40:23","slug":"juego-de-juntas-kubota-b1-16-d950-motor","status":"publish","type":"product","link":"https:\/\/shop4trac.com\/es\/partes-de-motor\/juego-de-juntas\/juego-de-juntas-kubota-b1-16-d950-motor\/","title":{"rendered":"Juego de juntas motor Kubota B1-16 | D950"},"content":{"rendered":"<p>Juego de juntas adecuado para:<\/p>\n<p><strong>  Kubota<\/strong><\/p>\n<ul>\n<li>B1-16<\/li>\n<li>Motor D950<\/li>\n<\/ul>\n<p>Tenga cuidado con la junta del cig\u00fce\u00f1al y las juntas de las v\u00e1lvulas.<\/p>\n<p>La tapa de la v\u00e1lvula puede sellarse con junta l\u00edquida.<\/p>\n<p>Di\u00e1metro: 75 mm<\/p>\n","protected":false},"excerpt":{"rendered":"<p>Juego de juntas adecuado para: Kubota B1-16 Motor D950 Tenga cuidado con la junta del cig\u00fce\u00f1al y las juntas de las v\u00e1lvulas. La tapa de la v\u00e1lvula puede sellarse con junta l\u00edquida. Di\u00e1metro: 75 mm<\/p>\n","protected":false},"featured_media":158691,"comment_status":"open","ping_status":"open","template":"","meta":[],"product_cat":[505,503],"product_tag":[2673,3897],"class_list":{"0":"post-15226","1":"product","2":"type-product","3":"status-publish","4":"has-post-thumbnail","6":"product_cat-juego-de-juntas","7":"product_cat-junta-de-culata","8":"product_tag-d950-es","9":"product_tag-snelparts-es","10":"pa_merk-kubota-es","12":"first","13":"instock","14":"taxable","15":"shipping-taxable","16":"purchasable","17":"product-type-simple","18":"col-xs-6 col-sm-4","19":"col-md-3 col-lg-3","20":"un-4-cols"},"_links":{"self":[{"href":"https:\/\/shop4trac.com\/es\/wp-json\/wp\/v2\/product\/15226","targetHints":{"allow":["GET"]}}],"collection":[{"href":"https:\/\/shop4trac.com\/es\/wp-json\/wp\/v2\/product"}],"about":[{"href":"https:\/\/shop4trac.com\/es\/wp-json\/wp\/v2\/types\/product"}],"replies":[{"embeddable":true,"href":"https:\/\/shop4trac.com\/es\/wp-json\/wp\/v2\/comments?post=15226"}],"wp:featuredmedia":[{"embeddable":true,"href":"https:\/\/shop4trac.com\/es\/wp-json\/wp\/v2\/media\/158691"}],"wp:attachment":[{"href":"https:\/\/shop4trac.com\/es\/wp-json\/wp\/v2\/media?parent=15226"}],"wp:term":[{"taxonomy":"product_cat","embeddable":true,"href":"https:\/\/shop4trac.com\/es\/wp-json\/wp\/v2\/product_cat?post=15226"},{"taxonomy":"product_tag","embeddable":true,"href":"https:\/\/shop4trac.com\/es\/wp-json\/wp\/v2\/product_tag?post=15226"}],"curies":[{"name":"wp","href":"https:\/\/api.w.org\/{rel}","templated":true}]}}