{"id":15206,"date":"2020-02-29T16:47:00","date_gmt":"2020-02-29T15:47:00","guid":{"rendered":"https:\/\/shop4trac.com\/product\/juego-de-juntas-kubota-b1500-d850-motor\/"},"modified":"2025-08-01T18:40:06","modified_gmt":"2025-08-01T16:40:06","slug":"juego-de-juntas-kubota-b1500-d850-motor","status":"publish","type":"product","link":"https:\/\/shop4trac.com\/es\/partes-de-motor\/juego-de-juntas\/juego-de-juntas-kubota-b1500-d850-motor\/","title":{"rendered":"Juego de juntas motor Kubota B1500 | D850"},"content":{"rendered":"<p>Juego de juntas adecuado para Kubota B1500<\/p>\n<p>Nota con junta de cig\u00fce\u00f1al y juntas de v\u00e1lvula.<\/p>\n<p>La tapa de v\u00e1lvula puede sellarse con junta l\u00edquida.<\/p>\n<p>Di\u00e1metro: 72mm<\/p>\n","protected":false},"excerpt":{"rendered":"<p>Juego de juntas adecuado para Kubota B1500 Nota con junta de cig\u00fce\u00f1al y juntas de v\u00e1lvula. La tapa de v\u00e1lvula puede sellarse con junta l\u00edquida. Di\u00e1metro: 72mm<\/p>\n","protected":false},"featured_media":158691,"comment_status":"open","ping_status":"open","template":"","meta":[],"product_cat":[505,503],"product_tag":[2658,3897],"class_list":{"0":"post-15206","1":"product","2":"type-product","3":"status-publish","4":"has-post-thumbnail","6":"product_cat-juego-de-juntas","7":"product_cat-junta-de-culata","8":"product_tag-d850-es","9":"product_tag-snelparts-es","10":"pa_merk-kubota-es","11":"pa_motor-d850-es","13":"first","14":"instock","15":"sale","16":"taxable","17":"shipping-taxable","18":"purchasable","19":"product-type-simple","20":"col-xs-6 col-sm-4","21":"col-md-3 col-lg-3","22":"un-4-cols"},"_links":{"self":[{"href":"https:\/\/shop4trac.com\/es\/wp-json\/wp\/v2\/product\/15206","targetHints":{"allow":["GET"]}}],"collection":[{"href":"https:\/\/shop4trac.com\/es\/wp-json\/wp\/v2\/product"}],"about":[{"href":"https:\/\/shop4trac.com\/es\/wp-json\/wp\/v2\/types\/product"}],"replies":[{"embeddable":true,"href":"https:\/\/shop4trac.com\/es\/wp-json\/wp\/v2\/comments?post=15206"}],"wp:featuredmedia":[{"embeddable":true,"href":"https:\/\/shop4trac.com\/es\/wp-json\/wp\/v2\/media\/158691"}],"wp:attachment":[{"href":"https:\/\/shop4trac.com\/es\/wp-json\/wp\/v2\/media?parent=15206"}],"wp:term":[{"taxonomy":"product_cat","embeddable":true,"href":"https:\/\/shop4trac.com\/es\/wp-json\/wp\/v2\/product_cat?post=15206"},{"taxonomy":"product_tag","embeddable":true,"href":"https:\/\/shop4trac.com\/es\/wp-json\/wp\/v2\/product_tag?post=15206"}],"curies":[{"name":"wp","href":"https:\/\/api.w.org\/{rel}","templated":true}]}}