{"id":15201,"date":"2020-02-29T16:47:00","date_gmt":"2020-02-29T15:47:00","guid":{"rendered":"https:\/\/shop4trac.com\/product\/pakkingsset-kubota-b1502-d850-motor\/"},"modified":"2025-08-01T18:40:08","modified_gmt":"2025-08-01T16:40:08","slug":"juego-de-juntas-kubota-b1502-d850-motor","status":"publish","type":"product","link":"https:\/\/shop4trac.com\/es\/partes-de-motor\/juego-de-juntas\/juego-de-juntas-kubota-b1502-d850-motor\/","title":{"rendered":"Juego de juntas Kubota D850 | D850BH | D850-5B| motor D850"},"content":{"rendered":"<h4><b>? Juego de juntas Kubota D850 \u2013 Junta de culata incluida<\/b><\/h4>\n<p class=\"p3\">Este juego de juntas <span class=\"s2\"><b>de alta calidad para el motor Kubota D850<\/b><\/span> ha sido cuidadosamente elaborado y se ajusta perfectamente a las especificaciones originales. Ideal para la revisi\u00f3n del motor, la reparaci\u00f3n de fugas o el mantenimiento regular. Con este juego completo, tendr\u00e1 a mano todas las juntas necesarias.  <\/p>\n<p class=\"p4\"><span class=\"s3\">\u2705 <\/span><b>Contenido del juego:<\/b><b><\/b><\/p>\n<ul>\n<li class=\"p1\">Junta de culata (juego)<\/li>\n<li class=\"p1\">Juntas del cig\u00fce\u00f1al (delantera y trasera)<\/li>\n<li class=\"p1\">Juntas de v\u00e1stago de v\u00e1lvula<\/li>\n<li class=\"p1\">Juntas de admisi\u00f3n y escape<\/li>\n<li>\n<p class=\"p1\">Diversos sellos y juntas (como se muestra)<\/p>\n<\/li>\n<\/ul>\n<ol>\n<li class=\"p3\">Fabricado con materiales duraderos<\/li>\n<li class=\"p3\">\u2714 Ajuste perfecto para la Kubota D850<\/li>\n<li class=\"p3\">\u2714 Ideal para reparaciones profesionales y de bricolaje<\/li>\n<\/ol>\n<p class=\"p3\">Se han seleccionado con sumo cuidado los modelos compatibles, por lo que puede estar seguro de que este juego encajar\u00e1. \u00bfTiene dudas? No dude en ponerse en contacto con nosotros para que le asesoremos.  <\/p>\n<p><strong>Kubota  <\/strong><\/p>\n<ul>\n<li>B1400, B1402, B1500, B1502, B1550, B6200, B40, B1-14, B1-15<\/li>\n<li>B6200D, B6200E, B6200HST-D, B6200HST-E, B1550D, B1550E, B1550HST-D, B1550HST-E, B1400, B1500, B1402E, B1402DT, B1502E, B1502DT<\/li>\n<li>KH35 (excavadora)<\/li>\n<\/ul>\n<p><strong>Motor Kubota<\/strong><\/p>\n<ul>\n<li>D850, D850BH, D850-5B<\/li>\n<\/ul>\n<p><strong>Zen-noh<\/strong><\/p>\n<ul>\n<li>ZB1400, ZB1402, ZB1500, ZB1502, ZB40<\/li>\n<li>ZB1-14, ZB1-15<\/li>\n<\/ul>\n<p><strong>OEM como referencia:<\/strong><\/p>\n<ul>\n<li>15583-03310, 15549-03310, 15549-03313, 15582-03310<\/li>\n<\/ul>\n<p><strong>aburrir<\/strong> :<\/p>\n<ul>\n<li>72mm<\/li>\n<\/ul>\n","protected":false},"excerpt":{"rendered":"<p>? Juego de juntas Kubota D850 \u2013 Junta de culata incluida Este juego de juntas de alta calidad para el motor Kubota D850 ha sido cuidadosamente elaborado y se ajusta perfectamente a las especificaciones originales. Ideal para la revisi\u00f3n del motor, la reparaci\u00f3n de fugas o el mantenimiento regular. Con este juego completo, tendr\u00e1 a&hellip;<\/p>\n","protected":false},"featured_media":158708,"comment_status":"open","ping_status":"closed","template":"","meta":[],"product_cat":[505,503],"product_tag":[2658,3897],"class_list":{"0":"post-15201","1":"product","2":"type-product","3":"status-publish","4":"has-post-thumbnail","6":"product_cat-juego-de-juntas","7":"product_cat-junta-de-culata","8":"product_tag-d850-es","9":"product_tag-snelparts-es","10":"pa_merk-kubota-es","11":"pa_merk-zen-noh-es","12":"pa_motor-d850-es","14":"first","15":"instock","16":"sale","17":"taxable","18":"shipping-taxable","19":"purchasable","20":"product-type-simple","21":"col-xs-6 col-sm-4","22":"col-md-3 col-lg-3","23":"un-4-cols"},"_links":{"self":[{"href":"https:\/\/shop4trac.com\/es\/wp-json\/wp\/v2\/product\/15201","targetHints":{"allow":["GET"]}}],"collection":[{"href":"https:\/\/shop4trac.com\/es\/wp-json\/wp\/v2\/product"}],"about":[{"href":"https:\/\/shop4trac.com\/es\/wp-json\/wp\/v2\/types\/product"}],"replies":[{"embeddable":true,"href":"https:\/\/shop4trac.com\/es\/wp-json\/wp\/v2\/comments?post=15201"}],"wp:featuredmedia":[{"embeddable":true,"href":"https:\/\/shop4trac.com\/es\/wp-json\/wp\/v2\/media\/158708"}],"wp:attachment":[{"href":"https:\/\/shop4trac.com\/es\/wp-json\/wp\/v2\/media?parent=15201"}],"wp:term":[{"taxonomy":"product_cat","embeddable":true,"href":"https:\/\/shop4trac.com\/es\/wp-json\/wp\/v2\/product_cat?post=15201"},{"taxonomy":"product_tag","embeddable":true,"href":"https:\/\/shop4trac.com\/es\/wp-json\/wp\/v2\/product_tag?post=15201"}],"curies":[{"name":"wp","href":"https:\/\/api.w.org\/{rel}","templated":true}]}}