{"id":151730,"date":"2025-04-24T15:48:50","date_gmt":"2025-04-24T13:48:50","guid":{"rendered":"https:\/\/shop4trac.com\/sin%20categor\u00eda\/junta-de-valvula-kubota-z402-z482-d622-d722-v2607\/"},"modified":"2025-11-26T15:22:32","modified_gmt":"2025-11-26T13:22:32","slug":"junta-de-valvula-kubota-z402-z482-d622-d722-v2607","status":"publish","type":"product","link":"https:\/\/shop4trac.com\/es\/partes-de-motor\/gomas-de-valvula\/junta-de-valvula-kubota-z402-z482-d622-d722-v2607\/","title":{"rendered":"Ret\u00e9n de v\u00e1lvula Kubota Z402 \u2013 Z482 | D622 \u2013 D782 | D902 | V2607"},"content":{"rendered":"<p><em>Un ret\u00e9n de v\u00e1lvula evita que el aceite se filtre a lo largo del v\u00e1stago de la v\u00e1lvula hacia la c\u00e1mara de combusti\u00f3n, y es importante reemplazarlo ya que los retenes desgastados provocan consumo de aceite, formaci\u00f3n de humo y un rendimiento deficiente del motor.<\/em><\/p>\n<p><strong>Retenes de v\u00e1lvula \/ Ret\u00e9n del v\u00e1stago de v\u00e1lvula<\/strong> adecuados para los siguientes modelos:<\/p>\n<p><strong>Kubota <\/strong><\/p>\n<ul>\n<li>Aixam 400<\/li>\n<li>A-30, A13, A14<\/li>\n<li>B1220D, B1410, B1610, B1620D, B52, B7300HSD, B7400HSD, B7410, B7410D<\/li>\n<li class=\"p1\">BX1500D, BX1800, BX1800D, BX1830D, BX1850, BX1850D, BX1860, BX1860D, BX1870, BX1870-1, BX1870D, BX1880, BX1880-1, BX2230, BX2230D, BX2350, BX2350D, BX2360, BX2370, BX2370-1, BX2380, BX2380-1, BX23S, BX23S-1, BX24, BX24D, BX25, BX25DLB, BX25DLB-1<\/li>\n<li class=\"p1\">F1900, F1900-AU, F1900E, F1900E-AU<\/li>\n<li class=\"p1\">G1700, G1700-S, G1800, G18, G18HD, G1900, G1900S, G21HD, G21LD, G2160, G2160-DS, G2160AU, G23-LD, G2460G, G3200, G5200H, GF1800, GF1800E, GB110, GB115, GB13, GB1300, GB135, GB14, GB140, GB145, GR1600EC2, GR2100, GR2110, GR2120, GR2120-2, GR2120B, GR2120B-2<\/li>\n<li class=\"p1\">GL11000-CAN, GL11000-STD (60 Hz), GL11000-USA, GL6000-STD, GL6000-STD (50 Hz), GL6000A-AU-B, GL6000-AUS, GL6000D-AU-B, GL7000-AUS, GL7000-STD, GL7000-STD (60 Hz), GL7000-USA, GL7000-USA-TM, GL9000A-AU-B, GL9000-AUS, GL9000D-AU-B, GL9000-STD (50 Hz)<\/li>\n<li class=\"p1\">GZD15-3HD, GZD15-3LD, GZD15-HD, GZD15-IIHD, GZD15-IILD, GZD15-LD, GZD21-HD<\/li>\n<li class=\"p1\">J106-AUS, J106-STD, J107-SA, J107-STD, J108-AUS, J310-AUS<\/li>\n<li class=\"p1\">Excavadora K-008, K008, K008-3, K008-3(KTC\/KCL), KX018-4, KX019-04, KX041-3, KX41-3, KX41-3, KX057-4, KX057-5, U15, U17, U55, U55-4, U55-5<\/li>\n<li class=\"p1\">RTV-900XT, RTV900, RTV900G, RTV900G6, RTV900G9, RTV900R, RTV900R6, RTV900R9, RTV900R-SD\/R-SDL, RTV900T, RTV900T5-H\/T2, RTV900T6, RTV900T9, RTV900W, RTV900W6, RTV900W6SE, RTV900W8SE, RTV900W9, RTV900W9SE, RTV900XTG, RTV900XTR, RTV900XTS, RTV900XTT, RTV900XTW, RTV-X900, RTV-X900G, RTV-X900R, RTV-X900W<\/li>\n<li class=\"p1\">SCL1000, SSV65, SSV65C, SSV65P, SSV65PC, SVL65-2, SVL65-2C<\/li>\n<li class=\"p1\">T1600H, TG1860, TG1860-48, TG186054, TG1860B54<\/li>\n<li class=\"p1\">ZD1011, ZD1011-3, ZD1021, ZD1021-3, ZD18, ZD18F, ZD21, ZD21F, ZD221, ZD321, ZD321N, ZD323<\/li>\n<li>400 (1997-2004), 400.4 (1997-2004), 400 Evolution (1997-2004), 500.4 (1997-2004), 500.4 Minivan (1997-2004), 500.4 Pick-Up (1997-2004)<\/li>\n<li>721 (2005-2008), 741 (2005-2008), Scouty 2005-2008, Crossline 2005-2008, City 2008-2010, Roadline 2008-2010<\/li>\n<li>Crossline 2008-2010, Scouty 2008-2010, City 2010-2013, Crossline 2010-2013, Crossover 2010-2013<\/li>\n<li>GTO 2010-2013, Coupe 2010-2013, City 2013-2016, Coupe 2013-2016, Crossline 2013-2016<\/li>\n<li>Crossover 2013-2016, MEGA 1, MEGA 2, Pro D-Truck<\/li>\n<\/ul>\n<p><strong>Motor Kubota<\/strong><\/p>\n<ul>\n<li>D600, D622, D722, D782, D902<\/li>\n<li>Z402, Z482, Z602<\/li>\n<li>V2607<\/li>\n<\/ul>\n<p><strong>OEM de referencia<\/strong><\/p>\n<ul>\n<li>11420-13150, 11420-1315-0<\/li>\n<li>11420-13150, 11420-1315-1<\/li>\n<li>15841-13150, 15841-1315-0<\/li>\n<li>15841-13151, 15841-1315-1<\/li>\n<\/ul>\n<p><strong>Precio por unidad<\/strong><\/p>\n","protected":false},"excerpt":{"rendered":"<p>&nbsp;<\/p>\n<p>&nbsp;<\/p>\n","protected":false},"featured_media":93238,"comment_status":"open","ping_status":"closed","template":"","meta":[],"product_cat":[502],"product_tag":[],"class_list":{"0":"post-151730","1":"product","2":"type-product","3":"status-publish","4":"has-post-thumbnail","6":"product_cat-gomas-de-valvula","7":"pa_merk-kubota-es","8":"pa_motor-d722-es","9":"pa_motor-d782-es","10":"pa_motor-d902-es","11":"pa_motor-z402-es","12":"pa_motor-z482-es","14":"first","15":"instock","16":"taxable","17":"shipping-taxable","18":"purchasable","19":"product-type-simple","20":"col-xs-6 col-sm-4","21":"col-md-3 col-lg-3","22":"un-4-cols"},"_links":{"self":[{"href":"https:\/\/shop4trac.com\/es\/wp-json\/wp\/v2\/product\/151730","targetHints":{"allow":["GET"]}}],"collection":[{"href":"https:\/\/shop4trac.com\/es\/wp-json\/wp\/v2\/product"}],"about":[{"href":"https:\/\/shop4trac.com\/es\/wp-json\/wp\/v2\/types\/product"}],"replies":[{"embeddable":true,"href":"https:\/\/shop4trac.com\/es\/wp-json\/wp\/v2\/comments?post=151730"}],"wp:featuredmedia":[{"embeddable":true,"href":"https:\/\/shop4trac.com\/es\/wp-json\/wp\/v2\/media\/93238"}],"wp:attachment":[{"href":"https:\/\/shop4trac.com\/es\/wp-json\/wp\/v2\/media?parent=151730"}],"wp:term":[{"taxonomy":"product_cat","embeddable":true,"href":"https:\/\/shop4trac.com\/es\/wp-json\/wp\/v2\/product_cat?post=151730"},{"taxonomy":"product_tag","embeddable":true,"href":"https:\/\/shop4trac.com\/es\/wp-json\/wp\/v2\/product_tag?post=151730"}],"curies":[{"name":"wp","href":"https:\/\/api.w.org\/{rel}","templated":true}]}}