{"id":15161,"date":"2020-02-29T16:47:01","date_gmt":"2020-02-29T15:47:01","guid":{"rendered":"https:\/\/shop4trac.com\/product\/juego-de-juntas-kubota-l2002-d1302-motor\/"},"modified":"2025-08-06T12:06:36","modified_gmt":"2025-08-06T10:06:36","slug":"pakkingsset-kubota-l2002-d1302-motor","status":"publish","type":"product","link":"https:\/\/shop4trac.com\/es\/partes-de-motor\/juego-de-juntas\/pakkingsset-kubota-l2002-d1302-motor\/","title":{"rendered":"Juego de juntas motor Kubota | D1301 | D1302"},"content":{"rendered":"<p>\u00a1Esta junta de culata con juego de juntas es de alta calidad y los modelos compatibles se han seleccionado con mucho cuidado!<\/p>\n<p>Paquete completo con juntas para; <strong>junta de cabeza (juego)<\/strong> , <strong>sello de cig\u00fce\u00f1al delantero y trasero<\/strong> , <strong>sellos de v\u00e1stago de v\u00e1lvula<\/strong> , <strong>juntas de escape<\/strong> , <strong>juntas de admisi\u00f3n<\/strong> , <strong>sellos<\/strong> y otras <strong>juntas<\/strong> como en la foto.<\/p>\n<p><strong>  Kubota<\/strong><\/p>\n<ul>\n<li>L2002(DT), L275<\/li>\n<li>L2002, L2002DT, L2601, L2601D<\/li>\n<li>L295F, L295DT, L305F, L305DT<\/li>\n<\/ul>\n<p><strong>Zen-Noh<\/strong><\/p>\n<ul>\n<li>ZL2002, ZL2002DT, L275<\/li>\n<li>ZL2601, ZL2601DT<\/li>\n<\/ul>\n<p><strong>Motor Kubota<\/strong><\/p>\n<ul>\n<li>D1301, D1302<\/li>\n<li>D1301A<\/li>\n<\/ul>\n<p><strong>Di\u00e1metro<\/strong>: 82 mm<\/p>\n<p><strong>OEM de referencia:<\/strong><\/p>\n<ul>\n<li>15301-03311<\/li>\n<\/ul>\n","protected":false},"excerpt":{"rendered":"<p>\u00a1Esta junta de culata con juego de juntas es de alta calidad y los modelos compatibles se han seleccionado con mucho cuidado! Paquete completo con juntas para; junta de cabeza (juego) , sello de cig\u00fce\u00f1al delantero y trasero , sellos de v\u00e1stago de v\u00e1lvula , juntas de escape , juntas de admisi\u00f3n , sellos y&hellip;<\/p>\n","protected":false},"featured_media":183553,"comment_status":"open","ping_status":"closed","template":"","meta":[],"product_cat":[505,503],"product_tag":[2699,3897],"class_list":{"0":"post-15161","1":"product","2":"type-product","3":"status-publish","4":"has-post-thumbnail","6":"product_cat-juego-de-juntas","7":"product_cat-junta-de-culata","8":"product_tag-d1302-es","9":"product_tag-snelparts-es","10":"pa_merk-kubota-es","11":"pa_merk-zen-noh-es","12":"pa_motor-d1301-es","13":"pa_motor-d1302-es","15":"first","16":"instock","17":"sale","18":"taxable","19":"shipping-taxable","20":"purchasable","21":"product-type-simple","22":"col-xs-6 col-sm-4","23":"col-md-3 col-lg-3","24":"un-4-cols"},"_links":{"self":[{"href":"https:\/\/shop4trac.com\/es\/wp-json\/wp\/v2\/product\/15161","targetHints":{"allow":["GET"]}}],"collection":[{"href":"https:\/\/shop4trac.com\/es\/wp-json\/wp\/v2\/product"}],"about":[{"href":"https:\/\/shop4trac.com\/es\/wp-json\/wp\/v2\/types\/product"}],"replies":[{"embeddable":true,"href":"https:\/\/shop4trac.com\/es\/wp-json\/wp\/v2\/comments?post=15161"}],"wp:featuredmedia":[{"embeddable":true,"href":"https:\/\/shop4trac.com\/es\/wp-json\/wp\/v2\/media\/183553"}],"wp:attachment":[{"href":"https:\/\/shop4trac.com\/es\/wp-json\/wp\/v2\/media?parent=15161"}],"wp:term":[{"taxonomy":"product_cat","embeddable":true,"href":"https:\/\/shop4trac.com\/es\/wp-json\/wp\/v2\/product_cat?post=15161"},{"taxonomy":"product_tag","embeddable":true,"href":"https:\/\/shop4trac.com\/es\/wp-json\/wp\/v2\/product_tag?post=15161"}],"curies":[{"name":"wp","href":"https:\/\/api.w.org\/{rel}","templated":true}]}}