{"id":15146,"date":"2020-02-29T16:47:01","date_gmt":"2020-02-29T15:47:01","guid":{"rendered":"https:\/\/shop4trac.com\/product\/juego-de-juntas-kubota-l2402-d1402-motor\/"},"modified":"2025-08-01T18:39:42","modified_gmt":"2025-08-01T16:39:42","slug":"juego-de-juntas-kubota-l2402-d1402-motor","status":"publish","type":"product","link":"https:\/\/shop4trac.com\/es\/partes-de-motor\/juego-de-juntas\/juego-de-juntas-kubota-l2402-d1402-motor\/","title":{"rendered":"Juego de juntas Kubota L2402 | D1402 motor"},"content":{"rendered":"<p>Juego de juntas adecuado para:<\/p>\n<p><strong> Kubota<\/strong><\/p>\n<ul>\n<li>L2402(DT)<\/li>\n<li>D1402 motor<\/li>\n<\/ul>\n<p>Con cig\u00fce\u00f1al y juntas de v\u00e1lvula.<\/p>\n<p>La tapa de la v\u00e1lvula se puede sellar con una junta l\u00edquida.<\/p>\n<p>Tama\u00f1o: 85mm<\/p>\n","protected":false},"excerpt":{"rendered":"<p>Juego de juntas adecuado para: Kubota L2402(DT) D1402 motor Con cig\u00fce\u00f1al y juntas de v\u00e1lvula. La tapa de la v\u00e1lvula se puede sellar con una junta l\u00edquida. Tama\u00f1o: 85mm<\/p>\n","protected":false},"featured_media":162616,"comment_status":"open","ping_status":"open","template":"","meta":[],"product_cat":[505,503],"product_tag":[2707,3897],"class_list":{"0":"post-15146","1":"product","2":"type-product","3":"status-publish","4":"has-post-thumbnail","6":"product_cat-juego-de-juntas","7":"product_cat-junta-de-culata","8":"product_tag-d1402-es","9":"product_tag-snelparts-es","10":"pa_merk-kubota-es","11":"pa_motor-d1402-es","13":"first","14":"instock","15":"sale","16":"taxable","17":"shipping-taxable","18":"purchasable","19":"product-type-simple","20":"col-xs-6 col-sm-4","21":"col-md-3 col-lg-3","22":"un-4-cols"},"_links":{"self":[{"href":"https:\/\/shop4trac.com\/es\/wp-json\/wp\/v2\/product\/15146","targetHints":{"allow":["GET"]}}],"collection":[{"href":"https:\/\/shop4trac.com\/es\/wp-json\/wp\/v2\/product"}],"about":[{"href":"https:\/\/shop4trac.com\/es\/wp-json\/wp\/v2\/types\/product"}],"replies":[{"embeddable":true,"href":"https:\/\/shop4trac.com\/es\/wp-json\/wp\/v2\/comments?post=15146"}],"wp:featuredmedia":[{"embeddable":true,"href":"https:\/\/shop4trac.com\/es\/wp-json\/wp\/v2\/media\/162616"}],"wp:attachment":[{"href":"https:\/\/shop4trac.com\/es\/wp-json\/wp\/v2\/media?parent=15146"}],"wp:term":[{"taxonomy":"product_cat","embeddable":true,"href":"https:\/\/shop4trac.com\/es\/wp-json\/wp\/v2\/product_cat?post=15146"},{"taxonomy":"product_tag","embeddable":true,"href":"https:\/\/shop4trac.com\/es\/wp-json\/wp\/v2\/product_tag?post=15146"}],"curies":[{"name":"wp","href":"https:\/\/api.w.org\/{rel}","templated":true}]}}