{"id":15141,"date":"2020-02-29T16:47:02","date_gmt":"2020-02-29T15:47:02","guid":{"rendered":"https:\/\/shop4trac.com\/product\/kit-de-juntas-kubota-x20-v1305-motor\/"},"modified":"2025-08-01T18:39:16","modified_gmt":"2025-08-01T16:39:16","slug":"pakkingsset-kubota-x20-v1305-motor","status":"publish","type":"product","link":"https:\/\/shop4trac.com\/es\/partes-de-motor\/juego-de-juntas\/pakkingsset-kubota-x20-v1305-motor\/","title":{"rendered":"Juego de juntas Kubota V1305 | V1305-D18 | V1305-E-D12"},"content":{"rendered":"<p>\u00a1Esta junta de culata con juego de juntas es de alta calidad y los modelos compatibles se han seleccionado con mucho cuidado!<\/p>\n<p>Paquete completo con juntas para; <strong>junta de cabeza (juego)<\/strong> , <strong>sello de cig\u00fce\u00f1al delantero y trasero<\/strong> , <strong>sellos de v\u00e1stago de v\u00e1lvula<\/strong> , <strong>juntas de escape<\/strong> , <strong>juntas de admisi\u00f3n<\/strong> , <strong>sellos<\/strong> y otras <strong>juntas<\/strong> como en la foto.<\/p>\n<p><strong>Motor Kubota<\/strong><\/p>\n<ul>\n<li>V1305, V1305T<\/li>\n<li>V1305-D18, V1305-E-D12, V1305E<\/li>\n<\/ul>\n<div><strong>Kubota<\/strong><\/div>\n<div><\/div>\n<ul>\n<li id=\"mod-\" class=\"result-type expandable-content\">B2710 HDB, B2710 HSD<\/li>\n<li>X-20 Saturno<\/li>\n<li>R310, R310B<\/li>\n<li>F3060, SL3825<\/li>\n<\/ul>\n<div><strong>hyundai <\/strong><\/div>\n<div><\/div>\n<ul>\n<li>HSL500T<\/li>\n<\/ul>\n<p><strong>Di\u00e1metro<\/strong> : 76 mm<\/p>\n","protected":false},"excerpt":{"rendered":"<p>\u00a1Esta junta de culata con juego de juntas es de alta calidad y los modelos compatibles se han seleccionado con mucho cuidado! Paquete completo con juntas para; junta de cabeza (juego) , sello de cig\u00fce\u00f1al delantero y trasero , sellos de v\u00e1stago de v\u00e1lvula , juntas de escape , juntas de admisi\u00f3n , sellos y&hellip;<\/p>\n","protected":false},"featured_media":32766,"comment_status":"open","ping_status":"closed","template":"","meta":[],"product_cat":[505,503],"product_tag":[3897,2824],"class_list":{"0":"post-15141","1":"product","2":"type-product","3":"status-publish","4":"has-post-thumbnail","6":"product_cat-juego-de-juntas","7":"product_cat-junta-de-culata","8":"product_tag-snelparts-es","9":"product_tag-v1305-es","10":"pa_merk-kubota-es","11":"pa_motor-v1305-es","13":"first","14":"instock","15":"sale","16":"taxable","17":"shipping-taxable","18":"purchasable","19":"product-type-simple","20":"col-xs-6 col-sm-4","21":"col-md-3 col-lg-3","22":"un-4-cols"},"_links":{"self":[{"href":"https:\/\/shop4trac.com\/es\/wp-json\/wp\/v2\/product\/15141","targetHints":{"allow":["GET"]}}],"collection":[{"href":"https:\/\/shop4trac.com\/es\/wp-json\/wp\/v2\/product"}],"about":[{"href":"https:\/\/shop4trac.com\/es\/wp-json\/wp\/v2\/types\/product"}],"replies":[{"embeddable":true,"href":"https:\/\/shop4trac.com\/es\/wp-json\/wp\/v2\/comments?post=15141"}],"wp:featuredmedia":[{"embeddable":true,"href":"https:\/\/shop4trac.com\/es\/wp-json\/wp\/v2\/media\/32766"}],"wp:attachment":[{"href":"https:\/\/shop4trac.com\/es\/wp-json\/wp\/v2\/media?parent=15141"}],"wp:term":[{"taxonomy":"product_cat","embeddable":true,"href":"https:\/\/shop4trac.com\/es\/wp-json\/wp\/v2\/product_cat?post=15141"},{"taxonomy":"product_tag","embeddable":true,"href":"https:\/\/shop4trac.com\/es\/wp-json\/wp\/v2\/product_tag?post=15141"}],"curies":[{"name":"wp","href":"https:\/\/api.w.org\/{rel}","templated":true}]}}