{"id":15126,"date":"2020-02-29T16:47:02","date_gmt":"2020-02-29T15:47:02","guid":{"rendered":"https:\/\/shop4trac.com\/product\/juego-de-juntas-mitsubishi-mt-18d-fd"},"modified":"2025-08-01T18:39:04","modified_gmt":"2025-08-01T16:39:04","slug":"juego-de-juntas-mitsubishi-mt-18d-fd","status":"publish","type":"product","link":"https:\/\/shop4trac.com\/es\/partes-de-motor\/juego-de-juntas\/juego-de-juntas-mitsubishi-mt-18d-fd\/","title":{"rendered":"Juego de juntas Mitsubishi MT 18D (FD)"},"content":{"rendered":"<p>Juego de juntas adecuado para:<\/p>\n<p><strong>Mitsubishi<\/strong><\/p>\n<ul>\n<li>MT18D<\/li>\n<li>MT18FD<\/li>\n<\/ul>\n<p>Por favor, tenga en cuenta que no hay junta de la tapa de la v\u00e1lvula y sellos de la v\u00e1lvula.<\/p>\n<p>La junta de la tapa de la v\u00e1lvula se puede sellar con una junta l\u00edquida.<\/p>\n<p>Tama\u00f1o: 50mm<\/p>\n","protected":false},"excerpt":{"rendered":"<p>Juego de juntas adecuado para: Mitsubishi MT18D MT18FD Por favor, tenga en cuenta que no hay junta de la tapa de la v\u00e1lvula y sellos de la v\u00e1lvula. La junta de la tapa de la v\u00e1lvula se puede sellar con una junta l\u00edquida. Tama\u00f1o: 50mm<\/p>\n","protected":false},"featured_media":10652,"comment_status":"open","ping_status":"closed","template":"","meta":[],"product_cat":[505,503],"product_tag":[3897],"class_list":{"0":"post-15126","1":"product","2":"type-product","3":"status-publish","4":"has-post-thumbnail","6":"product_cat-juego-de-juntas","7":"product_cat-junta-de-culata","8":"product_tag-snelparts-es","9":"pa_merk-kumiai-es","10":"pa_merk-mitsubishi-es","12":"first","13":"instock","14":"taxable","15":"shipping-taxable","16":"purchasable","17":"product-type-simple","18":"col-xs-6 col-sm-4","19":"col-md-3 col-lg-3","20":"un-4-cols"},"_links":{"self":[{"href":"https:\/\/shop4trac.com\/es\/wp-json\/wp\/v2\/product\/15126","targetHints":{"allow":["GET"]}}],"collection":[{"href":"https:\/\/shop4trac.com\/es\/wp-json\/wp\/v2\/product"}],"about":[{"href":"https:\/\/shop4trac.com\/es\/wp-json\/wp\/v2\/types\/product"}],"replies":[{"embeddable":true,"href":"https:\/\/shop4trac.com\/es\/wp-json\/wp\/v2\/comments?post=15126"}],"wp:featuredmedia":[{"embeddable":true,"href":"https:\/\/shop4trac.com\/es\/wp-json\/wp\/v2\/media\/10652"}],"wp:attachment":[{"href":"https:\/\/shop4trac.com\/es\/wp-json\/wp\/v2\/media?parent=15126"}],"wp:term":[{"taxonomy":"product_cat","embeddable":true,"href":"https:\/\/shop4trac.com\/es\/wp-json\/wp\/v2\/product_cat?post=15126"},{"taxonomy":"product_tag","embeddable":true,"href":"https:\/\/shop4trac.com\/es\/wp-json\/wp\/v2\/product_tag?post=15126"}],"curies":[{"name":"wp","href":"https:\/\/api.w.org\/{rel}","templated":true}]}}