{"id":15055,"date":"2020-02-29T16:44:08","date_gmt":"2020-02-29T15:44:08","guid":{"rendered":"https:\/\/shop4trac.com\/product\/filtro-de-aire-iseki-geas-tg-kubota-gl"},"modified":"2026-03-30T10:35:34","modified_gmt":"2026-03-30T09:35:34","slug":"filtro-de-aire-iseki-geas-tg-kubota-gl","status":"publish","type":"product","link":"https:\/\/shop4trac.com\/es\/filtros\/filtros-de-aire-es\/filtro-de-aire-iseki-geas-tg-kubota-gl\/","title":{"rendered":"Filtro de aire | Iseki GEAS TG | Hinomoto | Mitsubishi"},"content":{"rendered":"<p>Filtro de aire <strong>de alta<\/strong> calidad adecuado para:<\/p>\n<p data-path-to-node=\"3\"><b data-path-to-node=\"3\" data-index-in-node=\"0\">Datos t\u00e9cnicos:<\/b><\/p>\n<ul>\n<li data-path-to-node=\"4\">Di\u00e1metro exterior: 105 mm<\/li>\n<li data-path-to-node=\"4\">Di\u00e1metro interior: 54 mm<\/li>\n<li data-path-to-node=\"4\">Longitud: 257 mm Versi\u00f3n:<\/li>\n<li data-path-to-node=\"4\"><span style=\"text-decoration: underline\">ambos lados abiertos<\/span><\/li>\n<\/ul>\n<p data-path-to-node=\"6\"><b data-path-to-node=\"6\" data-index-in-node=\"0\">Iseki<\/b><\/p>\n<ul>\n<li data-path-to-node=\"6\">AT23, AT25, AT27, AT30, AT33, AT310, AT340<\/li>\n<li data-path-to-node=\"6\">GEAS21, GEAS23, GEAS25, GEAS27, GEAS31<\/li>\n<li data-path-to-node=\"6\">SF200, SF224, SF225, SF230, SF235, SF300, SF303, SF310, SF333, SF370, SFH220, SFH240, SL330, SZ330<\/li>\n<li data-path-to-node=\"6\">Sial193, Sial223, SialHunter20, SialHunter22, SialHunter24<\/li>\n<li data-path-to-node=\"6\">TF223, TF243<\/li>\n<li data-path-to-node=\"6\">TG21, TG23, TG25, TG253, TG5330, TG5390, TG5395, TG6490, TG6590<\/li>\n<li data-path-to-node=\"6\">TH20, TH22, TH24, TH45, TH4260, TH4260FH, TH4260M, TH4290, TH4290FH, TH4290M, TH4295, TH4295FH, TH4295M, TH4330, TH4330FH, TH4365, TH4365FH<\/li>\n<li data-path-to-node=\"6\">TLE3400<\/li>\n<li data-path-to-node=\"6\">TM3265, TM3265FH, TM3267, TM3267H<\/li>\n<\/ul>\n<p data-path-to-node=\"6\"><b data-path-to-node=\"5\" data-index-in-node=\"0\">Hinomoto<\/b><\/p>\n<ul>\n<li data-path-to-node=\"6\">Serie GT<\/li>\n<li data-path-to-node=\"6\">NX201, NX221, NX241, NX261<\/li>\n<li data-path-to-node=\"6\">NZ195, NZ215, NZ235, NZ265, NZ305<\/li>\n<\/ul>\n<p data-path-to-node=\"7\"><b data-path-to-node=\"7\" data-index-in-node=\"0\">Komatsu<\/b><\/p>\n<ul>\n<li data-path-to-node=\"7\">FG10, FG12, FG14, FG15, FG15C-16, FG18<\/li>\n<\/ul>\n<p data-path-to-node=\"8\"><b data-path-to-node=\"8\" data-index-in-node=\"0\">Massey Ferguson<\/b><\/p>\n<ul>\n<li data-path-to-node=\"8\">1533, 1540, MF1230<\/li>\n<\/ul>\n<p data-path-to-node=\"9\"><b data-path-to-node=\"9\" data-index-in-node=\"0\">Mitsubishi<\/b><\/p>\n<ul>\n<li data-path-to-node=\"9\">TFV2000D-E, TU85SA, TU100SA<\/li>\n<\/ul>\n<p data-path-to-node=\"10\"><b data-path-to-node=\"10\" data-index-in-node=\"0\">OEM de referencia:<\/b> \u2022<\/p>\n<ul>\n<li data-path-to-node=\"10\">165010420300, 165010420310<\/li>\n<li data-path-to-node=\"10\">3EA0131830<\/li>\n<\/ul>\n","protected":false},"excerpt":{"rendered":"<p>Filtro de aire de alta calidad adecuado para: Datos t\u00e9cnicos: Di\u00e1metro exterior: 105 mm Di\u00e1metro interior: 54 mm Longitud: 257 mm Versi\u00f3n: ambos lados abiertos Iseki AT23, AT25, AT27, AT30, AT33, AT310, AT340 GEAS21, GEAS23, GEAS25, GEAS27, GEAS31 SF200, SF224, SF225, SF230, SF235, SF300, SF303, SF310, SF333, SF370, SFH220, SFH240, SL330, SZ330 Sial193, Sial223, SialHunter20,&hellip;<\/p>\n","protected":false},"featured_media":197602,"comment_status":"open","ping_status":"closed","template":"","meta":[],"product_cat":[687],"product_tag":[3897],"class_list":{"0":"post-15055","1":"product","2":"type-product","3":"status-publish","4":"has-post-thumbnail","6":"product_cat-filtros-de-aire-es","7":"product_tag-snelparts-es","8":"pa_merk-hinomoto-es","9":"pa_merk-iseki-es","10":"pa_merk-kubota-es","11":"pa_merk-massey-ferguson-es","13":"first","14":"instock","15":"sale","16":"taxable","17":"shipping-taxable","18":"purchasable","19":"product-type-simple","20":"col-xs-6 col-sm-4","21":"col-md-3 col-lg-3","22":"un-4-cols"},"_links":{"self":[{"href":"https:\/\/shop4trac.com\/es\/wp-json\/wp\/v2\/product\/15055","targetHints":{"allow":["GET"]}}],"collection":[{"href":"https:\/\/shop4trac.com\/es\/wp-json\/wp\/v2\/product"}],"about":[{"href":"https:\/\/shop4trac.com\/es\/wp-json\/wp\/v2\/types\/product"}],"replies":[{"embeddable":true,"href":"https:\/\/shop4trac.com\/es\/wp-json\/wp\/v2\/comments?post=15055"}],"wp:featuredmedia":[{"embeddable":true,"href":"https:\/\/shop4trac.com\/es\/wp-json\/wp\/v2\/media\/197602"}],"wp:attachment":[{"href":"https:\/\/shop4trac.com\/es\/wp-json\/wp\/v2\/media?parent=15055"}],"wp:term":[{"taxonomy":"product_cat","embeddable":true,"href":"https:\/\/shop4trac.com\/es\/wp-json\/wp\/v2\/product_cat?post=15055"},{"taxonomy":"product_tag","embeddable":true,"href":"https:\/\/shop4trac.com\/es\/wp-json\/wp\/v2\/product_tag?post=15055"}],"curies":[{"name":"wp","href":"https:\/\/api.w.org\/{rel}","templated":true}]}}