{"id":14982,"date":"2020-02-29T16:44:09","date_gmt":"2020-02-29T15:44:09","guid":{"rendered":"https:\/\/shop4trac.com\/product\/filtro-de-aire-iseki-tm-15-iseki-tm-17"},"modified":"2026-03-23T22:36:02","modified_gmt":"2026-03-23T21:36:02","slug":"filtro-de-aire-iseki-tm-15-iseki-tm-17","status":"publish","type":"product","link":"https:\/\/shop4trac.com\/es\/filtros\/filtros-de-aire-es\/filtro-de-aire-iseki-tm-15-iseki-tm-17\/","title":{"rendered":"Filtro de aire Iseki TM3160 \u2013 TM3247 | TM15 \u2013 TM17 | Serie TH16-TH205 | Modelos SGR19-SXG22 | Texto original en txt. MF1205 \u2013 MF1520 | Agroindustrial | Desafiador"},"content":{"rendered":"<p>Filtros de aire de calidad <strong><span style=\"text-decoration: underline;\">premium<\/span><\/strong><\/p>\n<p><u>Tallas:<\/u><\/p>\n<ul>\n<li style=\"list-style-type: none;\">\n<ul>\n<li>Di\u00e1metro exterior: 95 mm<\/li>\n<li>Di\u00e1metro interior: 45 mm<\/li>\n<li>Longitud: 185 mm<\/li>\n<\/ul>\n<\/li>\n<\/ul>\n<p>Adecuado para las siguientes m\u00e1quinas<\/p>\n<p><strong>Agco<\/strong><\/p>\n<ul>\n<li>ST22, ST24, ST25<\/li>\n<\/ul>\n<p><strong>Desafiador<\/strong><\/p>\n<ul>\n<li>MT225, MT225B<\/li>\n<\/ul>\n<p><strong>Iseki<\/strong><\/p>\n<ul>\n<li>TM15, TM16, TM17, TM18, TM150, TM170, TM215, TM217, TM223<\/li>\n<li>TM3125, TM3160, TM3200, TM3215, TM3217, TM3240, TM3245, TM3247<\/li>\n<li>SGR17 HU, SGR19 HPU, SRG19 G, SXG19, SXG19 H, SXG216, SXG22, SXG22 H, SXG323, SXG326, TC213, TMG18 H, TXG23, TXG237, TXG237-F3<\/li>\n<li>Cazador SIal \u2013 TH18S<\/li>\n<li>TH16, TH18, TH20, TH205 \u2013 <span style=\"text-decoration: underline;\">Cazador SIAL<\/span><\/li>\n<li>SGR 17, SGR 17 H, SGR 19, SGR 19 H, SGR 22, SGR 22 H, SXG 15, SXG 15 H, SXG 19 HUE, SXG 19 ENORME, SXG 22-HUE<\/li>\n<li>SXG 22 (ENORME), TMG 18-FHSMUE, TXG23 (FHE), TXG23-TH<\/li>\n<li>TF153, TF173 (SIAL 153, SIAL 173)<\/li>\n<\/ul>\n<p><strong>Massey ferguson<\/strong><\/p>\n<ul>\n<li>GC2300, GC2400, GC2600<\/li>\n<li>MF1205, MF1215, MF1520<\/li>\n<li>1205, 1215, 1225, 1417, 1423, 1520, 1523<\/li>\n<\/ul>\n<p><strong>OEM de referencia<\/strong><\/p>\n<ul>\n<li>1675-104-2130-0<\/li>\n<li>1725-104-313-00<\/li>\n<li>167510421300<\/li>\n<li>3757472M91<\/li>\n<\/ul>\n","protected":false},"excerpt":{"rendered":"<p>Filtros de aire de calidad premium Tallas: Di\u00e1metro exterior: 95 mm Di\u00e1metro interior: 45 mm Longitud: 185 mm Adecuado para las siguientes m\u00e1quinas Agco ST22, ST24, ST25 Desafiador MT225, MT225B Iseki TM15, TM16, TM17, TM18, TM150, TM170, TM215, TM217, TM223 TM3125, TM3160, TM3200, TM3215, TM3217, TM3240, TM3245, TM3247 SGR17 HU, SGR19 HPU, SRG19 G, SXG19,&hellip;<\/p>\n","protected":false},"featured_media":31356,"comment_status":"open","ping_status":"closed","template":"","meta":[],"product_cat":[687],"product_tag":[3897],"class_list":{"0":"post-14982","1":"product","2":"type-product","3":"status-publish","4":"has-post-thumbnail","6":"product_cat-filtros-de-aire-es","7":"product_tag-snelparts-es","8":"pa_merk-agco-es","9":"pa_merk-challenger-es","10":"pa_merk-iseki-es","11":"pa_merk-massey-ferguson-es","13":"first","14":"instock","15":"sale","16":"taxable","17":"shipping-taxable","18":"purchasable","19":"product-type-simple","20":"col-xs-6 col-sm-4","21":"col-md-3 col-lg-3","22":"un-4-cols"},"_links":{"self":[{"href":"https:\/\/shop4trac.com\/es\/wp-json\/wp\/v2\/product\/14982","targetHints":{"allow":["GET"]}}],"collection":[{"href":"https:\/\/shop4trac.com\/es\/wp-json\/wp\/v2\/product"}],"about":[{"href":"https:\/\/shop4trac.com\/es\/wp-json\/wp\/v2\/types\/product"}],"replies":[{"embeddable":true,"href":"https:\/\/shop4trac.com\/es\/wp-json\/wp\/v2\/comments?post=14982"}],"wp:featuredmedia":[{"embeddable":true,"href":"https:\/\/shop4trac.com\/es\/wp-json\/wp\/v2\/media\/31356"}],"wp:attachment":[{"href":"https:\/\/shop4trac.com\/es\/wp-json\/wp\/v2\/media?parent=14982"}],"wp:term":[{"taxonomy":"product_cat","embeddable":true,"href":"https:\/\/shop4trac.com\/es\/wp-json\/wp\/v2\/product_cat?post=14982"},{"taxonomy":"product_tag","embeddable":true,"href":"https:\/\/shop4trac.com\/es\/wp-json\/wp\/v2\/product_tag?post=14982"}],"curies":[{"name":"wp","href":"https:\/\/api.w.org\/{rel}","templated":true}]}}